{"id":9807,"date":"2023-03-09T09:36:12","date_gmt":"2023-03-09T08:36:12","guid":{"rendered":"https:\/\/iparksa.com\/politica-de-uso-de-trasteros\/"},"modified":"2023-06-09T12:24:34","modified_gmt":"2023-06-09T10:24:34","slug":"politica-de-uso-de-trasteros","status":"publish","type":"page","link":"https:\/\/iparksa.com\/pt-pt\/politica-de-uso-de-trasteros\/","title":{"rendered":"Pol\u00edtica de uso da sala de armazenamento"},"content":{"rendered":"<div class=\"wpb-content-wrapper\"><p>[vc_row][vc_column][vc_empty_space height=&#8221;5vh&#8221;][vc_custom_heading text=&#8221;REGULAMENTOS PARA O ARRENDAMENTO DE ARMAZ\u00c9NS&#8221; font_container=&#8221;tag:h2|text_align:center&#8221; use_theme_fonts=&#8221;yes&#8221;][\/vc_column][\/vc_row][vc_row][vc_column][vc_column_text]Este documento inclui as normas que regulam o uso e usufruto do arrendamento de armaz\u00e9ns pelo iPARK ESTACATIONAMIENTOS Y SERVICIOS DE MOBILIDAD, SAU | CIF A01516640 | Camino de las Ceudas, 2bis \u2013 28232 Las Rozas de Madrid (Madrid) e qualquer uma de suas filiais, doravante propriet\u00e1rio iPARK.<\/p>\n<p>Os CLIENTES\/ARRENDAT\u00c1RIOS, como pessoas singulares ou coletivas que adquirem o direito de utilizar o armaz\u00e9m em troca de um pagamento peri\u00f3dico, est\u00e3o sujeitos \u00e0s seguintes condi\u00e7\u00f5es:[\/vc_column_text][vc_column_text]<strong>PRE\u00c7O E FORMA DE PAGAMENTO<\/strong><\/p>\n<ol>\n<li>O cliente\/arrendat\u00e1rio obriga-se a pagar ao propriet\u00e1rio iPARK o pre\u00e7o que estiver definido na oferta e\/ou no contrato durante a vig\u00eancia do mesmo.<\/li>\n<\/ol>\n<ul>\n<li>\u00a0No caso de contratos celebrados no Parque de Estacionamento, o pagamento ser\u00e1 feito mensalmente entre os dias 1 e 10 de cada m\u00eas atrav\u00e9s de recibo de d\u00e9bito direto ou debitado no seu cart\u00e3o de cr\u00e9dito\/d\u00e9bito no dia 1\u00ba dia de cada m\u00eas.<\/li>\n<li>No caso de contrata\u00e7\u00e3o on-line, o cart\u00e3o de cr\u00e9dito\/d\u00e9bito ser\u00e1 debitado imediatamente ap\u00f3s a compra e ser\u00e1 repetido com a frequ\u00eancia acordada durante o per\u00edodo de vig\u00eancia do contrato.<\/li>\n<\/ul>\n<ol start=\"2\">\n<li>O n\u00e3o pagamento do arrendamento do espa\u00e7o por mais de trinta (30) dias resultar\u00e1 na rescis\u00e3o do contrato e o propriet\u00e1rio iPARK poder\u00e1 aceder ao lugar do armaz\u00e9m, proceder ao retiro dos bens\/produtos para o dep\u00f3sito e fazer usufruto do espa\u00e7o.<\/li>\n<li>A rescis\u00e3o deste contrato, ainda que tempor\u00e1ria, n\u00e3o garante a sua posterior renova\u00e7\u00e3o.<\/li>\n<li>Os pre\u00e7os dos armaz\u00e9ns contratados s\u00e3o v\u00e1lidos para o ano em curso e podem ser revistos pelo iPARK\/propriet\u00e1rio pelo menos uma vez por ano e com um pr\u00e9-aviso m\u00ednimo de 30 dias.<\/li>\n<li>O propriet\u00e1rio iPARK reserva-se o direito de n\u00e3o renovar os armaz\u00e9ns para al\u00e9m do per\u00edodo contratado.<\/li>\n<li>Os contratos celebrados no Parque de Estacionamento entre os dias 1 e 14 de cada m\u00eas, inclusive, devem ser pagos pelo montante total do m\u00eas; caso contr\u00e1rio, o montante ser\u00e1 rateado de acordo com o n\u00famero de dias do m\u00eas civil correspondente. No caso de contratos on-line, o prazo contratual ser\u00e1 sempre de data a data.<\/li>\n<\/ol>\n<p><strong>USO E FINALIDADE<\/strong><\/p>\n<ol start=\"7\">\n<li>O cliente\/arrendat\u00e1rio n\u00e3o pode ceder ou recolocar, no todo ou em parte, o contrato ou qualquer das suas obriga\u00e7\u00f5es e direitos.<\/li>\n<li>O cliente\/arrendat\u00e1rio utilizar\u00e1 o dep\u00f3sito exclusivamente para o armazenamento e dep\u00f3sito de bens im\u00f3veis n\u00e3o degrad\u00e1veis. Qualquer outro tipo de utiliza\u00e7\u00e3o, como habita\u00e7\u00e3o, oficina ou armazenamento de produtos perec\u00edveis, l\u00edquidos, mercadorias perigosas ou seres vivos, ainda que temporariamente, \u00e9 expressamente proibido. O cliente\/arrendat\u00e1rio ser\u00e1 respons\u00e1vel pelos danos que a empresa propriet\u00e1ria (iPARK) possa sofrer em consequ\u00eancia deste incumprimento.<\/li>\n<li>O cliente\/arrendat\u00e1rio n\u00e3o poder\u00e1 ligar nenhum aparelho que necessite de energia el\u00e9trica.<\/li>\n<li>O CLIENTE\/ARRENDAT\u00c1RIO est\u00e1 estritamente proibido de realizar qualquer tipo de instala\u00e7\u00e3o, trabalho ou pintura nas instala\u00e7\u00f5es alugadas, a menos que autorizado pelo propriet\u00e1rio iPARK.<\/li>\n<li>O arrendamento \u00e9 limitado apenas ao espa\u00e7o fechado do armaz\u00e9m, e a porta deve ser mantida sempre fechada.<\/li>\n<li>O arrendat\u00e1rio declara ter conhecimento e aceitar estas Condi\u00e7\u00f5es de Utiliza\u00e7\u00e3o, e declara tamb\u00e9m que est\u00e1 ciente das caracter\u00edsticas f\u00edsicas do local de armazenamento. Do mesmo modo, comprometendo-se a cumprir as obriga\u00e7\u00f5es que tanto os Estatutos da Comunidade dos Propriet\u00e1rios de Propriedades como as Portarias Municipais estabelecem sobre a mat\u00e9ria.<\/li>\n<\/ol>\n<p><strong>ASSIST\u00caNCIA<\/strong><\/p>\n<ol start=\"13\">\n<li>A fim de resolver qualquer incidente, o CLIENTE deve contactar o pessoal do parque de estacionamento pessoalmente ou atrav\u00e9s dos intercomunicadores.<\/li>\n<\/ol>\n<p><strong>ACESSO<\/strong><\/p>\n<ol start=\"14\">\n<li>O CLIENTE\/ARRENDAT\u00c1RIO ter\u00e1 acesso 24 horas por dia, tanto a pe\u00f5es como a ve\u00edculos, com o parqu\u00edmetro de estacionamento permitido.<\/li>\n<li>O CLIENTE\/ARRENDAT\u00c1RIO dever\u00e1 ter um cart\u00e3o pessoal e intransmiss\u00edvel atribu\u00eddo ao seu cart\u00e3o de estacionamento para poder aceder ao parque de estacionamento com o seu ve\u00edculo durante uma hora por dia. O arrendat\u00e1rio\/cliente dever\u00e1 notificar imediatamente o parque de estacionamento atrav\u00e9s de uma destas formas seguintes: endere\u00e7o eletr\u00f3nico do parque de estacionamento | <a href=\"mailto:clientes@ipark.es\">clientes@ipark.es<\/a> | Central de Controlo do Parque de Estacionamento.<\/li>\n<li>Em caso de perda ou deteriora\u00e7\u00e3o do cart\u00e3o que foi-lhe atribu\u00eddo, bem como pela emiss\u00e3o de duplicados, o cliente deve pagar 10 euros, com IVA inclu\u00eddo, por cada um novo cart\u00e3o.<\/li>\n<li>O CLIENTE\/ARRENDAT\u00c1RIO poder\u00e1 autorizar at\u00e9 duas matr\u00edculas para o uso do armaz\u00e9m.<\/li>\n<li>Nenhum ve\u00edculo para al\u00e9m dos autorizados pela iPARK que estejam nas condi\u00e7\u00f5es do contrato ser\u00e3o autorizados a ter acesso ao mesmo.<\/li>\n<li>Se desejar utilizar um ve\u00edculo diferente dos autorizados, dever\u00e1 faz\u00ea-lo como novo cliente e pagar a estadia de acordo com os pre\u00e7os por minuto em vigor estipulados nas tarifas atuais, sem direito a qualquer reembolso posterior.<\/li>\n<li>Em caso de acesso ao armaz\u00e9m com um ve\u00edculo, ter\u00e1 um m\u00e1ximo de uma hora livre de encargos; ap\u00f3s este per\u00edodo, ter\u00e1 de pagar pelo tempo que ficar nesse espa\u00e7o de acordo com os pre\u00e7os por minuto em vigor estipulados na tarifa do iPARK.<\/li>\n<li>Os CLIENTES\/ ARRENDAT\u00c1RIOS que n\u00e3o tenham consigo o seu cart\u00e3o \u00e0 entrada do parque de estacionamento devem dirigir-se ao Centro de Controlo para obter um duplicado do cart\u00e3o ou pagar a taxa de estacionamento \u00e0 tarifa atual.<\/li>\n<li>O CLIENTE\/ ARRENDAT\u00c1RIO deve estacionar o seu ve\u00edculo num \u00fanico lugar. Caso o estacionamento for efetuado ocupando dois lugares, o segundo lugar ser\u00e1 pago \u00e0 taxa do pre\u00e7o di\u00e1rio em vigor.<\/li>\n<li>O acesso com um ve\u00edculo n\u00e3o dar\u00e1 prefer\u00eancia na entrada no parque de estacionamento se for o caso de estarem outros ve\u00edculos \u00e0 espera.<\/li>\n<\/ol>\n<p><strong>\u00a0RESOLU\u00c7\u00c3O DO CONTRATO<\/strong><\/p>\n<ol start=\"24\">\n<li>O CLIENTE\/ ARRENDAT\u00c1RIO pode cancelar o contrato a qualquer momento, enviando uma notifica\u00e7\u00e3o para o endere\u00e7o de e-mail do parque de estacionamento ou para <a href=\"mailto:clientes@ipark.es\">clientes@ipark.es<\/a> . A este respeito, ter\u00e1 at\u00e9 ao final do m\u00eas para remover todos os bens armazenados no parque de estacionamento, de modo que no dia seguinte \u00e0 data de expira\u00e7\u00e3o, possa ser utilizado por um novo cliente\/usu\u00e1rio. Os bens que n\u00e3o forem removidos ser\u00e3o considerados &#8220;abandonados&#8221; e, portanto, o propriet\u00e1rio ser\u00e1 livre de desfazer-se dos mesmos.<\/li>\n<li>Em caso de incumprimento das condi\u00e7\u00f5es de armazenamento, o propriet\u00e1rio iPARK pode rescindir o contrato com um pr\u00e9-aviso de cinco (5) dias.<\/li>\n<li>A devolu\u00e7\u00e3o do comprovativo de pagamento implica a perda imediata do direito ao usufruto do espa\u00e7o em armaz\u00e9m, podendo o contrato assim existente ser rescindido.<\/li>\n<li>Nos casos de contratos f\u00edsicos o arrendat\u00e1rio\/cliente dever\u00e1 efetuar o pagamento de uma cau\u00e7\u00e3o equivalente a um m\u00eas de renda, que ser\u00e1 devolvida no final do contrato (nos casos de contratos online, n\u00e3o h\u00e1 cau\u00e7\u00e3o).<\/li>\n<\/ol>\n<ul>\n<li>A rescis\u00e3o antecipada do contrato por parte do cliente\/arrendat\u00e1rio implicar\u00e1 a perda do dep\u00f3sito a favor do Propriet\u00e1rio (iPARK).<\/li>\n<\/ul>\n<ol start=\"28\">\n<li>O CLIENTE\/ARRENDAT\u00c1RIO \u00e9 obrigado a devolver o dep\u00f3sito nas mesmas condi\u00e7\u00f5es em que o recebeu, e deve pagar por quaisquer danos para al\u00e9m do desgaste normal, a fim de o deixar nas mesmas condi\u00e7\u00f5es. Em conformidade com o artigo 1563 do C\u00f3digo Civil, o propriet\u00e1rio (iPARK) pode assumir a cau\u00e7\u00e3o para cobrir os danos&#8230;<\/li>\n<\/ol>\n<p><strong>DEVOLU\u00c7\u00d5ES<\/strong><\/p>\n<ol start=\"29\">\n<li>Uma vez contratado o armaz\u00e9m e efetuado o pagamento antecipado (Cau\u00e7\u00e3o), o montante pelo servi\u00e7o n\u00e3o prestado s\u00f3 ser\u00e1 reembolsado se for devido a causas diretamente imput\u00e1veis ao CLIENTE (arrendat\u00e1rio).<\/li>\n<\/ol>\n<p><strong>RESPONSABILIDADE DO PROPRIET\u00c0RIO<\/strong><\/p>\n<ol start=\"30\">\n<li>A Empresa propriet\u00e1ria (iPARK) n\u00e3o se responsabiliza por bens materiais depositados pelo CLIENTE no armaz\u00e9m.<\/li>\n<\/ol>\n<ul>\n<li>A nossa ap\u00f3lice de seguro n\u00e3o cobre o seu conte\u00fado e, portanto, aconselhamo-lo a declarar esse mesmo conte\u00fado na sua ap\u00f3lice de seguro de habita\u00e7\u00e3o.<\/li>\n<li>O CLIENTE, portanto, exonera a empresa propriet\u00e1ria (iPARK) de qualquer responsabilidade decorrente de qualquer incidente, acidente ou disputa que possa surgir devido ao armazenamento deste tipo de bens e renuncia, portanto, a qualquer reclama\u00e7\u00e3o decorrente do mesmo, ficando o dep\u00f3sito dos bens acima mencionados por conta e risco do CLIENTE, a menos que tenha havido fraude, culpa ou neglig\u00eancia por parte da empresa propriet\u00e1ria, nesta hip\u00f3tese em que a responsabilidade da mesma \u00e9 limitada a um m\u00e1ximo de tr\u00eas pagamentos\/presta\u00e7\u00f5es mensais.<\/li>\n<\/ul>\n<p><strong>PROTEC\u00c7\u00c3O DE DADOS<\/strong><\/p>\n<ol start=\"31\">\n<li>Para os efeitos das disposi\u00e7\u00f5es da Lei em Vigor 3\/2018 de 05 de Dezembro, sobre a Prote\u00e7\u00e3o de Dados Pessoais e Garantia dos Direitos Digitais, informamo-lo:<\/li>\n<\/ol>\n<ul>\n<li>Que os dados pessoais que nos s\u00e3o fornecidos atrav\u00e9s do preenchimento deste formul\u00e1rio de registo ser\u00e3o inclu\u00eddos num ficheiro propriedade de iPARK ESTACIONAMIENTOS Y SERVICIOS DE MOBILIDAD, SAU.<\/li>\n<li>Que a finalidade da recolha destes dados \u00e9 somente a de poder gerir o seu contrato.<\/li>\n<li>Os referidos dados poder\u00e3o ser utilizados para fins comerciais, estat\u00edsticos ou operacionais pela iPARK ESTACIONAMIENTOS Y SERVICIOS DE MOVILIDAD, SAU.<\/li>\n<li>Para que possa exercer os seus direitos de acesso, retifica\u00e7\u00e3o, cancelamento e oposi\u00e7\u00e3o escrevendo para iPARK ESTACIONAMIENTOS Y SERVICIOS DE MOBILIDAD, SAU | Camino de las Ceudas, 2bis &#8211; 28232 Las Rozas, Madrid ou para <a href=\"mailto:infoipark@iparksa.com\">infoipark@iparksa.com<\/a> .<\/li>\n<\/ul>\n<p>[\/vc_column_text][\/vc_column][\/vc_row]<\/p>\n<\/div>","protected":false},"excerpt":{"rendered":"<p>[vc_row][vc_column][vc_empty_space height=&#8221;5vh&#8221;][vc_custom_heading text=&#8221;REGULAMENTOS PARA O ARRENDAMENTO DE ARMAZ\u00c9NS&#8221; font_container=&#8221;tag:h2|text_align:center&#8221; use_theme_fonts=&#8221;yes&#8221;][\/vc_column][\/vc_row][vc_row][vc_column][vc_column_text]Este documento inclui as normas que regulam o uso e usufruto do arrendamento de armaz\u00e9ns pelo iPARK ESTACATIONAMIENTOS Y SERVICIOS DE MOBILIDAD, SAU | CIF A01516640 | Camino de las Ceudas, 2bis \u2013 28232 Las Rozas de Madrid (Madrid) e qualquer uma de suas filiais, doravante [&hellip;]<\/p>\n","protected":false},"author":3,"featured_media":0,"parent":0,"menu_order":0,"comment_status":"closed","ping_status":"closed","template":"","meta":{"footnotes":""},"wf_page_folders":[217],"class_list":["post-9807","page","type-page","status-publish","hentry"],"yoast_head":"<!-- This site is optimized with the Yoast SEO plugin v26.5 - https:\/\/yoast.com\/wordpress\/plugins\/seo\/ -->\n<title>Pol\u00edtica de uso da sala de armazenamento - iPark<\/title>\n<meta name=\"robots\" content=\"index, follow, max-snippet:-1, max-image-preview:large, max-video-preview:-1\" \/>\n<link rel=\"canonical\" href=\"https:\/\/iparksa.com\/pt-pt\/politica-de-uso-de-trasteros\/\" \/>\n<meta property=\"og:locale\" content=\"pt_PT\" \/>\n<meta property=\"og:type\" content=\"article\" \/>\n<meta property=\"og:title\" content=\"Pol\u00edtica de uso da sala de armazenamento - iPark\" \/>\n<meta property=\"og:description\" content=\"[vc_row][vc_column][vc_empty_space height=&#8221;5vh&#8221;][vc_custom_heading text=&#8221;REGULAMENTOS PARA O ARRENDAMENTO DE ARMAZ\u00c9NS&#8221; font_container=&#8221;tag:h2|text_align:center&#8221; use_theme_fonts=&#8221;yes&#8221;][\/vc_column][\/vc_row][vc_row][vc_column][vc_column_text]Este documento inclui as normas que regulam o uso e usufruto do arrendamento de armaz\u00e9ns pelo iPARK ESTACATIONAMIENTOS Y SERVICIOS DE MOBILIDAD, SAU | CIF A01516640 | Camino de las Ceudas, 2bis \u2013 28232 Las Rozas de Madrid (Madrid) e qualquer uma de suas filiais, doravante [&hellip;]\" \/>\n<meta property=\"og:url\" content=\"https:\/\/iparksa.com\/pt-pt\/politica-de-uso-de-trasteros\/\" \/>\n<meta property=\"og:site_name\" content=\"iPark\" \/>\n<meta property=\"article:modified_time\" content=\"2023-06-09T10:24:34+00:00\" \/>\n<meta name=\"twitter:card\" content=\"summary_large_image\" \/>\n<meta name=\"twitter:label1\" content=\"Tempo estimado de leitura\" \/>\n\t<meta name=\"twitter:data1\" content=\"7 minutos\" \/>\n<script type=\"application\/ld+json\" class=\"yoast-schema-graph\">{\"@context\":\"https:\/\/schema.org\",\"@graph\":[{\"@type\":\"WebPage\",\"@id\":\"https:\/\/iparksa.com\/pt-pt\/politica-de-uso-de-trasteros\/\",\"url\":\"https:\/\/iparksa.com\/pt-pt\/politica-de-uso-de-trasteros\/\",\"name\":\"Pol\u00edtica de uso da sala de armazenamento - iPark\",\"isPartOf\":{\"@id\":\"https:\/\/iparksa.com\/pt-pt\/#website\"},\"datePublished\":\"2023-03-09T08:36:12+00:00\",\"dateModified\":\"2023-06-09T10:24:34+00:00\",\"breadcrumb\":{\"@id\":\"https:\/\/iparksa.com\/pt-pt\/politica-de-uso-de-trasteros\/#breadcrumb\"},\"inLanguage\":\"pt-PT\",\"potentialAction\":[{\"@type\":\"ReadAction\",\"target\":[\"https:\/\/iparksa.com\/pt-pt\/politica-de-uso-de-trasteros\/\"]}]},{\"@type\":\"BreadcrumbList\",\"@id\":\"https:\/\/iparksa.com\/pt-pt\/politica-de-uso-de-trasteros\/#breadcrumb\",\"itemListElement\":[{\"@type\":\"ListItem\",\"position\":1,\"name\":\"Portada\",\"item\":\"https:\/\/iparksa.com\/pt-pt\/\"},{\"@type\":\"ListItem\",\"position\":2,\"name\":\"Pol\u00edtica de uso da sala de armazenamento\"}]},{\"@type\":\"WebSite\",\"@id\":\"https:\/\/iparksa.com\/pt-pt\/#website\",\"url\":\"https:\/\/iparksa.com\/pt-pt\/\",\"name\":\"iPark\",\"description\":\"Gesti\u00f3n de aparcamientos\",\"potentialAction\":[{\"@type\":\"SearchAction\",\"target\":{\"@type\":\"EntryPoint\",\"urlTemplate\":\"https:\/\/iparksa.com\/pt-pt\/?s={search_term_string}\"},\"query-input\":{\"@type\":\"PropertyValueSpecification\",\"valueRequired\":true,\"valueName\":\"search_term_string\"}}],\"inLanguage\":\"pt-PT\"}]}<\/script>\n<!-- \/ Yoast SEO plugin. -->","yoast_head_json":{"title":"Pol\u00edtica de uso da sala de armazenamento - iPark","robots":{"index":"index","follow":"follow","max-snippet":"max-snippet:-1","max-image-preview":"max-image-preview:large","max-video-preview":"max-video-preview:-1"},"canonical":"https:\/\/iparksa.com\/pt-pt\/politica-de-uso-de-trasteros\/","og_locale":"pt_PT","og_type":"article","og_title":"Pol\u00edtica de uso da sala de armazenamento - iPark","og_description":"[vc_row][vc_column][vc_empty_space height=&#8221;5vh&#8221;][vc_custom_heading text=&#8221;REGULAMENTOS PARA O ARRENDAMENTO DE ARMAZ\u00c9NS&#8221; font_container=&#8221;tag:h2|text_align:center&#8221; use_theme_fonts=&#8221;yes&#8221;][\/vc_column][\/vc_row][vc_row][vc_column][vc_column_text]Este documento inclui as normas que regulam o uso e usufruto do arrendamento de armaz\u00e9ns pelo iPARK ESTACATIONAMIENTOS Y SERVICIOS DE MOBILIDAD, SAU | CIF A01516640 | Camino de las Ceudas, 2bis \u2013 28232 Las Rozas de Madrid (Madrid) e qualquer uma de suas filiais, doravante [&hellip;]","og_url":"https:\/\/iparksa.com\/pt-pt\/politica-de-uso-de-trasteros\/","og_site_name":"iPark","article_modified_time":"2023-06-09T10:24:34+00:00","twitter_card":"summary_large_image","twitter_misc":{"Tempo estimado de leitura":"7 minutos"},"schema":{"@context":"https:\/\/schema.org","@graph":[{"@type":"WebPage","@id":"https:\/\/iparksa.com\/pt-pt\/politica-de-uso-de-trasteros\/","url":"https:\/\/iparksa.com\/pt-pt\/politica-de-uso-de-trasteros\/","name":"Pol\u00edtica de uso da sala de armazenamento - iPark","isPartOf":{"@id":"https:\/\/iparksa.com\/pt-pt\/#website"},"datePublished":"2023-03-09T08:36:12+00:00","dateModified":"2023-06-09T10:24:34+00:00","breadcrumb":{"@id":"https:\/\/iparksa.com\/pt-pt\/politica-de-uso-de-trasteros\/#breadcrumb"},"inLanguage":"pt-PT","potentialAction":[{"@type":"ReadAction","target":["https:\/\/iparksa.com\/pt-pt\/politica-de-uso-de-trasteros\/"]}]},{"@type":"BreadcrumbList","@id":"https:\/\/iparksa.com\/pt-pt\/politica-de-uso-de-trasteros\/#breadcrumb","itemListElement":[{"@type":"ListItem","position":1,"name":"Portada","item":"https:\/\/iparksa.com\/pt-pt\/"},{"@type":"ListItem","position":2,"name":"Pol\u00edtica de uso da sala de armazenamento"}]},{"@type":"WebSite","@id":"https:\/\/iparksa.com\/pt-pt\/#website","url":"https:\/\/iparksa.com\/pt-pt\/","name":"iPark","description":"Gesti\u00f3n de aparcamientos","potentialAction":[{"@type":"SearchAction","target":{"@type":"EntryPoint","urlTemplate":"https:\/\/iparksa.com\/pt-pt\/?s={search_term_string}"},"query-input":{"@type":"PropertyValueSpecification","valueRequired":true,"valueName":"search_term_string"}}],"inLanguage":"pt-PT"}]}},"_links":{"self":[{"href":"https:\/\/iparksa.com\/pt-pt\/wp-json\/wp\/v2\/pages\/9807","targetHints":{"allow":["GET"]}}],"collection":[{"href":"https:\/\/iparksa.com\/pt-pt\/wp-json\/wp\/v2\/pages"}],"about":[{"href":"https:\/\/iparksa.com\/pt-pt\/wp-json\/wp\/v2\/types\/page"}],"author":[{"embeddable":true,"href":"https:\/\/iparksa.com\/pt-pt\/wp-json\/wp\/v2\/users\/3"}],"replies":[{"embeddable":true,"href":"https:\/\/iparksa.com\/pt-pt\/wp-json\/wp\/v2\/comments?post=9807"}],"version-history":[{"count":6,"href":"https:\/\/iparksa.com\/pt-pt\/wp-json\/wp\/v2\/pages\/9807\/revisions"}],"predecessor-version":[{"id":10444,"href":"https:\/\/iparksa.com\/pt-pt\/wp-json\/wp\/v2\/pages\/9807\/revisions\/10444"}],"wp:attachment":[{"href":"https:\/\/iparksa.com\/pt-pt\/wp-json\/wp\/v2\/media?parent=9807"}],"wp:term":[{"taxonomy":"wf_page_folders","embeddable":true,"href":"https:\/\/iparksa.com\/pt-pt\/wp-json\/wp\/v2\/wf_page_folders?post=9807"}],"curies":[{"name":"wp","href":"https:\/\/api.w.org\/{rel}","templated":true}]}}