{"id":6723,"date":"2022-07-07T11:13:52","date_gmt":"2022-07-07T09:13:52","guid":{"rendered":"https:\/\/iparksa.com\/ipark-vitoria-san-jose-mutualia\/abono-fin-de-semana\/"},"modified":"2023-01-23T13:23:10","modified_gmt":"2023-01-23T12:23:10","slug":"abono-fin-de-semana","status":"publish","type":"page","link":"https:\/\/iparksa.com\/pt-pt\/ipark-vitoria-gasteiz-san-jose-mutualia\/abono-fin-de-semana\/","title":{"rendered":"<span class=\"green\">Passe<\/span> Noturno Hospital San Jos\u00e9 Mutualia"},"content":{"rendered":"<div class=\"wpb-content-wrapper\"><p>[vc_row wrap_container=&#8221;yes&#8221; el_id=&#8221;form&#8221; css=&#8221;.vc_custom_1646924522515{padding-right: 3em !important;padding-left: 3em !important;}&#8221;][vc_column][vc_empty_space height=&#8221;50px&#8221;][vc_row_inner][vc_column_inner width=&#8221;1\/3&#8243;][vc_raw_html]JTVCaXBhcmstY29ubmVjdG9yJTNBZm9ybSUyMGlkJTNEJTIyMTM1JTIyJTVE[\/vc_raw_html][\/vc_column_inner][vc_column_inner width=&#8221;2\/3&#8243;][vc_toggle title=&#8221;Descri\u00e7\u00e3o do passe&#8221; open=&#8221;true&#8221; css_animation=&#8221;fadeInDown&#8221;]<p><strong>Hor\u00e1rio<\/strong>: das *19h30 \u00e0s 8h30 *<\/p>\n\n<p><strong>S\u00e1bados, Domingos e Feriados: <ins>estacione 24 horas por dia<\/ins><\/strong><\/p>\n\n<p>Se precisar entrar mais cedo ou sair mais tarde, contrate um <span class=\"caps\">COMPLEMENTO<\/span>. Para isso, ao preencher os campos ap\u00f3s pressionar o bot\u00e3o\n <strong><ins>&#8220;Comprar este Passe&#8221;<\/ins>, escolha <ins>&#8220;Entrada Antecipada&#8221;<\/ins> e\/ou <ins>&#8220;Sa\u00edda Tardia&#8221;<\/ins>, e voc\u00ea pode ter 90 minutos adicionais (entrar uma hora e meia antes e\/ou sair uma hora e meia depois)<\/strong><\/p>\n\n<p>O passe de temporada \u00e9 <strong>sem reserva de assento<\/strong>, ou seja, n\u00e3o \u00e9 atribu\u00eddo um assento espec\u00edfico.<\/p>\n\n<p>Se estacionar o seu carro fora das horas designadas, tanto \u00e0 entrada como \u00e0 sa\u00edda, <strong>n\u00e3o poder\u00e1 compensar*essa hora com as horas de outro dia. Nesse caso, voc\u00ea deve passar pelo caixa para pagar o &#8220;*tempo excedido<\/strong>&#8221;<\/p>\n\n<p>Durante o per\u00edodo de validade da sua assinatura, voc\u00ea pode entrar e sair quantas vezes quiser.<\/p>\n\n<p>N\u00e3o concede direitos de acesso preferencial sobre outros usu\u00e1rios<\/p>[\/vc_toggle][vc_toggle title=&#8221;Como funciona&#8221; css_animation=&#8221;fadeInDown&#8221;]<p>A abertura \u00e9 <strong>pela leitura de placas<\/strong>. Quando voc\u00ea alcan\u00e7ar a barreira, ela se abrir\u00e1 automaticamente.<\/p>\r\n<p>Se a barreira n\u00e3o abrir por algum motivo (por exemplo, se a placa estiver suja, amassada etc.), use o c\u00f3digo QR da sua reserva, e se falhar, retire o t\u00edquete do dispensador e dirija-se \u00e0 cabine de controle.<\/p>[\/vc_toggle][vc_toggle title=&#8221;Descontos&#8221; css_animation=&#8221;fadeInDown&#8221;]<p>Os pre\u00e7os j\u00e1 apresentados incluem o desconto.<\/p>[\/vc_toggle][\/vc_column_inner][\/vc_row_inner][\/vc_column][\/vc_row]<\/p>\n<\/div>","protected":false},"excerpt":{"rendered":"<p>[vc_row wrap_container=&#8221;yes&#8221; el_id=&#8221;form&#8221; css=&#8221;.vc_custom_1646924522515{padding-right: 3em !important;padding-left: 3em !important;}&#8221;][vc_column][vc_empty_space height=&#8221;50px&#8221;][vc_row_inner][vc_column_inner width=&#8221;1\/3&#8243;][vc_raw_html]JTVCaXBhcmstY29ubmVjdG9yJTNBZm9ybSUyMGlkJTNEJTIyMTM1JTIyJTVE[\/vc_raw_html][\/vc_column_inner][vc_column_inner width=&#8221;2\/3&#8243;][vc_toggle title=&#8221;Descri\u00e7\u00e3o do passe&#8221; open=&#8221;true&#8221; css_animation=&#8221;fadeInDown&#8221;][\/vc_toggle][vc_toggle title=&#8221;Como funciona&#8221; css_animation=&#8221;fadeInDown&#8221;][\/vc_toggle][vc_toggle title=&#8221;Descontos&#8221; css_animation=&#8221;fadeInDown&#8221;][\/vc_toggle][\/vc_column_inner][\/vc_row_inner][\/vc_column][\/vc_row]<\/p>\n","protected":false},"author":2,"featured_media":0,"parent":6707,"menu_order":0,"comment_status":"closed","ping_status":"closed","template":"","meta":{"footnotes":""},"wf_page_folders":[135],"class_list":["post-6723","page","type-page","status-publish","hentry"],"yoast_head":"<!-- This site is optimized with the Yoast SEO plugin v26.5 - https:\/\/yoast.com\/wordpress\/plugins\/seo\/ -->\n<title>Passe Noturno Hospital San Jos\u00e9 Mutualia<\/title>\n<meta name=\"robots\" content=\"index, follow, max-snippet:-1, max-image-preview:large, max-video-preview:-1\" \/>\n<link rel=\"canonical\" href=\"https:\/\/iparksa.com\/pt-pt\/ipark-vitoria-gasteiz-san-jose-mutualia\/abono-fin-de-semana\/\" \/>\n<meta property=\"og:locale\" content=\"pt_PT\" \/>\n<meta property=\"og:type\" content=\"article\" \/>\n<meta property=\"og:title\" content=\"Passe Noturno Hospital San Jos\u00e9 Mutualia\" \/>\n<meta property=\"og:description\" content=\"[vc_row wrap_container=&#8221;yes&#8221; el_id=&#8221;form&#8221; css=&#8221;.vc_custom_1646924522515{padding-right: 3em !important;padding-left: 3em !important;}&#8221;][vc_column][vc_empty_space height=&#8221;50px&#8221;][vc_row_inner][vc_column_inner width=&#8221;1\/3&#8243;][vc_raw_html]JTVCaXBhcmstY29ubmVjdG9yJTNBZm9ybSUyMGlkJTNEJTIyMTM1JTIyJTVE[\/vc_raw_html][\/vc_column_inner][vc_column_inner width=&#8221;2\/3&#8243;][vc_toggle title=&#8221;Descri\u00e7\u00e3o do passe&#8221; open=&#8221;true&#8221; css_animation=&#8221;fadeInDown&#8221;][\/vc_toggle][vc_toggle title=&#8221;Como funciona&#8221; css_animation=&#8221;fadeInDown&#8221;][\/vc_toggle][vc_toggle title=&#8221;Descontos&#8221; css_animation=&#8221;fadeInDown&#8221;][\/vc_toggle][\/vc_column_inner][\/vc_row_inner][\/vc_column][\/vc_row]\" \/>\n<meta property=\"og:url\" content=\"https:\/\/iparksa.com\/pt-pt\/ipark-vitoria-gasteiz-san-jose-mutualia\/abono-fin-de-semana\/\" \/>\n<meta property=\"og:site_name\" content=\"iPark\" \/>\n<meta property=\"article:modified_time\" content=\"2023-01-23T12:23:10+00:00\" \/>\n<meta name=\"twitter:card\" content=\"summary_large_image\" \/>\n<meta name=\"twitter:label1\" content=\"Tempo estimado de leitura\" \/>\n\t<meta name=\"twitter:data1\" content=\"1 minuto\" \/>\n<script type=\"application\/ld+json\" class=\"yoast-schema-graph\">{\"@context\":\"https:\/\/schema.org\",\"@graph\":[{\"@type\":\"WebPage\",\"@id\":\"https:\/\/iparksa.com\/pt-pt\/ipark-vitoria-gasteiz-san-jose-mutualia\/abono-fin-de-semana\/\",\"url\":\"https:\/\/iparksa.com\/pt-pt\/ipark-vitoria-gasteiz-san-jose-mutualia\/abono-fin-de-semana\/\",\"name\":\"Passe Noturno Hospital San Jos\u00e9 Mutualia\",\"isPartOf\":{\"@id\":\"https:\/\/iparksa.com\/pt-pt\/#website\"},\"datePublished\":\"2022-07-07T09:13:52+00:00\",\"dateModified\":\"2023-01-23T12:23:10+00:00\",\"breadcrumb\":{\"@id\":\"https:\/\/iparksa.com\/pt-pt\/ipark-vitoria-gasteiz-san-jose-mutualia\/abono-fin-de-semana\/#breadcrumb\"},\"inLanguage\":\"pt-PT\",\"potentialAction\":[{\"@type\":\"ReadAction\",\"target\":[\"https:\/\/iparksa.com\/pt-pt\/ipark-vitoria-gasteiz-san-jose-mutualia\/abono-fin-de-semana\/\"]}]},{\"@type\":\"BreadcrumbList\",\"@id\":\"https:\/\/iparksa.com\/pt-pt\/ipark-vitoria-gasteiz-san-jose-mutualia\/abono-fin-de-semana\/#breadcrumb\",\"itemListElement\":[{\"@type\":\"ListItem\",\"position\":1,\"name\":\"Portada\",\"item\":\"https:\/\/iparksa.com\/pt-pt\/\"},{\"@type\":\"ListItem\",\"position\":2,\"name\":\"Parque de estacionamento San Jos\u00e9 Mutualia\",\"item\":\"https:\/\/iparksa.com\/pt-pt\/ipark-vitoria-gasteiz-san-jose-mutualia\/\"},{\"@type\":\"ListItem\",\"position\":3,\"name\":\"Passe Noturno Hospital San Jos\u00e9 Mutualia\"}]},{\"@type\":\"WebSite\",\"@id\":\"https:\/\/iparksa.com\/pt-pt\/#website\",\"url\":\"https:\/\/iparksa.com\/pt-pt\/\",\"name\":\"iPark\",\"description\":\"Gesti\u00f3n de aparcamientos\",\"potentialAction\":[{\"@type\":\"SearchAction\",\"target\":{\"@type\":\"EntryPoint\",\"urlTemplate\":\"https:\/\/iparksa.com\/pt-pt\/?s={search_term_string}\"},\"query-input\":{\"@type\":\"PropertyValueSpecification\",\"valueRequired\":true,\"valueName\":\"search_term_string\"}}],\"inLanguage\":\"pt-PT\"}]}<\/script>\n<!-- \/ Yoast SEO plugin. -->","yoast_head_json":{"title":"Passe Noturno Hospital San Jos\u00e9 Mutualia","robots":{"index":"index","follow":"follow","max-snippet":"max-snippet:-1","max-image-preview":"max-image-preview:large","max-video-preview":"max-video-preview:-1"},"canonical":"https:\/\/iparksa.com\/pt-pt\/ipark-vitoria-gasteiz-san-jose-mutualia\/abono-fin-de-semana\/","og_locale":"pt_PT","og_type":"article","og_title":"Passe Noturno Hospital San Jos\u00e9 Mutualia","og_description":"[vc_row wrap_container=&#8221;yes&#8221; el_id=&#8221;form&#8221; css=&#8221;.vc_custom_1646924522515{padding-right: 3em !important;padding-left: 3em !important;}&#8221;][vc_column][vc_empty_space height=&#8221;50px&#8221;][vc_row_inner][vc_column_inner width=&#8221;1\/3&#8243;][vc_raw_html]JTVCaXBhcmstY29ubmVjdG9yJTNBZm9ybSUyMGlkJTNEJTIyMTM1JTIyJTVE[\/vc_raw_html][\/vc_column_inner][vc_column_inner width=&#8221;2\/3&#8243;][vc_toggle title=&#8221;Descri\u00e7\u00e3o do passe&#8221; open=&#8221;true&#8221; css_animation=&#8221;fadeInDown&#8221;][\/vc_toggle][vc_toggle title=&#8221;Como funciona&#8221; css_animation=&#8221;fadeInDown&#8221;][\/vc_toggle][vc_toggle title=&#8221;Descontos&#8221; css_animation=&#8221;fadeInDown&#8221;][\/vc_toggle][\/vc_column_inner][\/vc_row_inner][\/vc_column][\/vc_row]","og_url":"https:\/\/iparksa.com\/pt-pt\/ipark-vitoria-gasteiz-san-jose-mutualia\/abono-fin-de-semana\/","og_site_name":"iPark","article_modified_time":"2023-01-23T12:23:10+00:00","twitter_card":"summary_large_image","twitter_misc":{"Tempo estimado de leitura":"1 minuto"},"schema":{"@context":"https:\/\/schema.org","@graph":[{"@type":"WebPage","@id":"https:\/\/iparksa.com\/pt-pt\/ipark-vitoria-gasteiz-san-jose-mutualia\/abono-fin-de-semana\/","url":"https:\/\/iparksa.com\/pt-pt\/ipark-vitoria-gasteiz-san-jose-mutualia\/abono-fin-de-semana\/","name":"Passe Noturno Hospital San Jos\u00e9 Mutualia","isPartOf":{"@id":"https:\/\/iparksa.com\/pt-pt\/#website"},"datePublished":"2022-07-07T09:13:52+00:00","dateModified":"2023-01-23T12:23:10+00:00","breadcrumb":{"@id":"https:\/\/iparksa.com\/pt-pt\/ipark-vitoria-gasteiz-san-jose-mutualia\/abono-fin-de-semana\/#breadcrumb"},"inLanguage":"pt-PT","potentialAction":[{"@type":"ReadAction","target":["https:\/\/iparksa.com\/pt-pt\/ipark-vitoria-gasteiz-san-jose-mutualia\/abono-fin-de-semana\/"]}]},{"@type":"BreadcrumbList","@id":"https:\/\/iparksa.com\/pt-pt\/ipark-vitoria-gasteiz-san-jose-mutualia\/abono-fin-de-semana\/#breadcrumb","itemListElement":[{"@type":"ListItem","position":1,"name":"Portada","item":"https:\/\/iparksa.com\/pt-pt\/"},{"@type":"ListItem","position":2,"name":"Parque de estacionamento San Jos\u00e9 Mutualia","item":"https:\/\/iparksa.com\/pt-pt\/ipark-vitoria-gasteiz-san-jose-mutualia\/"},{"@type":"ListItem","position":3,"name":"Passe Noturno Hospital San Jos\u00e9 Mutualia"}]},{"@type":"WebSite","@id":"https:\/\/iparksa.com\/pt-pt\/#website","url":"https:\/\/iparksa.com\/pt-pt\/","name":"iPark","description":"Gesti\u00f3n de aparcamientos","potentialAction":[{"@type":"SearchAction","target":{"@type":"EntryPoint","urlTemplate":"https:\/\/iparksa.com\/pt-pt\/?s={search_term_string}"},"query-input":{"@type":"PropertyValueSpecification","valueRequired":true,"valueName":"search_term_string"}}],"inLanguage":"pt-PT"}]}},"_links":{"self":[{"href":"https:\/\/iparksa.com\/pt-pt\/wp-json\/wp\/v2\/pages\/6723","targetHints":{"allow":["GET"]}}],"collection":[{"href":"https:\/\/iparksa.com\/pt-pt\/wp-json\/wp\/v2\/pages"}],"about":[{"href":"https:\/\/iparksa.com\/pt-pt\/wp-json\/wp\/v2\/types\/page"}],"author":[{"embeddable":true,"href":"https:\/\/iparksa.com\/pt-pt\/wp-json\/wp\/v2\/users\/2"}],"replies":[{"embeddable":true,"href":"https:\/\/iparksa.com\/pt-pt\/wp-json\/wp\/v2\/comments?post=6723"}],"version-history":[{"count":6,"href":"https:\/\/iparksa.com\/pt-pt\/wp-json\/wp\/v2\/pages\/6723\/revisions"}],"predecessor-version":[{"id":8415,"href":"https:\/\/iparksa.com\/pt-pt\/wp-json\/wp\/v2\/pages\/6723\/revisions\/8415"}],"up":[{"embeddable":true,"href":"https:\/\/iparksa.com\/pt-pt\/wp-json\/wp\/v2\/pages\/6707"}],"wp:attachment":[{"href":"https:\/\/iparksa.com\/pt-pt\/wp-json\/wp\/v2\/media?parent=6723"}],"wp:term":[{"taxonomy":"wf_page_folders","embeddable":true,"href":"https:\/\/iparksa.com\/pt-pt\/wp-json\/wp\/v2\/wf_page_folders?post=6723"}],"curies":[{"name":"wp","href":"https:\/\/api.w.org\/{rel}","templated":true}]}}