{"id":6385,"date":"2022-04-19T10:20:17","date_gmt":"2022-04-19T08:20:17","guid":{"rendered":"https:\/\/iparksa.com\/ipark-madrid-princesa-25\/ipark-city-princesa-25-madrid-abono-mensual\/"},"modified":"2023-04-24T11:02:03","modified_gmt":"2023-04-24T09:02:03","slug":"abono-24h","status":"publish","type":"page","link":"https:\/\/iparksa.com\/pt-pt\/ipark-madrid-princesa-25\/abono-24h\/","title":{"rendered":"<span class=\"green\">Passe<\/span> 24H Princesa 25"},"content":{"rendered":"<div class=\"wpb-content-wrapper\"><p>[vc_row wrap_container=&#8221;yes&#8221; el_id=&#8221;form&#8221; css=&#8221;.vc_custom_1646924522515{padding-right: 3em !important;padding-left: 3em !important;}&#8221;][vc_column][vc_empty_space height=&#8221;50px&#8221;][vc_row_inner][vc_column_inner width=&#8221;1\/3&#8243;][vc_raw_html]JTVCaXBhcmstY29ubmVjdG9yJTNBZm9ybSUyMGlkJTNEJTIyMiUyMiU1RA==[\/vc_raw_html][\/vc_column_inner][vc_column_inner width=&#8221;2\/3&#8243;][vc_toggle title=&#8221;Descri\u00e7\u00e3o do passe&#8221; open=&#8221;true&#8221; css_animation=&#8221;fadeInDown&#8221;]<p>A Assinatura permite estacionar um carro todos os dias do m\u00eas, a qualquer hora.<\/p>\n\n<p>Escolha a data de in\u00edcio de validade da sua assinatura: se voc\u00ea n\u00e3o disser nada, ser\u00e1 a data da compra.<\/p>\n\n<p>O passe de \u00e9poca garante a entrada e o estacionamento, <ins>mas n\u00e3o est\u00e1 atribu\u00eddo um lugar espec\u00edfico<\/ins>.<\/p>\n\n<p>Durante o tempo que durar a assinatura, voc\u00ea pode entrar e sair do carro quantas vezes precisar.<\/p>\n\n<p>N\u00e3o concede direitos de acesso preferencial sobre outros usu\u00e1rios<\/p>[\/vc_toggle][vc_toggle title=&#8221;Como funciona&#8221; css_animation=&#8221;fadeInDown&#8221;]<p>A abertura \u00e9 <strong>pela leitura de placas<\/strong>. Quando voc\u00ea alcan\u00e7ar a barreira, ela se abrir\u00e1 automaticamente.<\/p>\n\n<p>Se a barreira n\u00e3o abrir por algum motivo (por exemplo, se a placa estiver suja, amassada etc.), use o c\u00f3digo QR da sua reserva, e se falhar, retire o t\u00edquete do dispensador e dirija-se \u00e0 cabine de controle.<\/p>[\/vc_toggle][vc_toggle title=&#8221;Descontos&#8221; css_animation=&#8221;fadeInDown&#8221;]Os pre\u00e7os apresentados j\u00e1 incluem o desconto.<\/p>\n<p>Se precisar de mais dias de reserva, entre em contato conosco.[\/vc_toggle][\/vc_column_inner][\/vc_row_inner][\/vc_column][\/vc_row]<\/p>\n<\/div>","protected":false},"excerpt":{"rendered":"<p>[vc_row wrap_container=&#8221;yes&#8221; el_id=&#8221;form&#8221; css=&#8221;.vc_custom_1646924522515{padding-right: 3em !important;padding-left: 3em !important;}&#8221;][vc_column][vc_empty_space height=&#8221;50px&#8221;][vc_row_inner][vc_column_inner width=&#8221;1\/3&#8243;][vc_raw_html]JTVCaXBhcmstY29ubmVjdG9yJTNBZm9ybSUyMGlkJTNEJTIyMiUyMiU1RA==[\/vc_raw_html][\/vc_column_inner][vc_column_inner width=&#8221;2\/3&#8243;][vc_toggle title=&#8221;Descri\u00e7\u00e3o do passe&#8221; open=&#8221;true&#8221; css_animation=&#8221;fadeInDown&#8221;][\/vc_toggle][vc_toggle title=&#8221;Como funciona&#8221; css_animation=&#8221;fadeInDown&#8221;][\/vc_toggle][vc_toggle title=&#8221;Descontos&#8221; css_animation=&#8221;fadeInDown&#8221;]Os pre\u00e7os apresentados j\u00e1 incluem o desconto. Se precisar de mais dias de reserva, entre em contato conosco.[\/vc_toggle][\/vc_column_inner][\/vc_row_inner][\/vc_column][\/vc_row]<\/p>\n","protected":false},"author":2,"featured_media":0,"parent":2388,"menu_order":0,"comment_status":"closed","ping_status":"closed","template":"","meta":{"footnotes":""},"wf_page_folders":[108],"class_list":["post-6385","page","type-page","status-publish","hentry"],"yoast_head":"<!-- This site is optimized with the Yoast SEO plugin v26.5 - https:\/\/yoast.com\/wordpress\/plugins\/seo\/ -->\n<title>Passe 24H Princesa 25<\/title>\n<meta name=\"robots\" content=\"index, follow, max-snippet:-1, max-image-preview:large, max-video-preview:-1\" \/>\n<link rel=\"canonical\" href=\"https:\/\/iparksa.com\/pt-pt\/ipark-madrid-princesa-25\/abono-24h\/\" \/>\n<meta property=\"og:locale\" content=\"pt_PT\" \/>\n<meta property=\"og:type\" content=\"article\" \/>\n<meta property=\"og:title\" content=\"Passe 24H Princesa 25\" \/>\n<meta property=\"og:description\" content=\"[vc_row wrap_container=&#8221;yes&#8221; el_id=&#8221;form&#8221; css=&#8221;.vc_custom_1646924522515{padding-right: 3em !important;padding-left: 3em !important;}&#8221;][vc_column][vc_empty_space height=&#8221;50px&#8221;][vc_row_inner][vc_column_inner width=&#8221;1\/3&#8243;][vc_raw_html]JTVCaXBhcmstY29ubmVjdG9yJTNBZm9ybSUyMGlkJTNEJTIyMiUyMiU1RA==[\/vc_raw_html][\/vc_column_inner][vc_column_inner width=&#8221;2\/3&#8243;][vc_toggle title=&#8221;Descri\u00e7\u00e3o do passe&#8221; open=&#8221;true&#8221; css_animation=&#8221;fadeInDown&#8221;][\/vc_toggle][vc_toggle title=&#8221;Como funciona&#8221; css_animation=&#8221;fadeInDown&#8221;][\/vc_toggle][vc_toggle title=&#8221;Descontos&#8221; css_animation=&#8221;fadeInDown&#8221;]Os pre\u00e7os apresentados j\u00e1 incluem o desconto. Se precisar de mais dias de reserva, entre em contato conosco.[\/vc_toggle][\/vc_column_inner][\/vc_row_inner][\/vc_column][\/vc_row]\" \/>\n<meta property=\"og:url\" content=\"https:\/\/iparksa.com\/pt-pt\/ipark-madrid-princesa-25\/abono-24h\/\" \/>\n<meta property=\"og:site_name\" content=\"iPark\" \/>\n<meta property=\"article:modified_time\" content=\"2023-04-24T09:02:03+00:00\" \/>\n<meta name=\"twitter:card\" content=\"summary_large_image\" \/>\n<meta name=\"twitter:label1\" content=\"Tempo estimado de leitura\" \/>\n\t<meta name=\"twitter:data1\" content=\"1 minuto\" \/>\n<script type=\"application\/ld+json\" class=\"yoast-schema-graph\">{\"@context\":\"https:\/\/schema.org\",\"@graph\":[{\"@type\":\"WebPage\",\"@id\":\"https:\/\/iparksa.com\/pt-pt\/ipark-madrid-princesa-25\/abono-24h\/\",\"url\":\"https:\/\/iparksa.com\/pt-pt\/ipark-madrid-princesa-25\/abono-24h\/\",\"name\":\"Passe 24H Princesa 25\",\"isPartOf\":{\"@id\":\"https:\/\/iparksa.com\/pt-pt\/#website\"},\"datePublished\":\"2022-04-19T08:20:17+00:00\",\"dateModified\":\"2023-04-24T09:02:03+00:00\",\"breadcrumb\":{\"@id\":\"https:\/\/iparksa.com\/pt-pt\/ipark-madrid-princesa-25\/abono-24h\/#breadcrumb\"},\"inLanguage\":\"pt-PT\",\"potentialAction\":[{\"@type\":\"ReadAction\",\"target\":[\"https:\/\/iparksa.com\/pt-pt\/ipark-madrid-princesa-25\/abono-24h\/\"]}]},{\"@type\":\"BreadcrumbList\",\"@id\":\"https:\/\/iparksa.com\/pt-pt\/ipark-madrid-princesa-25\/abono-24h\/#breadcrumb\",\"itemListElement\":[{\"@type\":\"ListItem\",\"position\":1,\"name\":\"Portada\",\"item\":\"https:\/\/iparksa.com\/pt-pt\/\"},{\"@type\":\"ListItem\",\"position\":2,\"name\":\"Parque de estacionamento Princesa 25\",\"item\":\"https:\/\/iparksa.com\/pt-pt\/ipark-madrid-princesa-25\/\"},{\"@type\":\"ListItem\",\"position\":3,\"name\":\"Passe 24H Princesa 25\"}]},{\"@type\":\"WebSite\",\"@id\":\"https:\/\/iparksa.com\/pt-pt\/#website\",\"url\":\"https:\/\/iparksa.com\/pt-pt\/\",\"name\":\"iPark\",\"description\":\"Gesti\u00f3n de aparcamientos\",\"potentialAction\":[{\"@type\":\"SearchAction\",\"target\":{\"@type\":\"EntryPoint\",\"urlTemplate\":\"https:\/\/iparksa.com\/pt-pt\/?s={search_term_string}\"},\"query-input\":{\"@type\":\"PropertyValueSpecification\",\"valueRequired\":true,\"valueName\":\"search_term_string\"}}],\"inLanguage\":\"pt-PT\"}]}<\/script>\n<!-- \/ Yoast SEO plugin. -->","yoast_head_json":{"title":"Passe 24H Princesa 25","robots":{"index":"index","follow":"follow","max-snippet":"max-snippet:-1","max-image-preview":"max-image-preview:large","max-video-preview":"max-video-preview:-1"},"canonical":"https:\/\/iparksa.com\/pt-pt\/ipark-madrid-princesa-25\/abono-24h\/","og_locale":"pt_PT","og_type":"article","og_title":"Passe 24H Princesa 25","og_description":"[vc_row wrap_container=&#8221;yes&#8221; el_id=&#8221;form&#8221; css=&#8221;.vc_custom_1646924522515{padding-right: 3em !important;padding-left: 3em !important;}&#8221;][vc_column][vc_empty_space height=&#8221;50px&#8221;][vc_row_inner][vc_column_inner width=&#8221;1\/3&#8243;][vc_raw_html]JTVCaXBhcmstY29ubmVjdG9yJTNBZm9ybSUyMGlkJTNEJTIyMiUyMiU1RA==[\/vc_raw_html][\/vc_column_inner][vc_column_inner width=&#8221;2\/3&#8243;][vc_toggle title=&#8221;Descri\u00e7\u00e3o do passe&#8221; open=&#8221;true&#8221; css_animation=&#8221;fadeInDown&#8221;][\/vc_toggle][vc_toggle title=&#8221;Como funciona&#8221; css_animation=&#8221;fadeInDown&#8221;][\/vc_toggle][vc_toggle title=&#8221;Descontos&#8221; css_animation=&#8221;fadeInDown&#8221;]Os pre\u00e7os apresentados j\u00e1 incluem o desconto. Se precisar de mais dias de reserva, entre em contato conosco.[\/vc_toggle][\/vc_column_inner][\/vc_row_inner][\/vc_column][\/vc_row]","og_url":"https:\/\/iparksa.com\/pt-pt\/ipark-madrid-princesa-25\/abono-24h\/","og_site_name":"iPark","article_modified_time":"2023-04-24T09:02:03+00:00","twitter_card":"summary_large_image","twitter_misc":{"Tempo estimado de leitura":"1 minuto"},"schema":{"@context":"https:\/\/schema.org","@graph":[{"@type":"WebPage","@id":"https:\/\/iparksa.com\/pt-pt\/ipark-madrid-princesa-25\/abono-24h\/","url":"https:\/\/iparksa.com\/pt-pt\/ipark-madrid-princesa-25\/abono-24h\/","name":"Passe 24H Princesa 25","isPartOf":{"@id":"https:\/\/iparksa.com\/pt-pt\/#website"},"datePublished":"2022-04-19T08:20:17+00:00","dateModified":"2023-04-24T09:02:03+00:00","breadcrumb":{"@id":"https:\/\/iparksa.com\/pt-pt\/ipark-madrid-princesa-25\/abono-24h\/#breadcrumb"},"inLanguage":"pt-PT","potentialAction":[{"@type":"ReadAction","target":["https:\/\/iparksa.com\/pt-pt\/ipark-madrid-princesa-25\/abono-24h\/"]}]},{"@type":"BreadcrumbList","@id":"https:\/\/iparksa.com\/pt-pt\/ipark-madrid-princesa-25\/abono-24h\/#breadcrumb","itemListElement":[{"@type":"ListItem","position":1,"name":"Portada","item":"https:\/\/iparksa.com\/pt-pt\/"},{"@type":"ListItem","position":2,"name":"Parque de estacionamento Princesa 25","item":"https:\/\/iparksa.com\/pt-pt\/ipark-madrid-princesa-25\/"},{"@type":"ListItem","position":3,"name":"Passe 24H Princesa 25"}]},{"@type":"WebSite","@id":"https:\/\/iparksa.com\/pt-pt\/#website","url":"https:\/\/iparksa.com\/pt-pt\/","name":"iPark","description":"Gesti\u00f3n de aparcamientos","potentialAction":[{"@type":"SearchAction","target":{"@type":"EntryPoint","urlTemplate":"https:\/\/iparksa.com\/pt-pt\/?s={search_term_string}"},"query-input":{"@type":"PropertyValueSpecification","valueRequired":true,"valueName":"search_term_string"}}],"inLanguage":"pt-PT"}]}},"_links":{"self":[{"href":"https:\/\/iparksa.com\/pt-pt\/wp-json\/wp\/v2\/pages\/6385","targetHints":{"allow":["GET"]}}],"collection":[{"href":"https:\/\/iparksa.com\/pt-pt\/wp-json\/wp\/v2\/pages"}],"about":[{"href":"https:\/\/iparksa.com\/pt-pt\/wp-json\/wp\/v2\/types\/page"}],"author":[{"embeddable":true,"href":"https:\/\/iparksa.com\/pt-pt\/wp-json\/wp\/v2\/users\/2"}],"replies":[{"embeddable":true,"href":"https:\/\/iparksa.com\/pt-pt\/wp-json\/wp\/v2\/comments?post=6385"}],"version-history":[{"count":7,"href":"https:\/\/iparksa.com\/pt-pt\/wp-json\/wp\/v2\/pages\/6385\/revisions"}],"predecessor-version":[{"id":7163,"href":"https:\/\/iparksa.com\/pt-pt\/wp-json\/wp\/v2\/pages\/6385\/revisions\/7163"}],"up":[{"embeddable":true,"href":"https:\/\/iparksa.com\/pt-pt\/wp-json\/wp\/v2\/pages\/2388"}],"wp:attachment":[{"href":"https:\/\/iparksa.com\/pt-pt\/wp-json\/wp\/v2\/media?parent=6385"}],"wp:term":[{"taxonomy":"wf_page_folders","embeddable":true,"href":"https:\/\/iparksa.com\/pt-pt\/wp-json\/wp\/v2\/wf_page_folders?post=6385"}],"curies":[{"name":"wp","href":"https:\/\/api.w.org\/{rel}","templated":true}]}}