{"id":6227,"date":"2022-07-06T10:45:45","date_gmt":"2022-07-06T08:45:45","guid":{"rendered":"https:\/\/iparksa.com\/ipark-cordoba-cordoba-centro\/abono-moto\/"},"modified":"2023-01-23T11:17:51","modified_gmt":"2023-01-23T10:17:51","slug":"abono-moto","status":"publish","type":"page","link":"https:\/\/iparksa.com\/pt-pt\/ipark-cordoba-cordoba-centro\/abono-moto\/","title":{"rendered":"<span class=\"green\">Passe<\/span> De motocicleta C\u00f3rdoba centro"},"content":{"rendered":"<div class=\"wpb-content-wrapper\"><p>[vc_row wrap_container=&#8221;yes&#8221; el_id=&#8221;form&#8221; css=&#8221;.vc_custom_1646924522515{padding-right: 3em !important;padding-left: 3em !important;}&#8221;][vc_column][vc_empty_space height=&#8221;50px&#8221;][vc_row_inner][vc_column_inner width=&#8221;1\/3&#8243;][vc_raw_html]JTVCaXBhcmstY29ubmVjdG9yJTNBZm9ybSUyMGlkJTNEJTIyNTklMjIlNUQ=[\/vc_raw_html][\/vc_column_inner][vc_column_inner width=&#8221;2\/3&#8243;][vc_toggle title=&#8221;Descri\u00e7\u00e3o do passe&#8221; open=&#8221;true&#8221; css_animation=&#8221;fadeInDown&#8221;]<p>Estacione sua motocicleta todos os dias a qualquer hora.<\/p>\n\n<p>Escolha a <strong>data de in\u00edcio<\/strong> de validade da sua Assinatura: se n\u00e3o disser nada, ser\u00e1 a data da compra.<\/p>\n\n<p>Escolha os meses de validade da sua Assinatura. <strong>Seu desconto<\/strong> cresce em fun\u00e7\u00e3o dos meses contratados.<\/p>\n\n<p>O pre\u00e7o apresentado \u00e9 o equivalente mensal mais barato.<\/p>\n\n<p>O passe garante entrada e estacionamento, mas n\u00e3o \u00e9 atribui um cargo espec\u00edfico, mas ser\u00e1 atribu\u00eddo pelo pessoal do<br \/>\nestacionamento.<\/p>\n\n<p>Durante o tempo que durar a assinatura, voc\u00ea pode entrar e sair da moto quantas vezes precisar.<\/p>\n\n<p>N\u00e3o concede direitos de acesso preferencial sobre outros usu\u00e1rios<\/p>[\/vc_toggle][vc_toggle title=&#8221;Como funciona&#8221; css_animation=&#8221;fadeInDown&#8221;]<p>A abertura \u00e9 <strong>pela leitura de placas<\/strong>. Quando voc\u00ea alcan\u00e7ar a barreira, ela se abrir\u00e1 automaticamente.<\/p>\n\n<p>Se a barreira n\u00e3o abrir por algum motivo (por exemplo, se a placa estiver suja, amassada etc.), retire o t\u00edquete do dispensador e dirija-se \u00e0 cabine de controle.<\/p>[\/vc_toggle][vc_toggle title=&#8221;Descontos&#8221; css_animation=&#8221;fadeInDown&#8221;]<p>Os pre\u00e7os j\u00e1 apresentados incluem o desconto.<\/p>[\/vc_toggle][\/vc_column_inner][\/vc_row_inner][\/vc_column][\/vc_row]<\/p>\n<\/div>","protected":false},"excerpt":{"rendered":"<p>[vc_row wrap_container=&#8221;yes&#8221; el_id=&#8221;form&#8221; css=&#8221;.vc_custom_1646924522515{padding-right: 3em !important;padding-left: 3em !important;}&#8221;][vc_column][vc_empty_space height=&#8221;50px&#8221;][vc_row_inner][vc_column_inner width=&#8221;1\/3&#8243;][vc_raw_html]JTVCaXBhcmstY29ubmVjdG9yJTNBZm9ybSUyMGlkJTNEJTIyNTklMjIlNUQ=[\/vc_raw_html][\/vc_column_inner][vc_column_inner width=&#8221;2\/3&#8243;][vc_toggle title=&#8221;Descri\u00e7\u00e3o do passe&#8221; open=&#8221;true&#8221; css_animation=&#8221;fadeInDown&#8221;][\/vc_toggle][vc_toggle title=&#8221;Como funciona&#8221; css_animation=&#8221;fadeInDown&#8221;][\/vc_toggle][vc_toggle title=&#8221;Descontos&#8221; css_animation=&#8221;fadeInDown&#8221;][\/vc_toggle][\/vc_column_inner][\/vc_row_inner][\/vc_column][\/vc_row]<\/p>\n","protected":false},"author":2,"featured_media":0,"parent":5983,"menu_order":0,"comment_status":"closed","ping_status":"closed","template":"","meta":{"footnotes":""},"wf_page_folders":[125],"class_list":["post-6227","page","type-page","status-publish","hentry"],"yoast_head":"<!-- This site is optimized with the Yoast SEO plugin v26.5 - https:\/\/yoast.com\/wordpress\/plugins\/seo\/ -->\n<title>Passe De motocicleta C\u00f3rdoba centro<\/title>\n<meta name=\"robots\" content=\"index, follow, max-snippet:-1, max-image-preview:large, max-video-preview:-1\" \/>\n<link rel=\"canonical\" href=\"https:\/\/iparksa.com\/pt-pt\/ipark-cordoba-cordoba-centro\/abono-moto\/\" \/>\n<meta property=\"og:locale\" content=\"pt_PT\" \/>\n<meta property=\"og:type\" content=\"article\" \/>\n<meta property=\"og:title\" content=\"Passe De motocicleta C\u00f3rdoba centro\" \/>\n<meta property=\"og:description\" content=\"[vc_row wrap_container=&#8221;yes&#8221; el_id=&#8221;form&#8221; css=&#8221;.vc_custom_1646924522515{padding-right: 3em !important;padding-left: 3em !important;}&#8221;][vc_column][vc_empty_space height=&#8221;50px&#8221;][vc_row_inner][vc_column_inner width=&#8221;1\/3&#8243;][vc_raw_html]JTVCaXBhcmstY29ubmVjdG9yJTNBZm9ybSUyMGlkJTNEJTIyNTklMjIlNUQ=[\/vc_raw_html][\/vc_column_inner][vc_column_inner width=&#8221;2\/3&#8243;][vc_toggle title=&#8221;Descri\u00e7\u00e3o do passe&#8221; open=&#8221;true&#8221; css_animation=&#8221;fadeInDown&#8221;][\/vc_toggle][vc_toggle title=&#8221;Como funciona&#8221; css_animation=&#8221;fadeInDown&#8221;][\/vc_toggle][vc_toggle title=&#8221;Descontos&#8221; css_animation=&#8221;fadeInDown&#8221;][\/vc_toggle][\/vc_column_inner][\/vc_row_inner][\/vc_column][\/vc_row]\" \/>\n<meta property=\"og:url\" content=\"https:\/\/iparksa.com\/pt-pt\/ipark-cordoba-cordoba-centro\/abono-moto\/\" \/>\n<meta property=\"og:site_name\" content=\"iPark\" \/>\n<meta property=\"article:modified_time\" content=\"2023-01-23T10:17:51+00:00\" \/>\n<meta name=\"twitter:card\" content=\"summary_large_image\" \/>\n<meta name=\"twitter:label1\" content=\"Tempo estimado de leitura\" \/>\n\t<meta name=\"twitter:data1\" content=\"1 minuto\" \/>\n<script type=\"application\/ld+json\" class=\"yoast-schema-graph\">{\"@context\":\"https:\/\/schema.org\",\"@graph\":[{\"@type\":\"WebPage\",\"@id\":\"https:\/\/iparksa.com\/pt-pt\/ipark-cordoba-cordoba-centro\/abono-moto\/\",\"url\":\"https:\/\/iparksa.com\/pt-pt\/ipark-cordoba-cordoba-centro\/abono-moto\/\",\"name\":\"Passe De motocicleta C\u00f3rdoba centro\",\"isPartOf\":{\"@id\":\"https:\/\/iparksa.com\/pt-pt\/#website\"},\"datePublished\":\"2022-07-06T08:45:45+00:00\",\"dateModified\":\"2023-01-23T10:17:51+00:00\",\"breadcrumb\":{\"@id\":\"https:\/\/iparksa.com\/pt-pt\/ipark-cordoba-cordoba-centro\/abono-moto\/#breadcrumb\"},\"inLanguage\":\"pt-PT\",\"potentialAction\":[{\"@type\":\"ReadAction\",\"target\":[\"https:\/\/iparksa.com\/pt-pt\/ipark-cordoba-cordoba-centro\/abono-moto\/\"]}]},{\"@type\":\"BreadcrumbList\",\"@id\":\"https:\/\/iparksa.com\/pt-pt\/ipark-cordoba-cordoba-centro\/abono-moto\/#breadcrumb\",\"itemListElement\":[{\"@type\":\"ListItem\",\"position\":1,\"name\":\"Portada\",\"item\":\"https:\/\/iparksa.com\/pt-pt\/\"},{\"@type\":\"ListItem\",\"position\":2,\"name\":\"Parque de estacionamento C\u00f3rdoba Centro\",\"item\":\"https:\/\/iparksa.com\/pt-pt\/ipark-cordoba-cordoba-centro\/\"},{\"@type\":\"ListItem\",\"position\":3,\"name\":\"Passe De motocicleta C\u00f3rdoba centro\"}]},{\"@type\":\"WebSite\",\"@id\":\"https:\/\/iparksa.com\/pt-pt\/#website\",\"url\":\"https:\/\/iparksa.com\/pt-pt\/\",\"name\":\"iPark\",\"description\":\"Gesti\u00f3n de aparcamientos\",\"potentialAction\":[{\"@type\":\"SearchAction\",\"target\":{\"@type\":\"EntryPoint\",\"urlTemplate\":\"https:\/\/iparksa.com\/pt-pt\/?s={search_term_string}\"},\"query-input\":{\"@type\":\"PropertyValueSpecification\",\"valueRequired\":true,\"valueName\":\"search_term_string\"}}],\"inLanguage\":\"pt-PT\"}]}<\/script>\n<!-- \/ Yoast SEO plugin. -->","yoast_head_json":{"title":"Passe De motocicleta C\u00f3rdoba centro","robots":{"index":"index","follow":"follow","max-snippet":"max-snippet:-1","max-image-preview":"max-image-preview:large","max-video-preview":"max-video-preview:-1"},"canonical":"https:\/\/iparksa.com\/pt-pt\/ipark-cordoba-cordoba-centro\/abono-moto\/","og_locale":"pt_PT","og_type":"article","og_title":"Passe De motocicleta C\u00f3rdoba centro","og_description":"[vc_row wrap_container=&#8221;yes&#8221; el_id=&#8221;form&#8221; css=&#8221;.vc_custom_1646924522515{padding-right: 3em !important;padding-left: 3em !important;}&#8221;][vc_column][vc_empty_space height=&#8221;50px&#8221;][vc_row_inner][vc_column_inner width=&#8221;1\/3&#8243;][vc_raw_html]JTVCaXBhcmstY29ubmVjdG9yJTNBZm9ybSUyMGlkJTNEJTIyNTklMjIlNUQ=[\/vc_raw_html][\/vc_column_inner][vc_column_inner width=&#8221;2\/3&#8243;][vc_toggle title=&#8221;Descri\u00e7\u00e3o do passe&#8221; open=&#8221;true&#8221; css_animation=&#8221;fadeInDown&#8221;][\/vc_toggle][vc_toggle title=&#8221;Como funciona&#8221; css_animation=&#8221;fadeInDown&#8221;][\/vc_toggle][vc_toggle title=&#8221;Descontos&#8221; css_animation=&#8221;fadeInDown&#8221;][\/vc_toggle][\/vc_column_inner][\/vc_row_inner][\/vc_column][\/vc_row]","og_url":"https:\/\/iparksa.com\/pt-pt\/ipark-cordoba-cordoba-centro\/abono-moto\/","og_site_name":"iPark","article_modified_time":"2023-01-23T10:17:51+00:00","twitter_card":"summary_large_image","twitter_misc":{"Tempo estimado de leitura":"1 minuto"},"schema":{"@context":"https:\/\/schema.org","@graph":[{"@type":"WebPage","@id":"https:\/\/iparksa.com\/pt-pt\/ipark-cordoba-cordoba-centro\/abono-moto\/","url":"https:\/\/iparksa.com\/pt-pt\/ipark-cordoba-cordoba-centro\/abono-moto\/","name":"Passe De motocicleta C\u00f3rdoba centro","isPartOf":{"@id":"https:\/\/iparksa.com\/pt-pt\/#website"},"datePublished":"2022-07-06T08:45:45+00:00","dateModified":"2023-01-23T10:17:51+00:00","breadcrumb":{"@id":"https:\/\/iparksa.com\/pt-pt\/ipark-cordoba-cordoba-centro\/abono-moto\/#breadcrumb"},"inLanguage":"pt-PT","potentialAction":[{"@type":"ReadAction","target":["https:\/\/iparksa.com\/pt-pt\/ipark-cordoba-cordoba-centro\/abono-moto\/"]}]},{"@type":"BreadcrumbList","@id":"https:\/\/iparksa.com\/pt-pt\/ipark-cordoba-cordoba-centro\/abono-moto\/#breadcrumb","itemListElement":[{"@type":"ListItem","position":1,"name":"Portada","item":"https:\/\/iparksa.com\/pt-pt\/"},{"@type":"ListItem","position":2,"name":"Parque de estacionamento C\u00f3rdoba Centro","item":"https:\/\/iparksa.com\/pt-pt\/ipark-cordoba-cordoba-centro\/"},{"@type":"ListItem","position":3,"name":"Passe De motocicleta C\u00f3rdoba centro"}]},{"@type":"WebSite","@id":"https:\/\/iparksa.com\/pt-pt\/#website","url":"https:\/\/iparksa.com\/pt-pt\/","name":"iPark","description":"Gesti\u00f3n de aparcamientos","potentialAction":[{"@type":"SearchAction","target":{"@type":"EntryPoint","urlTemplate":"https:\/\/iparksa.com\/pt-pt\/?s={search_term_string}"},"query-input":{"@type":"PropertyValueSpecification","valueRequired":true,"valueName":"search_term_string"}}],"inLanguage":"pt-PT"}]}},"_links":{"self":[{"href":"https:\/\/iparksa.com\/pt-pt\/wp-json\/wp\/v2\/pages\/6227","targetHints":{"allow":["GET"]}}],"collection":[{"href":"https:\/\/iparksa.com\/pt-pt\/wp-json\/wp\/v2\/pages"}],"about":[{"href":"https:\/\/iparksa.com\/pt-pt\/wp-json\/wp\/v2\/types\/page"}],"author":[{"embeddable":true,"href":"https:\/\/iparksa.com\/pt-pt\/wp-json\/wp\/v2\/users\/2"}],"replies":[{"embeddable":true,"href":"https:\/\/iparksa.com\/pt-pt\/wp-json\/wp\/v2\/comments?post=6227"}],"version-history":[{"count":6,"href":"https:\/\/iparksa.com\/pt-pt\/wp-json\/wp\/v2\/pages\/6227\/revisions"}],"predecessor-version":[{"id":8165,"href":"https:\/\/iparksa.com\/pt-pt\/wp-json\/wp\/v2\/pages\/6227\/revisions\/8165"}],"up":[{"embeddable":true,"href":"https:\/\/iparksa.com\/pt-pt\/wp-json\/wp\/v2\/pages\/5983"}],"wp:attachment":[{"href":"https:\/\/iparksa.com\/pt-pt\/wp-json\/wp\/v2\/media?parent=6227"}],"wp:term":[{"taxonomy":"wf_page_folders","embeddable":true,"href":"https:\/\/iparksa.com\/pt-pt\/wp-json\/wp\/v2\/wf_page_folders?post=6227"}],"curies":[{"name":"wp","href":"https:\/\/api.w.org\/{rel}","templated":true}]}}