{"id":5909,"date":"2021-11-02T21:55:56","date_gmt":"2021-11-02T20:55:56","guid":{"rendered":"https:\/\/iparksa.com\/terminos-comerciales-de-compra-clac-slu\/"},"modified":"2022-11-23T15:24:53","modified_gmt":"2022-11-23T14:24:53","slug":"terminos-comerciales-de-compra-clac-slu","status":"publish","type":"page","link":"https:\/\/iparksa.com\/pt-pt\/terminos-comerciales-de-compra-clac-slu\/","title":{"rendered":"Condi\u00e7\u00f5es gerais de compra CLAC SLU"},"content":{"rendered":"<div class=\"wpb-content-wrapper\"><p>[vc_row][vc_column][vc_empty_space][\/vc_column][\/vc_row][vc_row][vc_column][vc_column_text]<strong>INFORMA\u00c7\u00d5ES GERAIS<\/strong><\/p>\n<p>abril de 2021<\/p>\n<p>Os presentes Termos e Condi\u00e7\u00f5es regulam o servi\u00e7o de gest\u00e3o e explora\u00e7\u00e3o do parque de estacionamento, para o qual <strong>CRUZ DE LAGOS APARCAMIENTOS CONCESIONALES SLU <\/strong>, com CIF B19568815 e sede social na rua Camino de las Ceudas , 2, 28232 Las Rozas de Madrid, Madrid (doravante, \u201c <strong>IPARK <\/strong>\u201d) e as afiliadas, disponibilizam aos seus clientes usu\u00e1rios (seguidamente, \u201c <strong>Clientes <\/strong>\u201d ou \u201c <strong>Utilizadores <\/strong>\u201d) atrav\u00e9s do Site, para contrata\u00e7\u00e3o dos mesmos, os servi\u00e7os prestados pela <strong>IPARK <\/strong>ao Cliente (a seguir, os \u201c <strong>Servi\u00e7os <\/strong>\u201d)\u00a0 que est\u00e3o descritos no website \u00a0na rede da Internet.<\/p>\n<p>A compra destes Servi\u00e7os implica a aceita\u00e7\u00e3o destes Termos e Condi\u00e7\u00f5es bem como das restantes condi\u00e7\u00f5es a que o Cliente est\u00e1 sujeito, nomeadamente o Aviso Legal, a Pol\u00edtica de Privacidade e a Pol\u00edtica de Cookies.<\/p>\n<p>Caso o Cliente pretenda contactar a <strong>IPARK <\/strong>para qualquer d\u00favida ou incidente com a sua compra, poder\u00e1 utilizar o correio postal do parque de estacionamento, atrav\u00e9s do n\u00famero de telefone do mesmo ou, se preferir, atrav\u00e9s do endere\u00e7o de correio eletr\u00f3nico <a href=\"mailto:clientes@iparksa.com\">clientes@iparksa.com<\/a><\/p>\n<p>Estes Termos e Condi\u00e7\u00f5es s\u00e3o aplic\u00e1veis a partir da sua publica\u00e7\u00e3o na Internet e podem n\u00e3o ser aplic\u00e1veis a contratos celebrados anteriormente. Cada contrato na p\u00e1gina Web \u00e9 regido pelos Termos e Condi\u00e7\u00f5es aplic\u00e1veis \u00e0 data da compra e pagamento do Servi\u00e7o contratado. Para isso, \u00e9 conveniente que os Clientes leiam com aten\u00e7\u00e3o os Termos e Condi\u00e7\u00f5es antes de utilizar e\/ou contratar qualquer um dos Servi\u00e7os, que estar\u00e3o presentes a qualquer momento. Como prova do seu conhecimento e aceita\u00e7\u00e3o destes, o Cliente dever\u00e1 carregar no bot\u00e3o &#8220;Li e aceito os Termos e Condi\u00e7\u00f5es de Compra&#8221; caso esteja de acordo, assim, quando \u00a0selecionar o Servi\u00e7o que pretende adquirir, aceda na pagina de pagamento. Os procedimentos para contrata\u00e7\u00e3o e\/ou utiliza\u00e7\u00e3o do Servi\u00e7o s\u00e3o os descritos nestes Termos e Condi\u00e7\u00f5es, bem como os outros espec\u00edficos que s\u00e3o indicados no ecr\u00e3 durante a navega\u00e7\u00e3o, pelo que o Cliente declara conhecer e aceitar os referidos procedimentos como necess\u00e1rios contratar o Servi\u00e7o.<\/p>\n<p>Com a aceita\u00e7\u00e3o destes Termos e Condi\u00e7\u00f5es, o Cliente expressamente aceita e declara ter conhecimento do Aviso Legal, que tamb\u00e9m rege a utiliza\u00e7\u00e3o feita dos Servi\u00e7os, sendo aplic\u00e1vel no que diz respeito a esta cl\u00e1usula.<\/p>\n<p>ecr\u00e3 aparecer\u00e3o os Servi\u00e7os oferecidos no Site, juntamente com as suas caracter\u00edsticas, descri\u00e7\u00f5es e pre\u00e7o total, bem como a respetiva garantia legal e, se for caso disso, outras garantias comerciais que possam ajudar o Cliente.<\/p>\n<p><strong>A IPARK <\/strong>reserva-se o direito de decidir a qualquer momento os Servi\u00e7os que est\u00e3o contidos e oferecidos aos Clientes atrav\u00e9s do Site. Desta forma, a <strong>IPARK <\/strong>poder\u00e1, a qualquer momento, acrescentar novos Servi\u00e7os aos inclu\u00eddos no Website, entendendo-se, salvo disposi\u00e7\u00e3o em contr\u00e1rio, que tais novos Servi\u00e7os ser\u00e3o regidos pelo disposto nos Termos e Condi\u00e7\u00f5es ent\u00e3o vigentes. Da mesma forma, a <strong>IPARK <\/strong>reserva-se o direito de deixar de facultar o acesso, a qualquer momento e sem aviso pr\u00e9vio, a qualquer dos Servi\u00e7os disponibilizados no Site.<\/p>\n<p><strong>MODIFICA\u00c7\u00c3O DAS CONDI\u00c7\u00d5ES<\/strong><\/p>\n<p><strong>A IPARK <\/strong>reserva-se o direito de modificar unilateralmente estes Termos e Condi\u00e7\u00f5es de Compra a qualquer momento. Todas as modifica\u00e7\u00f5es a estes Termos e Condi\u00e7\u00f5es de Compra ser\u00e3o publicadas online. O Cliente estar\u00e1 sujeito \u00e0 vers\u00e3o deste documento que aceitou no momento da compra.<\/p>\n<p><strong>PROCESSO DE COMPRA ONLINE<\/strong><\/p>\n<p>Para a aquisi\u00e7\u00e3o dos Servi\u00e7os oferecidos no Site, o Cliente dever\u00e1 seguir as instru\u00e7\u00f5es que se apresentam no ecr\u00e3 e aceitar a compra cumprindo as instru\u00e7\u00f5es acima indicadas.<\/p>\n<p>Se o Cliente for uma pessoa f\u00edsica, ele deve ter pelo menos 18 anos de idade para adquirir os Servi\u00e7os.<\/p>\n<p>A contrata\u00e7\u00e3o ser\u00e1 realizada atrav\u00e9s do preenchimento pelo Cliente dos diferentes formul\u00e1rios que s\u00e3o apresentados ao longo de todo o processo de compra e da aceita\u00e7\u00e3o expressa pelo Cliente dos presentes Termos e Condi\u00e7\u00f5es e de todas as condi\u00e7\u00f5es aplic\u00e1veis ao produto contratado. No processo de compra, o envio do formul\u00e1rio depois de preenchido, premindo o bot\u00e3o &#8220;Pagar e Finalizar Compra&#8221; encerrar\u00e1 o processo e implicar\u00e1 a aceita\u00e7\u00e3o integral por parte do Cliente da proposta comercial da <strong>IPARK <\/strong>e das condi\u00e7\u00f5es aplic\u00e1veis, redirecionando para uma p\u00e1gina de confirma\u00e7\u00e3o da compra no website, que o Cliente pode imprimir.<\/p>\n<p>O Cliente dever\u00e1 estar previamente registado como cliente da Loja Virtual.<\/p>\n<p>Exceto no caso de o ve\u00edculo ser uma motocicleta, o acesso ao estacionamento ser\u00e1 feito por leitura da matr\u00edcula. Nenhum bilhete ser\u00e1 processado. No caso das motos, o cliente dever\u00e1 identificar-se \u00e0 entrada do parque de estacionamento e retirar um bilhete f\u00edsico (cart\u00e3o) para poder entrar e sair do parque de estacionamento. Este fato ser\u00e1 observado durante o processo de contrato do servi\u00e7o.<\/p>\n<p><strong>INSCRI\u00c7\u00d5ES E RESERVAS<\/strong><\/p>\n<p>O utilizador pode efetuar a reserva de dias de perman\u00eancia nos parques de estacionamento do <strong>IPARK <\/strong>ou adquirir uma subscri\u00e7\u00e3o, atrav\u00e9s do site oficial ou APP. Voc\u00ea deve fornecer os dados de identifica\u00e7\u00e3o (nome e sobrenome, registo, data de chegada, n\u00famero de dias que pretende estacionar, endere\u00e7o eletr\u00f3nico de e-mail, telefone&#8230;) todos os dados que o sistema solicitar sem os quais n\u00e3o poder\u00e1 avan\u00e7ar este processo de reserva.<\/p>\n<p>O cliente receber\u00e1 um e-mail no endere\u00e7o de e-mail que se registou durante o processo de reserva ou compra com a confirma\u00e7\u00e3o da mesma. Certifique-se de que recebeu este e-mail. Caso n\u00e3o receba este e-mail, entre em contato com o nosso atendimento de apoio ao cliente (clientes@iparksa.com) ou tente novamente fazer outra reserva ou adquirir uma assinatura. A sua reserva\/compra n\u00e3o ter\u00e1 sido registada com sucesso, pelo qual se se deslocar ao parque de estacionamento ser\u00e1 cobrado a taxa do pre\u00e7o oficial sem a reserva.<\/p>\n<p>O valor do estacionamento com reserva de vaga ser\u00e1 calculado para per\u00edodos de 24 horas di\u00e1rios.<\/p>\n<p>O pre\u00e7o das assinaturas e da sua dura\u00e7\u00e3o est\u00e3o indicados no site.<\/p>\n<p>Para efetuar Reservas, o valor m\u00ednimo de pagamento ser\u00e1 o correspondente \u00e0 estadia m\u00ednima de acordo com as condi\u00e7\u00f5es do produto, sendo a dura\u00e7\u00e3o da estadia contada para dias inteiros e\/ou fra\u00e7\u00f5es.<\/p>\n<p>Ao fazer a sua reserva\/compra, o sistema processara um n\u00famero automatizado pelo site. A posse deste n\u00famero confirma e garante a sua reserva\/compra, desde que cumpra as condi\u00e7\u00f5es de reserva\/compra e a matr\u00edcula da viatura com que estaciona seja a mesma da reserva\/compra. Se o cliente estacionar um ve\u00edculo cuja matr\u00edcula seja diferente da que consta no registo da reserva\/compra, esta n\u00e3o ser\u00e1 v\u00e1lida.<\/p>\n<p>\u00c9 necess\u00e1rio efetuar a reserva\/compra da vaga do lugar a estacionar com anteced\u00eancia m\u00ednima de 1 (uma) hora da hora prevista de chegada ao estacionamento. Caso contr\u00e1rio, a sua reserva\/compra n\u00e3o ser\u00e1 v\u00e1lida e o valor do per\u00edodo de tempo a ficar ser\u00e1 calculado de acordo com a tarifa oficial de estacionamento em cada parque de estacionamento. Da mesma forma, n\u00e3o poder\u00e3o ser feitas reservas para dias j\u00e1 decorridos, anteriores \u00e0 compra propriamente da mesma.<\/p>\n<p>A reserva de lugar a estacionar s\u00f3 pode ser efetuado para um \u00fanico ve\u00edculo. Para reservar a estadia de mais viaturas, dever\u00e1 efetuar uma reserva para cada uma delas ou uma subscri\u00e7\u00e3o para cada uma delas.<\/p>\n<p>O cliente poder\u00e1 imprimir o comprovativo da reserva\/pagamento efetuada.<\/p>\n<p>Da mesma forma o cliente poder\u00e1 modificar ou cancelar a reserva\/pagamento efetuado at\u00e9 ao dia anterior da sua entrada. Todas altera\u00e7\u00f5es e cancelamentos de reservas\/pagamentos devem ser feitos atrav\u00e9s do site oficial do parque de estacionamento, ou por e-mail.<\/p>\n<p><strong>PRE\u00c7O E FORMA DE PAGAMENTO<\/strong><\/p>\n<p>Os pre\u00e7os dos Servi\u00e7os expostos no Site ser\u00e3o expressos em euros e incluem quaisquer impostos aplic\u00e1veis e outros custos que possam ser aplicados.<\/p>\n<p>O pagamento do Servi\u00e7o contratado pelo Cliente \u00e9 efetuado por cart\u00e3o de cr\u00e9dito ou d\u00e9bito ou atrav\u00e9s do sistema PayPal (conta PayPal ou pagamento com cart\u00e3o) ou qualquer outra plataforma de pagamento que a <strong>IPARK <\/strong>venha a disponibilizar ao Utilizador no futuro. Neste sentido, o Cliente dever\u00e1 proceder ao preenchimento dos dados ou do formul\u00e1rio para o qual \u00e9 reencaminhado consoante o m\u00e9todo que tenha selecionado em cada caso.<\/p>\n<p>Para proceder ao pagamento, o Cliente dever\u00e1 seguir todas e cada uma das informa\u00e7\u00f5es que aparecerem nas p\u00e1ginas do website, fornecendo assim todas as informa\u00e7\u00f5es necess\u00e1rias. O Cliente compromete-se a n\u00e3o fornecer informa\u00e7\u00f5es falsas, nomeadamente nomes, moradas e\/ou contactos ou meios de pagamento; n\u00e3o iniciar qualquer atividade ilegal em conex\u00e3o com a compra e n\u00e3o permitir que ningu\u00e9m o fa\u00e7a.<\/p>\n<p>Consoante a plataforma de pagamento utilizada, para efetivar o pagamento, o Cliente dever\u00e1 aceitar previamente as condi\u00e7\u00f5es da plataforma de pagamento, que se encarrega de gerir e efetuar todo o processo de pagamento necess\u00e1rios do Servi\u00e7o contratado, atuando na sua qualidade como um provedor de pagamento do <strong>IPARK <\/strong>.<\/p>\n<p><strong>A IPARK <\/strong>declara n\u00e3o ter acesso nem armazenar dados sens\u00edveis relacionados com os meios de pagamento utilizados pelo Cliente. Apenas a respetiva entidade processadora de pagamentos tem acesso a estes dados para gerir pagamentos e cobran\u00e7as.<\/p>\n<p>Todos os dados fornecidos para esses fins s\u00e3o criptografados para garantir a m\u00e1xima seguran\u00e7a.<\/p>\n<p><strong>DIREITO DE RETIRADA E REEMBOLSO<\/strong><\/p>\n<p><strong>A IPARK <\/strong>informa-o que, observadas as condi\u00e7\u00f5es estabelecidas nesta cl\u00e1usula, ter\u00e1 o direito de rescindir dos mesmos sem justifica\u00e7\u00e3o relativamente aos seguintes Servi\u00e7os:<\/p>\n<ul>\n<li>Subscri\u00e7\u00f5es: com anteced\u00eancia m\u00ednima de 24 horas da sua entrada em vigor.<\/li>\n<li>Reservas: pelo menos 24 horas antes da sua entrada em vigor.<\/li>\n<li>As campanhas promocionais estar\u00e3o sujeitas aos termos estabelecidos na oferta, promo\u00e7\u00e3o, publicidade ou no pr\u00f3prio contrato.<\/li>\n<\/ul>\n<p>efetuada a encomenda ou a seguinte morada: clientes@iparksa.com, indicando no assunto \u201cCancelar subscri\u00e7\u00e3o (Nome do Servi\u00e7o contratado)\u201d a decis\u00e3o de resolu\u00e7\u00e3o do contrato mediante declara\u00e7\u00e3o inequ\u00edvoca.<\/p>\n<p>Em caso de desist\u00eancia da sua parte, <strong>a IPARK <\/strong>comunicar\u00e1 por via email o aviso de rece\u00e7\u00e3o da sua desist\u00eancia e proceder\u00e1 \u00e0 devolu\u00e7\u00e3o de todos os pagamentos recebidos pelo Cliente, L\u00cdQUIDOS de despesas banc\u00e1rias, sem qualquer demora injustificada e, em qualquer caso, o mais tardar no prazo m\u00e1ximo de 14 dias do m\u00eas a contar da data em que o Cliente comunicou \u00e0 <strong>IPARK <\/strong>a sua decis\u00e3o de rescindir deste Servi\u00e7o contratado. <strong>A IPARK <\/strong>proceder\u00e1 ao referido reembolso atrav\u00e9s do mesmo meio de pagamento utilizado pelo Cliente na transa\u00e7\u00e3o inicial; em qualquer caso, este n\u00e3o incorrer\u00e1 em nenhuma despesa como resultado do reembolso.<\/p>\n<p>O reembolso ser\u00e1 considerado executado se o Cliente n\u00e3o o rejeitar no prazo de quatorze (14) dias corridos a partir da data de recebimento. O exerc\u00edcio do direito de resolu\u00e7\u00e3o extingue as obriga\u00e7\u00f5es da <strong>IPARK <\/strong>para com o Cliente relativamente ao Servi\u00e7o sobre o qual se retirou.<\/p>\n<p>Estas condi\u00e7\u00f5es s\u00f3 ser\u00e3o aplic\u00e1veis no caso de o Cliente ser um consumidor e utilizador de acordo com a defini\u00e7\u00e3o estabelecida em vigor no Decreto Legislativo 1\/2007, de 16 de novembro, que aprova o texto consolidado da Lei Geral de Defesa do Consumidor e Utilizadores.<\/p>\n<p><strong>RESPONSABILIDADE<\/strong><\/p>\n<p><strong>A IPARK <\/strong>n\u00e3o ser\u00e1 respons\u00e1vel por qualquer atraso ou falha no cumprimento das suas obriga\u00e7\u00f5es se caso de atraso ou falha for devido a circunst\u00e2ncias fora do nosso controlo razo\u00e1vel.<\/p>\n<p>Salvo disposi\u00e7\u00e3o expressa em caso contr\u00e1rio nestes Termos e Condi\u00e7\u00f5es, a responsabilidade da <strong>IPARK <\/strong>ser\u00e1 estritamente limitada ao pre\u00e7o de compra do Servi\u00e7o.<\/p>\n<p>As disposi\u00e7\u00f5es desta cl\u00e1usula n\u00e3o afetar\u00e3o os direitos legais que lhe correspondem como consumidor e utilizador, nem o seu direito de rescis\u00e3o do Contrato.<\/p>\n<p><strong>CONFIDENCIALIDADE E PRIVACIDADE<\/strong><\/p>\n<p>Na a aceita\u00e7\u00e3o destes Termos e Condi\u00e7\u00f5es, conforme previsto no in\u00edcio deste documento, o Cliente expressamente aceita e declara estar ciente da Pol\u00edtica de Privacidade e Cookies, que tamb\u00e9m regem o uso feito pelos Servi\u00e7os.<\/p>\n<p>&nbsp;<\/p>\n<p>&nbsp;<\/p>\n<p>&nbsp;<\/p>\n<p><strong>DURA\u00c7\u00c3O E RESCIS\u00c3O DO CONTRATO<\/strong><\/p>\n<p>Estes Termos e Condi\u00e7\u00f5es ter\u00e3o uma dura\u00e7\u00e3o indefinida.<\/p>\n<p>Caso o Cliente cancele seu registo, a conta do Cliente na Loja Virtual e todas as informa\u00e7\u00f5es registadas e armazenadas ser\u00e3o apagadas. O cancelamento dos referidos dados de acesso implicar\u00e1 o cancelamento de todos os c\u00f3digos de acesso \u00e0s contas e \u00e0 informa\u00e7\u00e3o, das entidades financeiras, entidades de pagamento ou prestadores de servi\u00e7os financeiros ou outros n\u00e3o financeiros com cujos dados o Site opera. Consequentemente, n\u00e3o ser\u00e1 poss\u00edvel vincular as referidas login ao identificador j\u00e1 cancelado do antigo Cliente. Por seu lado, a <strong>IPARK <\/strong>poder\u00e1 cancelar o Servi\u00e7o mediante comunica\u00e7\u00e3o enviada para o endere\u00e7o de correio eletr\u00f3nico associado e\/ou indicado pelo Cliente com quinze (15) dias de anteced\u00eancia. N\u00e3o ser\u00e1 necess\u00e1rio justificar qualquer causa; o cancelamento do Servi\u00e7o pela <strong>IPARK <\/strong>n\u00e3o confere direito a qualquer indemniza\u00e7\u00e3o, sem preju\u00edzo de a <strong>IPARK <\/strong>devolver ao Cliente os valores pagos e n\u00e3o utilizados pelo Cliente em consequ\u00eancia do cancelamento antecipado da rela\u00e7\u00e3o pela <strong>IPARK.<\/strong><\/p>\n<p>Este aviso pr\u00e9vio n\u00e3o ser\u00e1 necess\u00e1rio no caso de o Servi\u00e7o ser suspenso como resultado do uso incorreto do Site ou da conta da Loja Virtual do Cliente, que possa afetar negativamente a sua presta\u00e7\u00e3o ou no caso de viola\u00e7\u00e3o grave de qualquer outra obriga\u00e7\u00e3o do Cliente, incluindo estar com o pagamento em dia dos servi\u00e7os prestados pelo <strong>IPARK <\/strong>para usufruir dos mesmos.<\/p>\n<p><strong>VALIDADE E ACORDO INTEGRAL<\/strong><\/p>\n<p>A declara\u00e7\u00e3o de nulidade ou invalidade de qualquer estipula\u00e7\u00e3o contida nestes Termos e Condi\u00e7\u00f5es n\u00e3o afetar\u00e1 a validade e efic\u00e1cia das demais cl\u00e1usulas.<\/p>\n<p>Estes Termos e Condi\u00e7\u00f5es dos Servi\u00e7os prestados pela <strong>IPARK <\/strong>atrav\u00e9s do Website, bem como o Aviso Legal e a Pol\u00edtica de Privacidade e Cookies, constituem o acordo integral entre as partes, sendo considerado superior a qualquer acordo pr\u00e9vio escrito ou verbal. No entendimento, afirma\u00e7\u00e3o , representa\u00e7\u00e3o, negocia\u00e7\u00e3o ou prop\u00f3sito de acordo em rela\u00e7\u00e3o a este assunto.<\/p>\n<p><strong>LEGISLA\u00c7\u00c3O APLIC\u00c1VEL<\/strong><\/p>\n<p>A rela\u00e7\u00e3o entre a <strong>IPARK <\/strong>e o Cliente ser\u00e1 regida, para todos os efeitos, pela legisla\u00e7\u00e3o espanhola.<\/p>\n<p>Salvo na disposi\u00e7\u00e3o legal em contr\u00e1rio, a rela\u00e7\u00e3o entre a <strong>IPARK <\/strong>e o Cliente reger-se-\u00e1 pela lei espanhola em vigor e qualquer controv\u00e9rsia ser\u00e1 submetida aos Ju\u00edzes e Tribunais de Madrid (Espanha), ou aos Juizados e Tribunas indicados pela lei aplic\u00e1vel em vigor.[\/vc_column_text][\/vc_column][\/vc_row]<\/p>\n<\/div>","protected":false},"excerpt":{"rendered":"<p>[vc_row][vc_column][vc_empty_space][\/vc_column][\/vc_row][vc_row][vc_column][vc_column_text]INFORMA\u00c7\u00d5ES GERAIS abril de 2021 Os presentes Termos e Condi\u00e7\u00f5es regulam o servi\u00e7o de gest\u00e3o e explora\u00e7\u00e3o do parque de estacionamento, para o qual CRUZ DE LAGOS APARCAMIENTOS CONCESIONALES SLU , com CIF B19568815 e sede social na rua Camino de las Ceudas , 2, 28232 Las Rozas de Madrid, Madrid (doravante, \u201c IPARK \u201d) [&hellip;]<\/p>\n","protected":false},"author":1,"featured_media":0,"parent":0,"menu_order":0,"comment_status":"closed","ping_status":"closed","template":"","meta":{"footnotes":""},"wf_page_folders":[153],"class_list":["post-5909","page","type-page","status-publish","hentry"],"yoast_head":"<!-- This site is optimized with the Yoast SEO plugin v27.4 - https:\/\/yoast.com\/product\/yoast-seo-wordpress\/ -->\n<title>Condi\u00e7\u00f5es gerais de compra CLAC SLU - iPark<\/title>\n<meta name=\"robots\" content=\"index, follow, max-snippet:-1, max-image-preview:large, max-video-preview:-1\" \/>\n<link rel=\"canonical\" href=\"https:\/\/iparksa.com\/pt-pt\/terminos-comerciales-de-compra-clac-slu\/\" \/>\n<meta property=\"og:locale\" content=\"pt_PT\" \/>\n<meta property=\"og:type\" content=\"article\" \/>\n<meta property=\"og:title\" content=\"Condi\u00e7\u00f5es gerais de compra CLAC SLU - iPark\" \/>\n<meta property=\"og:description\" content=\"[vc_row][vc_column][vc_empty_space][\/vc_column][\/vc_row][vc_row][vc_column][vc_column_text]INFORMA\u00c7\u00d5ES GERAIS abril de 2021 Os presentes Termos e Condi\u00e7\u00f5es regulam o servi\u00e7o de gest\u00e3o e explora\u00e7\u00e3o do parque de estacionamento, para o qual CRUZ DE LAGOS APARCAMIENTOS CONCESIONALES SLU , com CIF B19568815 e sede social na rua Camino de las Ceudas , 2, 28232 Las Rozas de Madrid, Madrid (doravante, \u201c IPARK \u201d) [&hellip;]\" \/>\n<meta property=\"og:url\" content=\"https:\/\/iparksa.com\/pt-pt\/terminos-comerciales-de-compra-clac-slu\/\" \/>\n<meta property=\"og:site_name\" content=\"iPark\" \/>\n<meta property=\"article:modified_time\" content=\"2022-11-23T14:24:53+00:00\" \/>\n<meta name=\"twitter:card\" content=\"summary_large_image\" \/>\n<meta name=\"twitter:label1\" content=\"Tempo estimado de leitura\" \/>\n\t<meta name=\"twitter:data1\" content=\"11 minutos\" \/>\n<script type=\"application\/ld+json\" class=\"yoast-schema-graph\">{\"@context\":\"https:\\\/\\\/schema.org\",\"@graph\":[{\"@type\":\"WebPage\",\"@id\":\"https:\\\/\\\/iparksa.com\\\/pt-pt\\\/terminos-comerciales-de-compra-clac-slu\\\/\",\"url\":\"https:\\\/\\\/iparksa.com\\\/pt-pt\\\/terminos-comerciales-de-compra-clac-slu\\\/\",\"name\":\"Condi\u00e7\u00f5es gerais de compra CLAC SLU - iPark\",\"isPartOf\":{\"@id\":\"https:\\\/\\\/iparksa.com\\\/pt-pt\\\/#website\"},\"datePublished\":\"2021-11-02T20:55:56+00:00\",\"dateModified\":\"2022-11-23T14:24:53+00:00\",\"breadcrumb\":{\"@id\":\"https:\\\/\\\/iparksa.com\\\/pt-pt\\\/terminos-comerciales-de-compra-clac-slu\\\/#breadcrumb\"},\"inLanguage\":\"pt-PT\",\"potentialAction\":[{\"@type\":\"ReadAction\",\"target\":[\"https:\\\/\\\/iparksa.com\\\/pt-pt\\\/terminos-comerciales-de-compra-clac-slu\\\/\"]}]},{\"@type\":\"BreadcrumbList\",\"@id\":\"https:\\\/\\\/iparksa.com\\\/pt-pt\\\/terminos-comerciales-de-compra-clac-slu\\\/#breadcrumb\",\"itemListElement\":[{\"@type\":\"ListItem\",\"position\":1,\"name\":\"Portada\",\"item\":\"https:\\\/\\\/iparksa.com\\\/pt-pt\\\/\"},{\"@type\":\"ListItem\",\"position\":2,\"name\":\"Condi\u00e7\u00f5es gerais de compra CLAC SLU\"}]},{\"@type\":\"WebSite\",\"@id\":\"https:\\\/\\\/iparksa.com\\\/pt-pt\\\/#website\",\"url\":\"https:\\\/\\\/iparksa.com\\\/pt-pt\\\/\",\"name\":\"iPark\",\"description\":\"Gesti\u00f3n de aparcamientos\",\"potentialAction\":[{\"@type\":\"SearchAction\",\"target\":{\"@type\":\"EntryPoint\",\"urlTemplate\":\"https:\\\/\\\/iparksa.com\\\/pt-pt\\\/?s={search_term_string}\"},\"query-input\":{\"@type\":\"PropertyValueSpecification\",\"valueRequired\":true,\"valueName\":\"search_term_string\"}}],\"inLanguage\":\"pt-PT\"}]}<\/script>\n<!-- \/ Yoast SEO plugin. -->","yoast_head_json":{"title":"Condi\u00e7\u00f5es gerais de compra CLAC SLU - iPark","robots":{"index":"index","follow":"follow","max-snippet":"max-snippet:-1","max-image-preview":"max-image-preview:large","max-video-preview":"max-video-preview:-1"},"canonical":"https:\/\/iparksa.com\/pt-pt\/terminos-comerciales-de-compra-clac-slu\/","og_locale":"pt_PT","og_type":"article","og_title":"Condi\u00e7\u00f5es gerais de compra CLAC SLU - iPark","og_description":"[vc_row][vc_column][vc_empty_space][\/vc_column][\/vc_row][vc_row][vc_column][vc_column_text]INFORMA\u00c7\u00d5ES GERAIS abril de 2021 Os presentes Termos e Condi\u00e7\u00f5es regulam o servi\u00e7o de gest\u00e3o e explora\u00e7\u00e3o do parque de estacionamento, para o qual CRUZ DE LAGOS APARCAMIENTOS CONCESIONALES SLU , com CIF B19568815 e sede social na rua Camino de las Ceudas , 2, 28232 Las Rozas de Madrid, Madrid (doravante, \u201c IPARK \u201d) [&hellip;]","og_url":"https:\/\/iparksa.com\/pt-pt\/terminos-comerciales-de-compra-clac-slu\/","og_site_name":"iPark","article_modified_time":"2022-11-23T14:24:53+00:00","twitter_card":"summary_large_image","twitter_misc":{"Tempo estimado de leitura":"11 minutos"},"schema":{"@context":"https:\/\/schema.org","@graph":[{"@type":"WebPage","@id":"https:\/\/iparksa.com\/pt-pt\/terminos-comerciales-de-compra-clac-slu\/","url":"https:\/\/iparksa.com\/pt-pt\/terminos-comerciales-de-compra-clac-slu\/","name":"Condi\u00e7\u00f5es gerais de compra CLAC SLU - iPark","isPartOf":{"@id":"https:\/\/iparksa.com\/pt-pt\/#website"},"datePublished":"2021-11-02T20:55:56+00:00","dateModified":"2022-11-23T14:24:53+00:00","breadcrumb":{"@id":"https:\/\/iparksa.com\/pt-pt\/terminos-comerciales-de-compra-clac-slu\/#breadcrumb"},"inLanguage":"pt-PT","potentialAction":[{"@type":"ReadAction","target":["https:\/\/iparksa.com\/pt-pt\/terminos-comerciales-de-compra-clac-slu\/"]}]},{"@type":"BreadcrumbList","@id":"https:\/\/iparksa.com\/pt-pt\/terminos-comerciales-de-compra-clac-slu\/#breadcrumb","itemListElement":[{"@type":"ListItem","position":1,"name":"Portada","item":"https:\/\/iparksa.com\/pt-pt\/"},{"@type":"ListItem","position":2,"name":"Condi\u00e7\u00f5es gerais de compra CLAC SLU"}]},{"@type":"WebSite","@id":"https:\/\/iparksa.com\/pt-pt\/#website","url":"https:\/\/iparksa.com\/pt-pt\/","name":"iPark","description":"Gesti\u00f3n de aparcamientos","potentialAction":[{"@type":"SearchAction","target":{"@type":"EntryPoint","urlTemplate":"https:\/\/iparksa.com\/pt-pt\/?s={search_term_string}"},"query-input":{"@type":"PropertyValueSpecification","valueRequired":true,"valueName":"search_term_string"}}],"inLanguage":"pt-PT"}]}},"_links":{"self":[{"href":"https:\/\/iparksa.com\/pt-pt\/wp-json\/wp\/v2\/pages\/5909","targetHints":{"allow":["GET"]}}],"collection":[{"href":"https:\/\/iparksa.com\/pt-pt\/wp-json\/wp\/v2\/pages"}],"about":[{"href":"https:\/\/iparksa.com\/pt-pt\/wp-json\/wp\/v2\/types\/page"}],"author":[{"embeddable":true,"href":"https:\/\/iparksa.com\/pt-pt\/wp-json\/wp\/v2\/users\/1"}],"replies":[{"embeddable":true,"href":"https:\/\/iparksa.com\/pt-pt\/wp-json\/wp\/v2\/comments?post=5909"}],"version-history":[{"count":3,"href":"https:\/\/iparksa.com\/pt-pt\/wp-json\/wp\/v2\/pages\/5909\/revisions"}],"predecessor-version":[{"id":5912,"href":"https:\/\/iparksa.com\/pt-pt\/wp-json\/wp\/v2\/pages\/5909\/revisions\/5912"}],"wp:attachment":[{"href":"https:\/\/iparksa.com\/pt-pt\/wp-json\/wp\/v2\/media?parent=5909"}],"wp:term":[{"taxonomy":"wf_page_folders","embeddable":true,"href":"https:\/\/iparksa.com\/pt-pt\/wp-json\/wp\/v2\/wf_page_folders?post=5909"}],"curies":[{"name":"wp","href":"https:\/\/api.w.org\/{rel}","templated":true}]}}