{"id":5902,"date":"2021-10-18T15:14:12","date_gmt":"2021-10-18T13:14:12","guid":{"rendered":"https:\/\/iparksa.com\/ipark\/"},"modified":"2024-05-06T10:57:37","modified_gmt":"2024-05-06T08:57:37","slug":"ipark","status":"publish","type":"page","link":"https:\/\/iparksa.com\/pt-pt\/ipark\/","title":{"rendered":"<span class=\"grey\">iPark<\/span>"},"content":{"rendered":"<div class=\"wpb-content-wrapper\"><p>[vc_row][vc_column][vc_empty_space][\/vc_column][\/vc_row][vc_row css=&#8221;.vc_custom_1642668317486{padding-right: 3em !important;padding-left: 3em !important;}&#8221;][vc_column width=&#8221;1\/2&#8243;][vc_column_text]<strong>iPark Estacionamientos y Servicios <\/strong>\u00e9 uma empresa fundada em 2013 com o objetivo de gerir parques de estacionamento tanto interiores como exteriores e oferecer solu\u00e7\u00f5es e servi\u00e7os de mobilidade.<\/p>\n<p>Em Setembro de 2017, alargou o seu \u00e2mbito de a\u00e7\u00e3o do Pa\u00eds Basco por toda a Espanha (incluindo as Ilhas Baleares e Can\u00e1rias) e Portugal.<\/p>\n<p>Atualmente, somos uma empresa muito ativa na aquisi\u00e7\u00e3o ou gest\u00e3o de parques de estacionamento situados nas principais cidades de Espanha e de Portugal. Igualmente importante \u00e9 a nossa presen\u00e7a no sector do estacionamento nas ruas (popularmente conhecido como horas de ponte), e em atividades complementares, tais como no estacionamento de gruas e ve\u00edculos em armazenamento.<\/p>\n<p>iPark \u00e9 composto por um grupo vasto de profissionais do sector com anos de experi\u00eancia. E n\u00f3s privilegi\u00e1mos. \u00c9 por esta raz\u00e3o que damos tanta prioridade aos nossos clientes, concentramo-nos em simplificar e &#8220;descomplicar&#8221; o que outros vendem como complicado. Procuramos uma abordagem diferenciada dos nossos concorrentes, para contornar os problemas que possamos enfrentar. Como empresa que somos de estacionamento, sabemos como fazer tudo relacionado com &#8220;estacionamento&#8221;. Mas diferenciamo-nos por outras abordagens:<\/p>\n<p><strong>Foco do Cliente<\/strong><\/p>\n<p>A estrutura da empresa reflete as necessidades do cliente. \u00c9 por esta\u00a0 que existem duas divis\u00f5es principais dentro do iPark: iPark urban e iPark travel.<\/p>\n<p>Para os clientes que procuram um parque de estacionamento convenientemente bem localizado com ofertas especiais, iPark urban tem excelentes parques de estacionamento. Quer seja para percursos do dia a dia, pausas de fim-de-semana ou durante todo o ano, oferecemos subscri\u00e7\u00f5es e reservas \u00e0 medida de cada parque de estacionamento, dependendo dos produtos mais procurados pelos nossos clientes.<\/p>\n<p>E para os clientes que &#8220;viajantes&#8221;, que utilizam outros meios de transporte para al\u00e9m do seu carro, como avi\u00e3o ou comboio, a viagem iPark combina toda a experi\u00eancia de proporcionar um parque de estacionamento alternativo aos oficiais (normalmente muito caros), ao melhor pre\u00e7o e com valor acrescentado: estacionamento com pessoal de apoio a estacionar (estacionamos o seu carro por si) e servi\u00e7os de vai e vem (estacionamos os ve\u00edculos nos nossos parques de estacionamento e levamo-lo at\u00e9 \u00e0 esta\u00e7\u00e3o de comboios com um transporte de carros).<\/p>\n<p><strong>Digitaliza\u00e7\u00e3o<\/strong><\/p>\n<p>No iPark fazemos um esfor\u00e7o constante de adapta\u00e7\u00e3o a novos h\u00e1bitos de consumo ou de compras. \u00c9 verdade que muitos clientes preferem serem atendidos pelos nossos profissionais do que de forma automatizada. Mas estamos cada vez mais habituados a fazer o nosso trabalho mais digital a partir dos nossos telem\u00f3veis ou computadores.[\/vc_column_text][\/vc_column][vc_column width=&#8221;1\/2&#8243;][vc_single_image image=&#8221;12120&#8243; img_size=&#8221;full&#8221; label=&#8221;&#8221;][vc_column_text]Existem sem d\u00favida enumeras vantagens:<\/p>\n<ul>\n<li>Transpar\u00eancia de pre\u00e7os: ao contr\u00e1rio de outros concorrentes, n\u00e3o temos nada a esconder pois publicamos as tarifas e pre\u00e7os de cada parque de estacionamento.<\/li>\n<li>Melhores pre\u00e7os: reduzimos ao m\u00e1ximo os encargos ou juros banc\u00e1rios. O cliente n\u00e3o se apercebe porque os nossos pre\u00e7os s\u00e3o finais, sem encargos imprevistos.<\/li>\n<li>Somos competitivos: Pesquisar, comparar&#8230;<\/li>\n<li>Simplifica\u00e7\u00e3o: redesenhamos o nosso canal digital para que os clientes possam controlar a toda a sua informa\u00e7\u00e3o, subscrever os produtos que lhes interessam, etc&#8230;<\/li>\n<li>Estamos em contacto permanente, atrav\u00e9s dos nossos canais de comunica\u00e7\u00e3o.<\/li>\n<\/ul>\n<p>[\/vc_column_text][vc_single_image image=&#8221;12117&#8243; img_size=&#8221;full&#8221; label=&#8221;&#8221;][\/vc_column][\/vc_row]<\/p>\n<\/div>","protected":false},"excerpt":{"rendered":"<p>[vc_row][vc_column][vc_empty_space][\/vc_column][\/vc_row][vc_row css=&#8221;.vc_custom_1642668317486{padding-right: 3em !important;padding-left: 3em !important;}&#8221;][vc_column width=&#8221;1\/2&#8243;][vc_column_text]iPark Estacionamientos y Servicios \u00e9 uma empresa fundada em 2013 com o objetivo de gerir parques de estacionamento tanto interiores como exteriores e oferecer solu\u00e7\u00f5es e servi\u00e7os de mobilidade. Em Setembro de 2017, alargou o seu \u00e2mbito de a\u00e7\u00e3o do Pa\u00eds Basco por toda a Espanha (incluindo as Ilhas [&hellip;]<\/p>\n","protected":false},"author":1,"featured_media":0,"parent":0,"menu_order":0,"comment_status":"closed","ping_status":"closed","template":"","meta":{"footnotes":""},"wf_page_folders":[154],"class_list":["post-5902","page","type-page","status-publish","hentry"],"yoast_head":"<!-- This site is optimized with the Yoast SEO plugin v27.4 - https:\/\/yoast.com\/product\/yoast-seo-wordpress\/ -->\n<title>iPark - iPark<\/title>\n<meta name=\"description\" content=\"Parking Cruz de Lagos es un parking c\u00e9ntrico en Granada. Tarifas con descuento para contrataciones online sin comisi\u00f3n. Entra y conoce las tarifas\" \/>\n<meta name=\"robots\" content=\"index, follow, max-snippet:-1, max-image-preview:large, max-video-preview:-1\" \/>\n<link rel=\"canonical\" href=\"https:\/\/iparksa.com\/pt-pt\/ipark\/\" \/>\n<meta property=\"og:locale\" content=\"pt_PT\" \/>\n<meta property=\"og:type\" content=\"article\" \/>\n<meta property=\"og:title\" content=\"iPark - iPark\" \/>\n<meta property=\"og:description\" content=\"Parking Cruz de Lagos es un parking c\u00e9ntrico en Granada. Tarifas con descuento para contrataciones online sin comisi\u00f3n. Entra y conoce las tarifas\" \/>\n<meta property=\"og:url\" content=\"https:\/\/iparksa.com\/pt-pt\/ipark\/\" \/>\n<meta property=\"og:site_name\" content=\"iPark\" \/>\n<meta property=\"article:modified_time\" content=\"2024-05-06T08:57:37+00:00\" \/>\n<meta name=\"twitter:card\" content=\"summary_large_image\" \/>\n<meta name=\"twitter:label1\" content=\"Tempo estimado de leitura\" \/>\n\t<meta name=\"twitter:data1\" content=\"3 minutos\" \/>\n<script type=\"application\/ld+json\" class=\"yoast-schema-graph\">{\"@context\":\"https:\\\/\\\/schema.org\",\"@graph\":[{\"@type\":\"WebPage\",\"@id\":\"https:\\\/\\\/iparksa.com\\\/pt-pt\\\/ipark\\\/\",\"url\":\"https:\\\/\\\/iparksa.com\\\/pt-pt\\\/ipark\\\/\",\"name\":\"iPark - iPark\",\"isPartOf\":{\"@id\":\"https:\\\/\\\/iparksa.com\\\/pt-pt\\\/#website\"},\"datePublished\":\"2021-10-18T13:14:12+00:00\",\"dateModified\":\"2024-05-06T08:57:37+00:00\",\"description\":\"Parking Cruz de Lagos es un parking c\u00e9ntrico en Granada. Tarifas con descuento para contrataciones online sin comisi\u00f3n. Entra y conoce las tarifas\",\"breadcrumb\":{\"@id\":\"https:\\\/\\\/iparksa.com\\\/pt-pt\\\/ipark\\\/#breadcrumb\"},\"inLanguage\":\"pt-PT\",\"potentialAction\":[{\"@type\":\"ReadAction\",\"target\":[\"https:\\\/\\\/iparksa.com\\\/pt-pt\\\/ipark\\\/\"]}]},{\"@type\":\"BreadcrumbList\",\"@id\":\"https:\\\/\\\/iparksa.com\\\/pt-pt\\\/ipark\\\/#breadcrumb\",\"itemListElement\":[{\"@type\":\"ListItem\",\"position\":1,\"name\":\"Portada\",\"item\":\"https:\\\/\\\/iparksa.com\\\/pt-pt\\\/\"},{\"@type\":\"ListItem\",\"position\":2,\"name\":\"iPark\"}]},{\"@type\":\"WebSite\",\"@id\":\"https:\\\/\\\/iparksa.com\\\/pt-pt\\\/#website\",\"url\":\"https:\\\/\\\/iparksa.com\\\/pt-pt\\\/\",\"name\":\"iPark\",\"description\":\"Gesti\u00f3n de aparcamientos\",\"potentialAction\":[{\"@type\":\"SearchAction\",\"target\":{\"@type\":\"EntryPoint\",\"urlTemplate\":\"https:\\\/\\\/iparksa.com\\\/pt-pt\\\/?s={search_term_string}\"},\"query-input\":{\"@type\":\"PropertyValueSpecification\",\"valueRequired\":true,\"valueName\":\"search_term_string\"}}],\"inLanguage\":\"pt-PT\"}]}<\/script>\n<!-- \/ Yoast SEO plugin. -->","yoast_head_json":{"title":"iPark - iPark","description":"Parking Cruz de Lagos es un parking c\u00e9ntrico en Granada. Tarifas con descuento para contrataciones online sin comisi\u00f3n. Entra y conoce las tarifas","robots":{"index":"index","follow":"follow","max-snippet":"max-snippet:-1","max-image-preview":"max-image-preview:large","max-video-preview":"max-video-preview:-1"},"canonical":"https:\/\/iparksa.com\/pt-pt\/ipark\/","og_locale":"pt_PT","og_type":"article","og_title":"iPark - iPark","og_description":"Parking Cruz de Lagos es un parking c\u00e9ntrico en Granada. Tarifas con descuento para contrataciones online sin comisi\u00f3n. Entra y conoce las tarifas","og_url":"https:\/\/iparksa.com\/pt-pt\/ipark\/","og_site_name":"iPark","article_modified_time":"2024-05-06T08:57:37+00:00","twitter_card":"summary_large_image","twitter_misc":{"Tempo estimado de leitura":"3 minutos"},"schema":{"@context":"https:\/\/schema.org","@graph":[{"@type":"WebPage","@id":"https:\/\/iparksa.com\/pt-pt\/ipark\/","url":"https:\/\/iparksa.com\/pt-pt\/ipark\/","name":"iPark - iPark","isPartOf":{"@id":"https:\/\/iparksa.com\/pt-pt\/#website"},"datePublished":"2021-10-18T13:14:12+00:00","dateModified":"2024-05-06T08:57:37+00:00","description":"Parking Cruz de Lagos es un parking c\u00e9ntrico en Granada. Tarifas con descuento para contrataciones online sin comisi\u00f3n. Entra y conoce las tarifas","breadcrumb":{"@id":"https:\/\/iparksa.com\/pt-pt\/ipark\/#breadcrumb"},"inLanguage":"pt-PT","potentialAction":[{"@type":"ReadAction","target":["https:\/\/iparksa.com\/pt-pt\/ipark\/"]}]},{"@type":"BreadcrumbList","@id":"https:\/\/iparksa.com\/pt-pt\/ipark\/#breadcrumb","itemListElement":[{"@type":"ListItem","position":1,"name":"Portada","item":"https:\/\/iparksa.com\/pt-pt\/"},{"@type":"ListItem","position":2,"name":"iPark"}]},{"@type":"WebSite","@id":"https:\/\/iparksa.com\/pt-pt\/#website","url":"https:\/\/iparksa.com\/pt-pt\/","name":"iPark","description":"Gesti\u00f3n de aparcamientos","potentialAction":[{"@type":"SearchAction","target":{"@type":"EntryPoint","urlTemplate":"https:\/\/iparksa.com\/pt-pt\/?s={search_term_string}"},"query-input":{"@type":"PropertyValueSpecification","valueRequired":true,"valueName":"search_term_string"}}],"inLanguage":"pt-PT"}]}},"_links":{"self":[{"href":"https:\/\/iparksa.com\/pt-pt\/wp-json\/wp\/v2\/pages\/5902","targetHints":{"allow":["GET"]}}],"collection":[{"href":"https:\/\/iparksa.com\/pt-pt\/wp-json\/wp\/v2\/pages"}],"about":[{"href":"https:\/\/iparksa.com\/pt-pt\/wp-json\/wp\/v2\/types\/page"}],"author":[{"embeddable":true,"href":"https:\/\/iparksa.com\/pt-pt\/wp-json\/wp\/v2\/users\/1"}],"replies":[{"embeddable":true,"href":"https:\/\/iparksa.com\/pt-pt\/wp-json\/wp\/v2\/comments?post=5902"}],"version-history":[{"count":8,"href":"https:\/\/iparksa.com\/pt-pt\/wp-json\/wp\/v2\/pages\/5902\/revisions"}],"predecessor-version":[{"id":12127,"href":"https:\/\/iparksa.com\/pt-pt\/wp-json\/wp\/v2\/pages\/5902\/revisions\/12127"}],"wp:attachment":[{"href":"https:\/\/iparksa.com\/pt-pt\/wp-json\/wp\/v2\/media?parent=5902"}],"wp:term":[{"taxonomy":"wf_page_folders","embeddable":true,"href":"https:\/\/iparksa.com\/pt-pt\/wp-json\/wp\/v2\/wf_page_folders?post=5902"}],"curies":[{"name":"wp","href":"https:\/\/api.w.org\/{rel}","templated":true}]}}