{"id":5888,"date":"2021-10-18T18:09:39","date_gmt":"2021-10-18T16:09:39","guid":{"rendered":"https:\/\/iparksa.com\/empleo\/"},"modified":"2024-01-26T11:03:30","modified_gmt":"2024-01-26T10:03:30","slug":"empleo","status":"publish","type":"page","link":"https:\/\/iparksa.com\/pt-pt\/empleo\/","title":{"rendered":"Emprego"},"content":{"rendered":"<div class=\"wpb-content-wrapper\"><p>[vc_row disable_element=&#8221;yes&#8221; wrap_container=&#8221;yes&#8221; css=&#8221;.vc_custom_1706263403327{padding-right: 3em !important;padding-left: 3em !important;}&#8221;][vc_column][vc_empty_space][vc_custom_heading text=&#8221;Ofertas de emprego&#8221; use_theme_fonts=&#8221;yes&#8221;][vc_separator color=&#8221;custom&#8221; border_width=&#8221;2&#8243; accent_color=&#8221;#a5be0b&#8221;][\/vc_column][\/vc_row][vc_row content_placement=&#8221;middle&#8221; disable_element=&#8221;yes&#8221; wrap_container=&#8221;yes&#8221; css=&#8221;.vc_custom_1706263408134{padding-right: 3em !important;padding-left: 3em !important;}&#8221;][vc_column width=&#8221;1\/2&#8243; el_class=&#8221;offer-container&#8221;][vc_custom_heading text=&#8221;PROGRAMADOR FULLSTACK&#8221; font_container=&#8221;tag:h4|text_align:left&#8221; use_theme_fonts=&#8221;yes&#8221;][vc_row_inner wrap_container=&#8221;yes&#8221; css=&#8221;.vc_custom_1660142899808{padding-top: 0px !important;padding-bottom: 0px !important;}&#8221;][vc_column_inner width=&#8221;1\/3&#8243;][vc_column_text]<i class=\"far fa-calendar-alt\"><\/i> Imediata[\/vc_column_text][\/vc_column_inner][vc_column_inner width=&#8221;1\/3&#8243;][vc_column_text]<i class=\"fas fa-map-marker-alt\"><\/i> Girona[\/vc_column_text][\/vc_column_inner][vc_column_inner width=&#8221;1\/3&#8243;][vc_column_text]<i class=\"far fa-clock\"><\/i> A tempo inteiro[\/vc_column_text][\/vc_column_inner][\/vc_row_inner][vc_row_inner][vc_column_inner width=&#8221;1\/3&#8243;][vc_column_text]<i class=\"fas fa-euro-sign\"><\/i>Indispon\u00edvel[\/vc_column_text][\/vc_column_inner][vc_column_inner width=&#8221;1\/3&#8243;][vc_column_text]<i class=\"far fa-file-alt\"><\/i> Indefinido[\/vc_column_text][\/vc_column_inner][\/vc_row_inner][\/vc_column][vc_column width=&#8221;1\/12&#8243;][\/vc_column][vc_column width=&#8221;1\/4&#8243;]<ul class=\"porto-info-list  porto-info-listd751713988987e9331980363e24189ce wpb_custom_2470fd4f9162ce1f73c94a8a2b72b3bf\"><li class=\"porto-info-list-item  wpb_custom_eade0171093a7591372ccf9372738e3d\"><i class=\"porto-info-icon fas fa-code\"><\/i><div class=\"porto-info-list-item-desc\">Visual studio<\/div><\/li><li class=\"porto-info-list-item  wpb_custom_eade0171093a7591372ccf9372738e3d\"><i class=\"porto-info-icon fas fa-th\"><\/i><div class=\"porto-info-list-item-desc\">Sql server<\/div><\/li><li class=\"porto-info-list-item  wpb_custom_eade0171093a7591372ccf9372738e3d\"><i class=\"porto-info-icon fas fa-code\"><\/i><div class=\"porto-info-list-item-desc\">C#\/VB<\/div><\/li><li class=\"porto-info-list-item  wpb_custom_eade0171093a7591372ccf9372738e3d\"><i class=\"porto-info-icon fas fa-cog\"><\/i><div class=\"porto-info-list-item-desc\">Metodologias agile\/scrum<\/div><\/li><\/ul>[\/vc_column][vc_column width=&#8221;1\/6&#8243;][vc_column_text]<a href=\"https:\/\/www.infojobs.net\/girona\/programador-fullstack\/of-i906f96c5914a9a9070ed22b5613a72?applicationOrigin=search-new%7Cversion%7Enokwscore_v1&amp;page=1&amp;sortBy=PUBLICATION_DATE\"><button class=\"vc_btn3 vc_btn3-shape-rounded vc_btn3-icon-right font-weight-bold btn btn-md btn-primary font-size-md py-2 px-4\">Ver oferta<i class=\"vc_btn3-icon fas fa-long-arrow-alt-right\"><\/i><\/button> <\/a>[\/vc_column_text][\/vc_column][vc_column][vc_separator color=&#8221;custom&#8221; border_width=&#8221;2&#8243; accent_color=&#8221;#a5be0b&#8221;][\/vc_column][\/vc_row][vc_row wrap_container=&#8221;yes&#8221; css=&#8221;.vc_custom_1642668605503{padding-right: 3em !important;padding-left: 3em !important;}&#8221;][vc_column][vc_empty_space][vc_custom_heading text=&#8221;Trabalhe connosco&#8221; use_theme_fonts=&#8221;yes&#8221;][vc_row_inner][vc_column_inner el_class=&#8221;custom-form-style-1&#8243; width=&#8221;1\/2&#8243;]\n<div class=\"wpcf7 no-js\" id=\"wpcf7-f686-o1\" lang=\"en-US\" dir=\"ltr\" data-wpcf7-id=\"686\">\n<div class=\"screen-reader-response\"><p role=\"status\" aria-live=\"polite\" aria-atomic=\"true\"><\/p> <ul><\/ul><\/div>\n<form action=\"\/pt-pt\/wp-json\/wp\/v2\/pages\/5888#wpcf7-f686-o1\" method=\"post\" class=\"wpcf7-form init\" aria-label=\"Contact form\" enctype=\"multipart\/form-data\" novalidate=\"novalidate\" data-status=\"init\">\n<fieldset class=\"hidden-fields-container\"><input type=\"hidden\" name=\"_wpcf7\" value=\"686\" \/><input type=\"hidden\" name=\"_wpcf7_version\" value=\"6.1.4\" \/><input type=\"hidden\" name=\"_wpcf7_locale\" value=\"en_US\" \/><input type=\"hidden\" name=\"_wpcf7_unit_tag\" value=\"wpcf7-f686-o1\" \/><input type=\"hidden\" name=\"_wpcf7_container_post\" value=\"0\" \/><input type=\"hidden\" name=\"_wpcf7_posted_data_hash\" value=\"\" \/><input type=\"hidden\" name=\"_wpcf7_recaptcha_response\" value=\"\" \/>\n<\/fieldset>\n<strong>FORMULARIO DE SOLICITUD DE EMPLEO<\/strong>\n<div class=\"form-row row-gutter-sm\">\n   <div class=\"form-group col mb-3\">\n      <span class=\"wpcf7-form-control-wrap\" data-name=\"nombre\"><input size=\"40\" maxlength=\"400\" class=\"wpcf7-form-control wpcf7-text wpcf7-validates-as-required form-control\" id=\"nombre\" aria-required=\"true\" aria-invalid=\"false\" placeholder=\"Nombre\" value=\"\" type=\"text\" name=\"nombre\" \/><\/span>\n    <\/div>\n<\/div>\n<div class=\"form-row row-gutter-sm\">\n   <div class=\"form-group col mb-3\">\n      <span class=\"wpcf7-form-control-wrap\" data-name=\"telefono\"><input size=\"40\" maxlength=\"400\" class=\"wpcf7-form-control wpcf7-tel wpcf7-validates-as-required wpcf7-text wpcf7-validates-as-tel form-control\" id=\"telefono\" aria-required=\"true\" aria-invalid=\"false\" placeholder=\"Tel\u00e9fono\" value=\"\" type=\"tel\" name=\"telefono\" \/><\/span>\n    <\/div>\n<\/div>\n<div class=\"form-row row-gutter-sm\">\n    <div class=\"form-group col mb-3\">\n      <span class=\"wpcf7-form-control-wrap\" data-name=\"email\"><input size=\"40\" maxlength=\"400\" class=\"wpcf7-form-control wpcf7-email wpcf7-validates-as-required wpcf7-text wpcf7-validates-as-email form-control\" id=\"email\" aria-required=\"true\" aria-invalid=\"false\" placeholder=\"E-mail\" value=\"\" type=\"email\" name=\"email\" \/><\/span>\n     <\/div>\n<\/div>\n<strong>PROVINCIA PREFERIDA<\/strong>\n<div class=\"form-row row-gutter-sm\">\n    <div class=\"form-group col mb-3\">\n      <span class=\"wpcf7-form-control-wrap\" data-name=\"provincia\"><select class=\"wpcf7-form-control wpcf7-select wpcf7-validates-as-required form-control\" aria-required=\"true\" aria-invalid=\"false\" name=\"provincia\"><option value=\"Madrid\">Madrid<\/option><option value=\"Barcelona\">Barcelona<\/option><option value=\"Granada\">Granada<\/option><option value=\"Mallorca\">Mallorca<\/option><option value=\"Murcia\">Murcia<\/option><option value=\"Gipuzkoa\">Gipuzkoa<\/option><option value=\"Cadiz\">Cadiz<\/option><option value=\"M\u00e1laga\">M\u00e1laga<\/option><option value=\"Alicante\">Alicante<\/option><option value=\"Almer\u00eda\">Almer\u00eda<\/option><option value=\"Vitoria\">Vitoria<\/option><option value=\"Bizkaia\">Bizkaia<\/option><option value=\"C\u00f3rdoba\">C\u00f3rdoba<\/option><\/select><\/span>\n     <\/div>\n<\/div>\n<div class=\"form-row row-gutter-sm\">\n    <div class=\"form-group col mb-3\">\n<span class=\"wpcf7-form-control-wrap\" data-name=\"mensaje\"><textarea cols=\"40\" rows=\"10\" maxlength=\"2000\" class=\"wpcf7-form-control wpcf7-textarea form-control\" id=\"mensaje\" aria-invalid=\"false\" placeholder=\"Mensaje\" name=\"mensaje\"><\/textarea><\/span>\n    <\/div>\n<\/div>\n<strong>ADJUNTAR CURRICULUM<\/strong>\n<div class=\"form-row row-gutter-sm\">\n    <div class=\"form-group col mb-3\">\n      <span class=\"wpcf7-form-control-wrap\" data-name=\"cv\"><input size=\"40\" class=\"wpcf7-form-control wpcf7-file\" accept=\".jpg,.png,.jpeg,.pdf\" aria-invalid=\"false\" type=\"file\" name=\"cv\" \/><\/span>\n<\/div>\n<\/div>\n<div class=\"form-row row-gutter-sm\">\n    <div class=\"form-group col mb-3\">\n<span class=\"wpcf7-form-control-wrap\" data-name=\"privacy-consent\"><span class=\"wpcf7-form-control wpcf7-checkbox wpcf7-validates-as-required\" id=\"privacy-consent\"><span class=\"wpcf7-list-item first last\"><label><input type=\"checkbox\" name=\"privacy-consent[]\" value=\"He le\u00eddo y acepto el\" \/><span class=\"wpcf7-list-item-label\">He le\u00eddo y acepto el<\/span><\/label><\/span><\/span><\/span><a href=\"https:\/\/iparksa.com\/politica-de-privacidad\/\" target=\"_blank\">Consentimiento para el tratamiento de datos personales.<\/a>\n    <\/div>\n<\/div>\n<div class=\"form-row row-gutter-sm\">\n    <div class=\"form-group col mb-3\">\n      <span class=\"wpcf7-form-control-wrap\" data-name=\"math-quiz\"><label><span class=\"wpcf7-quiz-label\">5+1=?<\/span> <input size=\"40\" class=\"wpcf7-form-control wpcf7-quiz\" autocomplete=\"off\" aria-required=\"true\" aria-invalid=\"false\" type=\"text\" name=\"math-quiz\" \/><\/label><input type=\"hidden\" name=\"_wpcf7_quiz_answer_math-quiz\" value=\"c8edb996264cf2ede0d5fb53794e2592\" \/><\/span>\n<\/div>\n<\/div>\n<div class=\"form-row\">\n  <div class=\"form-group col mb-0\">\n    <div class=\"vc_btn3-container  custom-btn-arrow mb-0 vc_btn3-inline\">\n\t<button class=\"vc_btn3 vc_btn3-shape-rounded vc_btn3-icon-right font-weight-bold btn btn-md btn-primary font-size-md py-3 px-5\">ENVIAR<i class=\"vc_btn3-icon fas fa-long-arrow-alt-right\"><\/i><\/button>\n\t<\/div>\n   <\/div>\n<\/div><input type='hidden' class='wpcf7-pum' value='{\"closepopup\":false,\"closedelay\":0,\"openpopup\":false,\"openpopup_id\":0}' \/><div class=\"wpcf7-response-output\" aria-hidden=\"true\"><\/div>\n<\/form>\n<\/div>\n[\/vc_column_inner][vc_column_inner width=&#8221;1\/2&#8243;][vc_column_text css=&#8221;.vc_custom_1669212131716{margin-top: 50px !important;}&#8221;]Devido \u00e0 variedade de servi\u00e7os, seguran\u00e7a e simplicidade, o <strong>iPark<\/strong> tornou-se uma empresa de servi\u00e7os de estacionamento de refer\u00eancia em Espanha e em Portugal.<\/p>\n<p>Sabemos perfeitamente que os nossos empregados s\u00e3o um fator essencial para o nosso sucesso. \u00c9 por isso que tentamos encontrar e angariar novos talentos, fomentando o esp\u00edrito de equipa, a capacidade de apreender e o bem-estar dos nossos colaboradores.<\/p>\n<p>Sabemos que esta \u00e9 a \u00fanica forma de manter um servi\u00e7o de excel\u00eancia que satisfaz as necessidades dos nossos clientes.<\/p>\n<p>Esfor\u00e7amo-nos por criar um ambiente de trabalho centrado no desenvolvimento, motiva\u00e7\u00e3o e reconhecimento.<\/p>\n<p>Valorizamos cada funcion\u00e1rio e as qualidades \u00fanicas que ele oferece.[\/vc_column_text][\/vc_column_inner][\/vc_row_inner][\/vc_column][\/vc_row]<\/p>\n<\/div>","protected":false},"excerpt":{"rendered":"<p>[vc_row disable_element=&#8221;yes&#8221; wrap_container=&#8221;yes&#8221; css=&#8221;.vc_custom_1706263403327{padding-right: 3em !important;padding-left: 3em !important;}&#8221;][vc_column][vc_empty_space][vc_custom_heading text=&#8221;Ofertas de emprego&#8221; use_theme_fonts=&#8221;yes&#8221;][vc_separator color=&#8221;custom&#8221; border_width=&#8221;2&#8243; accent_color=&#8221;#a5be0b&#8221;][\/vc_column][\/vc_row][vc_row content_placement=&#8221;middle&#8221; disable_element=&#8221;yes&#8221; wrap_container=&#8221;yes&#8221; css=&#8221;.vc_custom_1706263408134{padding-right: 3em !important;padding-left: 3em !important;}&#8221;][vc_column width=&#8221;1\/2&#8243; el_class=&#8221;offer-container&#8221;][vc_custom_heading text=&#8221;PROGRAMADOR FULLSTACK&#8221; font_container=&#8221;tag:h4|text_align:left&#8221; use_theme_fonts=&#8221;yes&#8221;][vc_row_inner wrap_container=&#8221;yes&#8221; css=&#8221;.vc_custom_1660142899808{padding-top: 0px !important;padding-bottom: 0px !important;}&#8221;][vc_column_inner width=&#8221;1\/3&#8243;][vc_column_text] Imediata[\/vc_column_text][\/vc_column_inner][vc_column_inner width=&#8221;1\/3&#8243;][vc_column_text] Girona[\/vc_column_text][\/vc_column_inner][vc_column_inner width=&#8221;1\/3&#8243;][vc_column_text] A tempo inteiro[\/vc_column_text][\/vc_column_inner][\/vc_row_inner][vc_row_inner][vc_column_inner width=&#8221;1\/3&#8243;][vc_column_text]Indispon\u00edvel[\/vc_column_text][\/vc_column_inner][vc_column_inner width=&#8221;1\/3&#8243;][vc_column_text] Indefinido[\/vc_column_text][\/vc_column_inner][\/vc_row_inner][\/vc_column][vc_column width=&#8221;1\/12&#8243;][\/vc_column][vc_column width=&#8221;1\/4&#8243;][\/vc_column][vc_column width=&#8221;1\/6&#8243;][vc_column_text]Ver oferta [\/vc_column_text][\/vc_column][vc_column][vc_separator color=&#8221;custom&#8221; border_width=&#8221;2&#8243; accent_color=&#8221;#a5be0b&#8221;][\/vc_column][\/vc_row][vc_row wrap_container=&#8221;yes&#8221; [&hellip;]<\/p>\n","protected":false},"author":1,"featured_media":0,"parent":0,"menu_order":0,"comment_status":"closed","ping_status":"closed","template":"","meta":{"footnotes":""},"wf_page_folders":[148],"class_list":["post-5888","page","type-page","status-publish","hentry"],"yoast_head":"<!-- This site is optimized with the Yoast SEO plugin v26.5 - https:\/\/yoast.com\/wordpress\/plugins\/seo\/ -->\n<title>Emprego - iPark<\/title>\n<meta name=\"robots\" content=\"index, follow, max-snippet:-1, max-image-preview:large, max-video-preview:-1\" \/>\n<link rel=\"canonical\" href=\"https:\/\/iparksa.com\/pt-pt\/empleo\/\" \/>\n<meta property=\"og:locale\" content=\"pt_PT\" \/>\n<meta property=\"og:type\" content=\"article\" \/>\n<meta property=\"og:title\" content=\"Emprego - iPark\" \/>\n<meta property=\"og:description\" content=\"[vc_row disable_element=&#8221;yes&#8221; wrap_container=&#8221;yes&#8221; css=&#8221;.vc_custom_1706263403327{padding-right: 3em !important;padding-left: 3em !important;}&#8221;][vc_column][vc_empty_space][vc_custom_heading text=&#8221;Ofertas de emprego&#8221; use_theme_fonts=&#8221;yes&#8221;][vc_separator color=&#8221;custom&#8221; border_width=&#8221;2&#8243; accent_color=&#8221;#a5be0b&#8221;][\/vc_column][\/vc_row][vc_row content_placement=&#8221;middle&#8221; disable_element=&#8221;yes&#8221; wrap_container=&#8221;yes&#8221; css=&#8221;.vc_custom_1706263408134{padding-right: 3em !important;padding-left: 3em !important;}&#8221;][vc_column width=&#8221;1\/2&#8243; el_class=&#8221;offer-container&#8221;][vc_custom_heading text=&#8221;PROGRAMADOR FULLSTACK&#8221; font_container=&#8221;tag:h4|text_align:left&#8221; use_theme_fonts=&#8221;yes&#8221;][vc_row_inner wrap_container=&#8221;yes&#8221; css=&#8221;.vc_custom_1660142899808{padding-top: 0px !important;padding-bottom: 0px !important;}&#8221;][vc_column_inner width=&#8221;1\/3&#8243;][vc_column_text] Imediata[\/vc_column_text][\/vc_column_inner][vc_column_inner width=&#8221;1\/3&#8243;][vc_column_text] Girona[\/vc_column_text][\/vc_column_inner][vc_column_inner width=&#8221;1\/3&#8243;][vc_column_text] A tempo inteiro[\/vc_column_text][\/vc_column_inner][\/vc_row_inner][vc_row_inner][vc_column_inner width=&#8221;1\/3&#8243;][vc_column_text]Indispon\u00edvel[\/vc_column_text][\/vc_column_inner][vc_column_inner width=&#8221;1\/3&#8243;][vc_column_text] Indefinido[\/vc_column_text][\/vc_column_inner][\/vc_row_inner][\/vc_column][vc_column width=&#8221;1\/12&#8243;][\/vc_column][vc_column width=&#8221;1\/4&#8243;][\/vc_column][vc_column width=&#8221;1\/6&#8243;][vc_column_text]Ver oferta [\/vc_column_text][\/vc_column][vc_column][vc_separator color=&#8221;custom&#8221; border_width=&#8221;2&#8243; accent_color=&#8221;#a5be0b&#8221;][\/vc_column][\/vc_row][vc_row wrap_container=&#8221;yes&#8221; [&hellip;]\" \/>\n<meta property=\"og:url\" content=\"https:\/\/iparksa.com\/pt-pt\/empleo\/\" \/>\n<meta property=\"og:site_name\" content=\"iPark\" \/>\n<meta property=\"article:modified_time\" content=\"2024-01-26T10:03:30+00:00\" \/>\n<meta name=\"twitter:card\" content=\"summary_large_image\" \/>\n<meta name=\"twitter:label1\" content=\"Tempo estimado de leitura\" \/>\n\t<meta name=\"twitter:data1\" content=\"1 minuto\" \/>\n<script type=\"application\/ld+json\" class=\"yoast-schema-graph\">{\"@context\":\"https:\/\/schema.org\",\"@graph\":[{\"@type\":\"WebPage\",\"@id\":\"https:\/\/iparksa.com\/pt-pt\/empleo\/\",\"url\":\"https:\/\/iparksa.com\/pt-pt\/empleo\/\",\"name\":\"Emprego - iPark\",\"isPartOf\":{\"@id\":\"https:\/\/iparksa.com\/pt-pt\/#website\"},\"datePublished\":\"2021-10-18T16:09:39+00:00\",\"dateModified\":\"2024-01-26T10:03:30+00:00\",\"breadcrumb\":{\"@id\":\"https:\/\/iparksa.com\/pt-pt\/empleo\/#breadcrumb\"},\"inLanguage\":\"pt-PT\",\"potentialAction\":[{\"@type\":\"ReadAction\",\"target\":[\"https:\/\/iparksa.com\/pt-pt\/empleo\/\"]}]},{\"@type\":\"BreadcrumbList\",\"@id\":\"https:\/\/iparksa.com\/pt-pt\/empleo\/#breadcrumb\",\"itemListElement\":[{\"@type\":\"ListItem\",\"position\":1,\"name\":\"Portada\",\"item\":\"https:\/\/iparksa.com\/pt-pt\/\"},{\"@type\":\"ListItem\",\"position\":2,\"name\":\"Emprego\"}]},{\"@type\":\"WebSite\",\"@id\":\"https:\/\/iparksa.com\/pt-pt\/#website\",\"url\":\"https:\/\/iparksa.com\/pt-pt\/\",\"name\":\"iPark\",\"description\":\"Gesti\u00f3n de aparcamientos\",\"potentialAction\":[{\"@type\":\"SearchAction\",\"target\":{\"@type\":\"EntryPoint\",\"urlTemplate\":\"https:\/\/iparksa.com\/pt-pt\/?s={search_term_string}\"},\"query-input\":{\"@type\":\"PropertyValueSpecification\",\"valueRequired\":true,\"valueName\":\"search_term_string\"}}],\"inLanguage\":\"pt-PT\"}]}<\/script>\n<!-- \/ Yoast SEO plugin. -->","yoast_head_json":{"title":"Emprego - iPark","robots":{"index":"index","follow":"follow","max-snippet":"max-snippet:-1","max-image-preview":"max-image-preview:large","max-video-preview":"max-video-preview:-1"},"canonical":"https:\/\/iparksa.com\/pt-pt\/empleo\/","og_locale":"pt_PT","og_type":"article","og_title":"Emprego - iPark","og_description":"[vc_row disable_element=&#8221;yes&#8221; wrap_container=&#8221;yes&#8221; css=&#8221;.vc_custom_1706263403327{padding-right: 3em !important;padding-left: 3em !important;}&#8221;][vc_column][vc_empty_space][vc_custom_heading text=&#8221;Ofertas de emprego&#8221; use_theme_fonts=&#8221;yes&#8221;][vc_separator color=&#8221;custom&#8221; border_width=&#8221;2&#8243; accent_color=&#8221;#a5be0b&#8221;][\/vc_column][\/vc_row][vc_row content_placement=&#8221;middle&#8221; disable_element=&#8221;yes&#8221; wrap_container=&#8221;yes&#8221; css=&#8221;.vc_custom_1706263408134{padding-right: 3em !important;padding-left: 3em !important;}&#8221;][vc_column width=&#8221;1\/2&#8243; el_class=&#8221;offer-container&#8221;][vc_custom_heading text=&#8221;PROGRAMADOR FULLSTACK&#8221; font_container=&#8221;tag:h4|text_align:left&#8221; use_theme_fonts=&#8221;yes&#8221;][vc_row_inner wrap_container=&#8221;yes&#8221; css=&#8221;.vc_custom_1660142899808{padding-top: 0px !important;padding-bottom: 0px !important;}&#8221;][vc_column_inner width=&#8221;1\/3&#8243;][vc_column_text] Imediata[\/vc_column_text][\/vc_column_inner][vc_column_inner width=&#8221;1\/3&#8243;][vc_column_text] Girona[\/vc_column_text][\/vc_column_inner][vc_column_inner width=&#8221;1\/3&#8243;][vc_column_text] A tempo inteiro[\/vc_column_text][\/vc_column_inner][\/vc_row_inner][vc_row_inner][vc_column_inner width=&#8221;1\/3&#8243;][vc_column_text]Indispon\u00edvel[\/vc_column_text][\/vc_column_inner][vc_column_inner width=&#8221;1\/3&#8243;][vc_column_text] Indefinido[\/vc_column_text][\/vc_column_inner][\/vc_row_inner][\/vc_column][vc_column width=&#8221;1\/12&#8243;][\/vc_column][vc_column width=&#8221;1\/4&#8243;][\/vc_column][vc_column width=&#8221;1\/6&#8243;][vc_column_text]Ver oferta [\/vc_column_text][\/vc_column][vc_column][vc_separator color=&#8221;custom&#8221; border_width=&#8221;2&#8243; accent_color=&#8221;#a5be0b&#8221;][\/vc_column][\/vc_row][vc_row wrap_container=&#8221;yes&#8221; [&hellip;]","og_url":"https:\/\/iparksa.com\/pt-pt\/empleo\/","og_site_name":"iPark","article_modified_time":"2024-01-26T10:03:30+00:00","twitter_card":"summary_large_image","twitter_misc":{"Tempo estimado de leitura":"1 minuto"},"schema":{"@context":"https:\/\/schema.org","@graph":[{"@type":"WebPage","@id":"https:\/\/iparksa.com\/pt-pt\/empleo\/","url":"https:\/\/iparksa.com\/pt-pt\/empleo\/","name":"Emprego - iPark","isPartOf":{"@id":"https:\/\/iparksa.com\/pt-pt\/#website"},"datePublished":"2021-10-18T16:09:39+00:00","dateModified":"2024-01-26T10:03:30+00:00","breadcrumb":{"@id":"https:\/\/iparksa.com\/pt-pt\/empleo\/#breadcrumb"},"inLanguage":"pt-PT","potentialAction":[{"@type":"ReadAction","target":["https:\/\/iparksa.com\/pt-pt\/empleo\/"]}]},{"@type":"BreadcrumbList","@id":"https:\/\/iparksa.com\/pt-pt\/empleo\/#breadcrumb","itemListElement":[{"@type":"ListItem","position":1,"name":"Portada","item":"https:\/\/iparksa.com\/pt-pt\/"},{"@type":"ListItem","position":2,"name":"Emprego"}]},{"@type":"WebSite","@id":"https:\/\/iparksa.com\/pt-pt\/#website","url":"https:\/\/iparksa.com\/pt-pt\/","name":"iPark","description":"Gesti\u00f3n de aparcamientos","potentialAction":[{"@type":"SearchAction","target":{"@type":"EntryPoint","urlTemplate":"https:\/\/iparksa.com\/pt-pt\/?s={search_term_string}"},"query-input":{"@type":"PropertyValueSpecification","valueRequired":true,"valueName":"search_term_string"}}],"inLanguage":"pt-PT"}]}},"_links":{"self":[{"href":"https:\/\/iparksa.com\/pt-pt\/wp-json\/wp\/v2\/pages\/5888","targetHints":{"allow":["GET"]}}],"collection":[{"href":"https:\/\/iparksa.com\/pt-pt\/wp-json\/wp\/v2\/pages"}],"about":[{"href":"https:\/\/iparksa.com\/pt-pt\/wp-json\/wp\/v2\/types\/page"}],"author":[{"embeddable":true,"href":"https:\/\/iparksa.com\/pt-pt\/wp-json\/wp\/v2\/users\/1"}],"replies":[{"embeddable":true,"href":"https:\/\/iparksa.com\/pt-pt\/wp-json\/wp\/v2\/comments?post=5888"}],"version-history":[{"count":5,"href":"https:\/\/iparksa.com\/pt-pt\/wp-json\/wp\/v2\/pages\/5888\/revisions"}],"predecessor-version":[{"id":11472,"href":"https:\/\/iparksa.com\/pt-pt\/wp-json\/wp\/v2\/pages\/5888\/revisions\/11472"}],"wp:attachment":[{"href":"https:\/\/iparksa.com\/pt-pt\/wp-json\/wp\/v2\/media?parent=5888"}],"wp:term":[{"taxonomy":"wf_page_folders","embeddable":true,"href":"https:\/\/iparksa.com\/pt-pt\/wp-json\/wp\/v2\/wf_page_folders?post=5888"}],"curies":[{"name":"wp","href":"https:\/\/api.w.org\/{rel}","templated":true}]}}