{"id":5882,"date":"2021-10-14T18:40:46","date_gmt":"2021-10-14T16:40:46","guid":{"rendered":"https:\/\/iparksa.com\/consentimiento-para-el-tratamiento-de-datos-personales\/"},"modified":"2022-11-23T15:04:13","modified_gmt":"2022-11-23T14:04:13","slug":"consentimiento-para-el-tratamiento-de-datos-personales","status":"publish","type":"page","link":"https:\/\/iparksa.com\/pt-pt\/consentimiento-para-el-tratamiento-de-datos-personales\/","title":{"rendered":"Consentimento para o tratamento de dados pessoais"},"content":{"rendered":"<div class=\"wpb-content-wrapper\"><p>[vc_row][vc_column][vc_empty_space][\/vc_column][\/vc_row][vc_row][vc_column][vc_column_text]<strong>iPark Estacionamientos y Servicios de Movilidad, SAU<\/strong>, com CIF A01516640, e sede na Calle Domingo Beltr\u00e1n de Otazu 12 Int., Parking San Jos\u00e9, 01012 Vitoria-Gasteiz, \u00e9 respons\u00e1vel pelo tratamento dos dados pessoais do utilizador e informa-o de que estes dados ser\u00e3o tratados de acordo com o disposto no Regulamento (UE) 2016\/679 de 27 de abril de 2016 (RGPD), Por conseguinte, s\u00e3o fornecidas as seguintes informa\u00e7\u00f5es sobre o tratamento:<\/p>\n<p><strong>Finalidade do tratamento<\/strong>: manter uma rela\u00e7\u00e3o comercial e o envio de comunica\u00e7\u00f5es sobre os nossos produtos e servi\u00e7os.<\/p>\n<p><strong>Crit\u00e9rios de conserva\u00e7\u00e3o de dados<\/strong>: ser\u00e3o mantidos enquanto houver interesse m\u00fatuo em manter a finalidade do tratamento e quando deixar de ser necess\u00e1rio para o efeito, ser\u00e3o suprimidos com medidas de seguran\u00e7a adequadas para garantir a pseud\u00f3nimo dos dados ou a destrui\u00e7\u00e3o total dos mesmos.<\/p>\n<p><strong>Comunica\u00e7\u00e3o de dados<\/strong>: autoriza a transfer\u00eancia dos seus dados pessoais em todos os casos em que seja necess\u00e1rio para o correto desenvolvimento, cumprimento e controlo da rela\u00e7\u00e3o com a entidade ou nos casos em que seja autorizado por uma regra com o grau de direito.<\/p>\n<p><strong>Direitos que ajudam o utilizador<\/strong>: Direito a retirar o consentimento a qualquer momento. Direito de acesso, retifica\u00e7\u00e3o, portabilidade e elimina\u00e7\u00e3o dos seus dados e limita\u00e7\u00e3o ou oposi\u00e7\u00e3o ao seu tratamento. Direito de apresentar uma reclama\u00e7\u00e3o \u00e0 Autoridade de Controlo (agpd.es) se considerar que o tratamento n\u00e3o est\u00e1 em conformidade com as normas em vigor.<\/p>\n<p><strong>Dados de contacto para exercer os seus direitos:<\/strong><a href=\"mailto:infoipark@iparksa.com\">infoipark@iparksa.com<\/a><\/p>\n<p>Compreendo a informa\u00e7\u00e3o acima e autorizo o tratamento dos dados que fornece sobre mim.[\/vc_column_text][\/vc_column][\/vc_row]<\/p>\n<\/div>","protected":false},"excerpt":{"rendered":"<p>[vc_row][vc_column][vc_empty_space][\/vc_column][\/vc_row][vc_row][vc_column][vc_column_text]iPark Estacionamientos y Servicios de Movilidad, SAU, com CIF A01516640, e sede na Calle Domingo Beltr\u00e1n de Otazu 12 Int., Parking San Jos\u00e9, 01012 Vitoria-Gasteiz, \u00e9 respons\u00e1vel pelo tratamento dos dados pessoais do utilizador e informa-o de que estes dados ser\u00e3o tratados de acordo com o disposto no Regulamento (UE) 2016\/679 de 27 de abril [&hellip;]<\/p>\n","protected":false},"author":1,"featured_media":0,"parent":0,"menu_order":0,"comment_status":"closed","ping_status":"closed","template":"","meta":{"footnotes":""},"wf_page_folders":[156],"class_list":["post-5882","page","type-page","status-publish","hentry"],"yoast_head":"<!-- This site is optimized with the Yoast SEO plugin v26.5 - https:\/\/yoast.com\/wordpress\/plugins\/seo\/ -->\n<title>Consentimento para o tratamento de dados pessoais - iPark<\/title>\n<meta name=\"robots\" content=\"index, follow, max-snippet:-1, max-image-preview:large, max-video-preview:-1\" \/>\n<link rel=\"canonical\" href=\"https:\/\/iparksa.com\/pt-pt\/consentimiento-para-el-tratamiento-de-datos-personales\/\" \/>\n<meta property=\"og:locale\" content=\"pt_PT\" \/>\n<meta property=\"og:type\" content=\"article\" \/>\n<meta property=\"og:title\" content=\"Consentimento para o tratamento de dados pessoais - iPark\" \/>\n<meta property=\"og:description\" content=\"[vc_row][vc_column][vc_empty_space][\/vc_column][\/vc_row][vc_row][vc_column][vc_column_text]iPark Estacionamientos y Servicios de Movilidad, SAU, com CIF A01516640, e sede na Calle Domingo Beltr\u00e1n de Otazu 12 Int., Parking San Jos\u00e9, 01012 Vitoria-Gasteiz, \u00e9 respons\u00e1vel pelo tratamento dos dados pessoais do utilizador e informa-o de que estes dados ser\u00e3o tratados de acordo com o disposto no Regulamento (UE) 2016\/679 de 27 de abril [&hellip;]\" \/>\n<meta property=\"og:url\" content=\"https:\/\/iparksa.com\/pt-pt\/consentimiento-para-el-tratamiento-de-datos-personales\/\" \/>\n<meta property=\"og:site_name\" content=\"iPark\" \/>\n<meta property=\"article:modified_time\" content=\"2022-11-23T14:04:13+00:00\" \/>\n<meta name=\"twitter:card\" content=\"summary_large_image\" \/>\n<meta name=\"twitter:label1\" content=\"Tempo estimado de leitura\" \/>\n\t<meta name=\"twitter:data1\" content=\"2 minutos\" \/>\n<script type=\"application\/ld+json\" class=\"yoast-schema-graph\">{\"@context\":\"https:\/\/schema.org\",\"@graph\":[{\"@type\":\"WebPage\",\"@id\":\"https:\/\/iparksa.com\/pt-pt\/consentimiento-para-el-tratamiento-de-datos-personales\/\",\"url\":\"https:\/\/iparksa.com\/pt-pt\/consentimiento-para-el-tratamiento-de-datos-personales\/\",\"name\":\"Consentimento para o tratamento de dados pessoais - iPark\",\"isPartOf\":{\"@id\":\"https:\/\/iparksa.com\/pt-pt\/#website\"},\"datePublished\":\"2021-10-14T16:40:46+00:00\",\"dateModified\":\"2022-11-23T14:04:13+00:00\",\"breadcrumb\":{\"@id\":\"https:\/\/iparksa.com\/pt-pt\/consentimiento-para-el-tratamiento-de-datos-personales\/#breadcrumb\"},\"inLanguage\":\"pt-PT\",\"potentialAction\":[{\"@type\":\"ReadAction\",\"target\":[\"https:\/\/iparksa.com\/pt-pt\/consentimiento-para-el-tratamiento-de-datos-personales\/\"]}]},{\"@type\":\"BreadcrumbList\",\"@id\":\"https:\/\/iparksa.com\/pt-pt\/consentimiento-para-el-tratamiento-de-datos-personales\/#breadcrumb\",\"itemListElement\":[{\"@type\":\"ListItem\",\"position\":1,\"name\":\"Portada\",\"item\":\"https:\/\/iparksa.com\/pt-pt\/\"},{\"@type\":\"ListItem\",\"position\":2,\"name\":\"Consentimento para o tratamento de dados pessoais\"}]},{\"@type\":\"WebSite\",\"@id\":\"https:\/\/iparksa.com\/pt-pt\/#website\",\"url\":\"https:\/\/iparksa.com\/pt-pt\/\",\"name\":\"iPark\",\"description\":\"Gesti\u00f3n de aparcamientos\",\"potentialAction\":[{\"@type\":\"SearchAction\",\"target\":{\"@type\":\"EntryPoint\",\"urlTemplate\":\"https:\/\/iparksa.com\/pt-pt\/?s={search_term_string}\"},\"query-input\":{\"@type\":\"PropertyValueSpecification\",\"valueRequired\":true,\"valueName\":\"search_term_string\"}}],\"inLanguage\":\"pt-PT\"}]}<\/script>\n<!-- \/ Yoast SEO plugin. -->","yoast_head_json":{"title":"Consentimento para o tratamento de dados pessoais - iPark","robots":{"index":"index","follow":"follow","max-snippet":"max-snippet:-1","max-image-preview":"max-image-preview:large","max-video-preview":"max-video-preview:-1"},"canonical":"https:\/\/iparksa.com\/pt-pt\/consentimiento-para-el-tratamiento-de-datos-personales\/","og_locale":"pt_PT","og_type":"article","og_title":"Consentimento para o tratamento de dados pessoais - iPark","og_description":"[vc_row][vc_column][vc_empty_space][\/vc_column][\/vc_row][vc_row][vc_column][vc_column_text]iPark Estacionamientos y Servicios de Movilidad, SAU, com CIF A01516640, e sede na Calle Domingo Beltr\u00e1n de Otazu 12 Int., Parking San Jos\u00e9, 01012 Vitoria-Gasteiz, \u00e9 respons\u00e1vel pelo tratamento dos dados pessoais do utilizador e informa-o de que estes dados ser\u00e3o tratados de acordo com o disposto no Regulamento (UE) 2016\/679 de 27 de abril [&hellip;]","og_url":"https:\/\/iparksa.com\/pt-pt\/consentimiento-para-el-tratamiento-de-datos-personales\/","og_site_name":"iPark","article_modified_time":"2022-11-23T14:04:13+00:00","twitter_card":"summary_large_image","twitter_misc":{"Tempo estimado de leitura":"2 minutos"},"schema":{"@context":"https:\/\/schema.org","@graph":[{"@type":"WebPage","@id":"https:\/\/iparksa.com\/pt-pt\/consentimiento-para-el-tratamiento-de-datos-personales\/","url":"https:\/\/iparksa.com\/pt-pt\/consentimiento-para-el-tratamiento-de-datos-personales\/","name":"Consentimento para o tratamento de dados pessoais - iPark","isPartOf":{"@id":"https:\/\/iparksa.com\/pt-pt\/#website"},"datePublished":"2021-10-14T16:40:46+00:00","dateModified":"2022-11-23T14:04:13+00:00","breadcrumb":{"@id":"https:\/\/iparksa.com\/pt-pt\/consentimiento-para-el-tratamiento-de-datos-personales\/#breadcrumb"},"inLanguage":"pt-PT","potentialAction":[{"@type":"ReadAction","target":["https:\/\/iparksa.com\/pt-pt\/consentimiento-para-el-tratamiento-de-datos-personales\/"]}]},{"@type":"BreadcrumbList","@id":"https:\/\/iparksa.com\/pt-pt\/consentimiento-para-el-tratamiento-de-datos-personales\/#breadcrumb","itemListElement":[{"@type":"ListItem","position":1,"name":"Portada","item":"https:\/\/iparksa.com\/pt-pt\/"},{"@type":"ListItem","position":2,"name":"Consentimento para o tratamento de dados pessoais"}]},{"@type":"WebSite","@id":"https:\/\/iparksa.com\/pt-pt\/#website","url":"https:\/\/iparksa.com\/pt-pt\/","name":"iPark","description":"Gesti\u00f3n de aparcamientos","potentialAction":[{"@type":"SearchAction","target":{"@type":"EntryPoint","urlTemplate":"https:\/\/iparksa.com\/pt-pt\/?s={search_term_string}"},"query-input":{"@type":"PropertyValueSpecification","valueRequired":true,"valueName":"search_term_string"}}],"inLanguage":"pt-PT"}]}},"_links":{"self":[{"href":"https:\/\/iparksa.com\/pt-pt\/wp-json\/wp\/v2\/pages\/5882","targetHints":{"allow":["GET"]}}],"collection":[{"href":"https:\/\/iparksa.com\/pt-pt\/wp-json\/wp\/v2\/pages"}],"about":[{"href":"https:\/\/iparksa.com\/pt-pt\/wp-json\/wp\/v2\/types\/page"}],"author":[{"embeddable":true,"href":"https:\/\/iparksa.com\/pt-pt\/wp-json\/wp\/v2\/users\/1"}],"replies":[{"embeddable":true,"href":"https:\/\/iparksa.com\/pt-pt\/wp-json\/wp\/v2\/comments?post=5882"}],"version-history":[{"count":4,"href":"https:\/\/iparksa.com\/pt-pt\/wp-json\/wp\/v2\/pages\/5882\/revisions"}],"predecessor-version":[{"id":5892,"href":"https:\/\/iparksa.com\/pt-pt\/wp-json\/wp\/v2\/pages\/5882\/revisions\/5892"}],"wp:attachment":[{"href":"https:\/\/iparksa.com\/pt-pt\/wp-json\/wp\/v2\/media?parent=5882"}],"wp:term":[{"taxonomy":"wf_page_folders","embeddable":true,"href":"https:\/\/iparksa.com\/pt-pt\/wp-json\/wp\/v2\/wf_page_folders?post=5882"}],"curies":[{"name":"wp","href":"https:\/\/api.w.org\/{rel}","templated":true}]}}