{"id":14077,"date":"2024-12-11T12:50:45","date_gmt":"2024-12-11T11:50:45","guid":{"rendered":"https:\/\/iparksa.com\/webs-del-grupo-ipark\/"},"modified":"2025-03-07T13:39:30","modified_gmt":"2025-03-07T12:39:30","slug":"webs-del-grupo-ipark","status":"publish","type":"page","link":"https:\/\/iparksa.com\/pt-pt\/webs-del-grupo-ipark\/","title":{"rendered":"Sites do Grupo IPARK"},"content":{"rendered":"<div class=\"wpb-content-wrapper\"><p>[vc_row][vc_column][vc_empty_space][\/vc_column][\/vc_row][vc_row][vc_column][vc_column_text]<\/p>\n<p align=\"justify\"><span style=\"font-size: small;\"><b>GRUPO EMPRESARIAL IPARK<\/b><\/span><\/p>\n<p align=\"justify\"><span style=\"font-size: small;\">Os dados pessoais fornecidos ao se registrar no site ou ao utilizar os diversos servi\u00e7os oferecidos atrav\u00e9s do mesmo ser\u00e3o tratados, de acordo com o indicado nesta pol\u00edtica de privacidade, por (i) <strong data-start=\"228\" data-end=\"285\">IPARK ESTACIONAMENTOS E SERVI\u00c7OS DE MOBILIDADE S.A.U.<\/strong> (doravante, iPark), na sua condi\u00e7\u00e3o de matriz do <strong data-start=\"335\" data-end=\"350\">Grupo Ipark<\/strong> e entidade gestora do site; e, se for o caso, (ii) pelas seguintes entidades pertencentes a esse grupo (doravante, individualmente a \u201cFilial\u201d e, em conjunto, as \u201cFiliais\u201d):<\/span><\/p>\n<p align=\"justify\"><span style=\"font-size: small;\"><strong data-start=\"527\" data-end=\"584\">&#8220;Ipark Estacionamientos y Servicios de Movilidad SAU&#8221;<\/strong>, com CIF A01516640, e endere\u00e7o em Camino de las Ceudas 2, 28232 Las Rozas de Madrid, propriet\u00e1ria dos seguintes estacionamentos:<\/span><\/p>\n<ul>\n<li><span style=\"font-size: small;\">Parking Cartagena (Cartagena)<\/span><\/li>\n<li><span style=\"font-size: small;\">Parking Torremolinos (M\u00e1laga)<\/span><\/li>\n<li><span style=\"font-size: small;\">Avivapark Parking Centro (C\u00f3rdoba)<\/span><\/li>\n<li><span style=\"font-size: small;\">Parking Verdaguer y Garc\u00eda (Madrid)<\/span><\/li>\n<li><span style=\"font-size: small;\">Parking Mallorca (Mallorca)<\/span><\/li>\n<li><span style=\"font-size: small;\">Parking Punta Umbr\u00eda (Huelva)<\/span><\/li>\n<li><span style=\"font-size: small;\">Parking Compostilla (Ponferrada)<\/span><\/li>\n<li><span style=\"font-size: small;\">Parking Gadir (C\u00e1diz)<\/span><\/li>\n<li><span style=\"font-size: small;\">Parking Hospital Costa Luz (Huelva)<\/span><\/li>\n<li><span style=\"font-size: small;\">Parking Moguer (Huelva)<\/span><\/li>\n<li><span style=\"font-size: small;\">Parking Santa Pola (Santa Pola)<\/span><\/li>\n<li><span style=\"font-size: small;\">Parking El Escorial (El Escorial)<\/span><\/li>\n<li><span style=\"font-size: small;\">Parking Rambla Obispo Orber\u00e1 (Almer\u00eda)<\/span><\/li>\n<li><span style=\"font-size: small;\">Parking Agust\u00edn de Fox\u00e1 (Madrid)<\/span><\/li>\n<li><span style=\"font-size: small;\">Parking San Jos\u00e9 (Vitoria)<\/span><\/li>\n<li><span style=\"font-size: small;\">Parking Arcco Amara (Guip\u00fazcoa)<\/span><\/li>\n<li><span style=\"font-size: small;\">Parking Zumaia (Guip\u00fazcoa)<\/span><\/li>\n<li><span style=\"font-size: small;\">Parking Poeta Quintana (Madrid)<\/span><\/li>\n<li><span style=\"font-size: small;\">Parking Ronda Centro (Granada)<\/span><\/li>\n<\/ul>\n<p align=\"justify\"><span style=\"font-size: small;\"><strong data-start=\"1385\" data-end=\"1424\">&#8220;Parkings Pico de la Esperanza SLU&#8221;<\/strong>, com CIF B78436755, e endere\u00e7o em Camino de las Ceudas 2, 28232 Las Rozas de Madrid, propriet\u00e1ria dos seguintes estacionamentos:<\/span><\/p>\n<ul>\n<li><span style=\"font-size: small;\">Parking de Mercado de Abastos (Algeciras)<\/span><\/li>\n<li><span style=\"font-size: small;\">Parking Aeropuerto (M\u00e1laga)<\/span><\/li>\n<li><span style=\"font-size: small;\">Parking Garaje de Am\u00e9rica (C\u00e1diz)<\/span><\/li>\n<li><span style=\"font-size: small;\">Parking Gran V\u00eda (Santiago de Compostela)<\/span><\/li>\n<li><span style=\"font-size: small;\">Parking Princesa (Madrid)<\/span><\/li>\n<li><span style=\"font-size: small;\">Parking Madariaga (Bilbao)<\/span><\/li>\n<li><span style=\"font-size: small;\">Parking Goya (Madrid)<\/span><\/li>\n<li><span style=\"font-size: small;\">Parking de Pueblo Blanco (Torremolinos)<\/span><\/li>\n<li><span style=\"font-size: small;\">Parking El Espol\u00f3n (Soria)<\/span><\/li>\n<li><span style=\"font-size: small;\">Parking C\u00e1novas (C\u00e1ceres)<\/span><\/li>\n<li><span style=\"font-size: small;\">Parking Centro Col\u00f3n (Vigo)<\/span><\/li>\n<li><span style=\"font-size: small;\">Parking Hispano (Algeciras)<\/span><\/li>\n<li><span style=\"font-size: small;\">Parking Puertas de Gibraltar (C\u00e1diz)<\/span><\/li>\n<li><span style=\"font-size: small;\">Parking Atocha 70 (Madrid)<\/span><\/li>\n<\/ul>\n<p align=\"justify\"><span style=\"font-size: small;\"><strong data-start=\"2048\" data-end=\"2102\">&#8220;Cruz de Lagos Aparcamientos Concesionales S.L.U.&#8221;<\/strong>, com CIF B19568815, e endere\u00e7o em Camino de las Ceudas 2, 28232 Las Rozas de Madrid, propriet\u00e1ria dos seguintes estacionamentos:<\/span><\/p>\n<ul>\n<li><span style=\"font-size: small;\">Parking Severo Ochoa (Granada)<\/span><\/li>\n<li><span style=\"font-size: small;\">Parking Cruz de Lagos (Granada)<\/span><\/li>\n<\/ul>\n<p align=\"justify\"><span style=\"font-size: small;\"><strong data-start=\"2307\" data-end=\"2337\">&#8220;Riosa Aparcamientos S.L.&#8221;<\/strong>, com CIF B42194795 e endere\u00e7o em Camino de Las Ceudas 2, Planta 1, Oficina O, 28232 Las Rozas de Madrid, propriet\u00e1ria do seguinte estacionamento:<br \/>\n<\/span><\/p>\n<ul>\n<li><span style=\"font-size: small;\">Parking Paseo del Espol\u00f3n (Soria)<\/span><\/li>\n<\/ul>\n<p align=\"justify\"><span style=\"font-size: small;\"><strong data-start=\"2526\" data-end=\"2548\">&#8220;Fergaltrans S.L.&#8221;<\/strong>, com CIF B20758777 e endere\u00e7o em Camino de Las Ceudas 2, Planta 1, Oficina O, 28232 Las Rozas de Madrid, propriet\u00e1ria do seguinte estacionamento:<\/span><\/p>\n<ul>\n<li><span style=\"font-size: small;\">\u00a0Parking Fergaltrans (Telde)<\/span><\/li>\n<\/ul>\n<p align=\"justify\"><span style=\"font-size: small;\"><strong data-start=\"2731\" data-end=\"2773\">&#8220;Ipark Aparcamientos Canarios, S.L.U.&#8221;<\/strong>, com CIF B88359948 e endere\u00e7o em Calle Antonio Mar\u00eda Manrique, n\u00famero 3, planta 5, porta 4, propriet\u00e1ria do seguinte estacionamento:<\/span><\/p>\n<ul>\n<li><span style=\"font-size: small;\">EsteticPark (Telde)<\/span><\/li>\n<\/ul>\n<p align=\"justify\"><span style=\"font-size: small;\"><strong data-start=\"2935\" data-end=\"2961\">&#8220;Parking Santiago SL.&#8221;<\/strong>, com CIF B70493580 e endere\u00e7o em Camino de Las Ceudas 2, Planta 1, Oficina O, 28232 Las Rozas de Madrid, propriet\u00e1ria do seguinte estacionamento:<\/span><\/p>\n<ul>\n<li><span style=\"font-size: small;\">Parking Santiago (Santiago de Compostela)<\/span><\/li>\n<\/ul>\n<p align=\"justify\"><span style=\"font-size: small;\"><strong data-start=\"3158\" data-end=\"3192\">&#8220;Parkings Alta Ocupaci\u00f3n S.L.&#8221;<\/strong>, com CIF B78436755, e endere\u00e7o em Camino de las Ceudas 2, 28232 Las Rozas de Madrid, propriet\u00e1ria do seguinte estacionamento:<\/span><\/p>\n<ul>\n<li><span style=\"font-size: small;\">Parking Jos\u00e9 Barn\u00e9s (Murcia)<\/span><\/li>\n<\/ul>\n<p align=\"justify\"><span style=\"font-size: small;\"><strong data-start=\"3356\" data-end=\"3395\">&#8220;Low Cost Estacionamos por si Lda.&#8221;<\/strong>, com contribuinte 509228607, e endere\u00e7o em Avenida do Aeroporto n\u00ba 314, 4470-558 Maia, Portugal, propriet\u00e1ria dos seguintes estacionamentos:<\/span><\/p>\n<ul>\n<li><span style=\"font-size: small;\">Parking S\u00e3o L\u00e1zaro (Braga)<\/span><\/li>\n<li><span style=\"font-size: small;\">Parque Central (Cacem \u2013 Lisboa)<\/span><\/li>\n<li><span style=\"font-size: small;\">Parking Misericordia (Lisboa)<\/span><\/li>\n<li><span style=\"font-size: small;\">Parque Cais de Gaia (Gaia \u2013 Porto)<\/span><\/li>\n<li><span style=\"font-size: small;\">Parking Bonjardim\/Bolh\u00e3o (Porto)<\/span><\/li>\n<li><span style=\"font-size: small;\">Red Parking (Maia \u2013 Porto)<\/span><\/li>\n<li><span style=\"font-size: small;\">Green Parking (Maia &#8211; Porto)<\/span><\/li>\n<li><span style=\"font-size: small;\">Orange Parking (Maia \u2013 Porto)<\/span><\/li>\n<li><span style=\"font-size: small;\">Park e Voa (Maia \u2013 Porto)<\/span><\/li>\n<li><span style=\"font-size: small;\">Parking 4 you (Maia \u2013 Porto)<\/span><\/li>\n<li><span style=\"font-size: small;\">Park and Fly Faro (Faro)<\/span><\/li>\n<\/ul>\n<p>[\/vc_column_text][\/vc_column][\/vc_row]<\/p>\n<\/div>","protected":false},"excerpt":{"rendered":"<p>[vc_row][vc_column][vc_empty_space][\/vc_column][\/vc_row][vc_row][vc_column][vc_column_text] GRUPO EMPRESARIAL IPARK Os dados pessoais fornecidos ao se registrar no site ou ao utilizar os diversos servi\u00e7os oferecidos atrav\u00e9s do mesmo ser\u00e3o tratados, de acordo com o indicado nesta pol\u00edtica de privacidade, por (i) IPARK ESTACIONAMENTOS E SERVI\u00c7OS DE MOBILIDADE S.A.U. (doravante, iPark), na sua condi\u00e7\u00e3o de matriz do Grupo Ipark e entidade [&hellip;]<\/p>\n","protected":false},"author":3,"featured_media":0,"parent":0,"menu_order":0,"comment_status":"closed","ping_status":"closed","template":"","meta":{"footnotes":""},"wf_page_folders":[152],"class_list":["post-14077","page","type-page","status-publish","hentry"],"yoast_head":"<!-- This site is optimized with the Yoast SEO plugin v27.4 - https:\/\/yoast.com\/product\/yoast-seo-wordpress\/ -->\n<title>Sites do Grupo IPARK - iPark<\/title>\n<meta name=\"robots\" content=\"index, follow, max-snippet:-1, max-image-preview:large, max-video-preview:-1\" \/>\n<link rel=\"canonical\" href=\"https:\/\/iparksa.com\/pt-pt\/webs-del-grupo-ipark\/\" \/>\n<meta property=\"og:locale\" content=\"pt_PT\" \/>\n<meta property=\"og:type\" content=\"article\" \/>\n<meta property=\"og:title\" content=\"Sites do Grupo IPARK - iPark\" \/>\n<meta property=\"og:description\" content=\"[vc_row][vc_column][vc_empty_space][\/vc_column][\/vc_row][vc_row][vc_column][vc_column_text] GRUPO EMPRESARIAL IPARK Os dados pessoais fornecidos ao se registrar no site ou ao utilizar os diversos servi\u00e7os oferecidos atrav\u00e9s do mesmo ser\u00e3o tratados, de acordo com o indicado nesta pol\u00edtica de privacidade, por (i) IPARK ESTACIONAMENTOS E SERVI\u00c7OS DE MOBILIDADE S.A.U. (doravante, iPark), na sua condi\u00e7\u00e3o de matriz do Grupo Ipark e entidade [&hellip;]\" \/>\n<meta property=\"og:url\" content=\"https:\/\/iparksa.com\/pt-pt\/webs-del-grupo-ipark\/\" \/>\n<meta property=\"og:site_name\" content=\"iPark\" \/>\n<meta property=\"article:modified_time\" content=\"2025-03-07T12:39:30+00:00\" \/>\n<meta name=\"twitter:card\" content=\"summary_large_image\" \/>\n<meta name=\"twitter:label1\" content=\"Tempo estimado de leitura\" \/>\n\t<meta name=\"twitter:data1\" content=\"3 minutos\" \/>\n<script type=\"application\/ld+json\" class=\"yoast-schema-graph\">{\"@context\":\"https:\\\/\\\/schema.org\",\"@graph\":[{\"@type\":\"WebPage\",\"@id\":\"https:\\\/\\\/iparksa.com\\\/pt-pt\\\/webs-del-grupo-ipark\\\/\",\"url\":\"https:\\\/\\\/iparksa.com\\\/pt-pt\\\/webs-del-grupo-ipark\\\/\",\"name\":\"Sites do Grupo IPARK - iPark\",\"isPartOf\":{\"@id\":\"https:\\\/\\\/iparksa.com\\\/pt-pt\\\/#website\"},\"datePublished\":\"2024-12-11T11:50:45+00:00\",\"dateModified\":\"2025-03-07T12:39:30+00:00\",\"breadcrumb\":{\"@id\":\"https:\\\/\\\/iparksa.com\\\/pt-pt\\\/webs-del-grupo-ipark\\\/#breadcrumb\"},\"inLanguage\":\"pt-PT\",\"potentialAction\":[{\"@type\":\"ReadAction\",\"target\":[\"https:\\\/\\\/iparksa.com\\\/pt-pt\\\/webs-del-grupo-ipark\\\/\"]}]},{\"@type\":\"BreadcrumbList\",\"@id\":\"https:\\\/\\\/iparksa.com\\\/pt-pt\\\/webs-del-grupo-ipark\\\/#breadcrumb\",\"itemListElement\":[{\"@type\":\"ListItem\",\"position\":1,\"name\":\"Portada\",\"item\":\"https:\\\/\\\/iparksa.com\\\/pt-pt\\\/\"},{\"@type\":\"ListItem\",\"position\":2,\"name\":\"Sites do Grupo IPARK\"}]},{\"@type\":\"WebSite\",\"@id\":\"https:\\\/\\\/iparksa.com\\\/pt-pt\\\/#website\",\"url\":\"https:\\\/\\\/iparksa.com\\\/pt-pt\\\/\",\"name\":\"iPark\",\"description\":\"Gesti\u00f3n de aparcamientos\",\"potentialAction\":[{\"@type\":\"SearchAction\",\"target\":{\"@type\":\"EntryPoint\",\"urlTemplate\":\"https:\\\/\\\/iparksa.com\\\/pt-pt\\\/?s={search_term_string}\"},\"query-input\":{\"@type\":\"PropertyValueSpecification\",\"valueRequired\":true,\"valueName\":\"search_term_string\"}}],\"inLanguage\":\"pt-PT\"}]}<\/script>\n<!-- \/ Yoast SEO plugin. -->","yoast_head_json":{"title":"Sites do Grupo IPARK - iPark","robots":{"index":"index","follow":"follow","max-snippet":"max-snippet:-1","max-image-preview":"max-image-preview:large","max-video-preview":"max-video-preview:-1"},"canonical":"https:\/\/iparksa.com\/pt-pt\/webs-del-grupo-ipark\/","og_locale":"pt_PT","og_type":"article","og_title":"Sites do Grupo IPARK - iPark","og_description":"[vc_row][vc_column][vc_empty_space][\/vc_column][\/vc_row][vc_row][vc_column][vc_column_text] GRUPO EMPRESARIAL IPARK Os dados pessoais fornecidos ao se registrar no site ou ao utilizar os diversos servi\u00e7os oferecidos atrav\u00e9s do mesmo ser\u00e3o tratados, de acordo com o indicado nesta pol\u00edtica de privacidade, por (i) IPARK ESTACIONAMENTOS E SERVI\u00c7OS DE MOBILIDADE S.A.U. (doravante, iPark), na sua condi\u00e7\u00e3o de matriz do Grupo Ipark e entidade [&hellip;]","og_url":"https:\/\/iparksa.com\/pt-pt\/webs-del-grupo-ipark\/","og_site_name":"iPark","article_modified_time":"2025-03-07T12:39:30+00:00","twitter_card":"summary_large_image","twitter_misc":{"Tempo estimado de leitura":"3 minutos"},"schema":{"@context":"https:\/\/schema.org","@graph":[{"@type":"WebPage","@id":"https:\/\/iparksa.com\/pt-pt\/webs-del-grupo-ipark\/","url":"https:\/\/iparksa.com\/pt-pt\/webs-del-grupo-ipark\/","name":"Sites do Grupo IPARK - iPark","isPartOf":{"@id":"https:\/\/iparksa.com\/pt-pt\/#website"},"datePublished":"2024-12-11T11:50:45+00:00","dateModified":"2025-03-07T12:39:30+00:00","breadcrumb":{"@id":"https:\/\/iparksa.com\/pt-pt\/webs-del-grupo-ipark\/#breadcrumb"},"inLanguage":"pt-PT","potentialAction":[{"@type":"ReadAction","target":["https:\/\/iparksa.com\/pt-pt\/webs-del-grupo-ipark\/"]}]},{"@type":"BreadcrumbList","@id":"https:\/\/iparksa.com\/pt-pt\/webs-del-grupo-ipark\/#breadcrumb","itemListElement":[{"@type":"ListItem","position":1,"name":"Portada","item":"https:\/\/iparksa.com\/pt-pt\/"},{"@type":"ListItem","position":2,"name":"Sites do Grupo IPARK"}]},{"@type":"WebSite","@id":"https:\/\/iparksa.com\/pt-pt\/#website","url":"https:\/\/iparksa.com\/pt-pt\/","name":"iPark","description":"Gesti\u00f3n de aparcamientos","potentialAction":[{"@type":"SearchAction","target":{"@type":"EntryPoint","urlTemplate":"https:\/\/iparksa.com\/pt-pt\/?s={search_term_string}"},"query-input":{"@type":"PropertyValueSpecification","valueRequired":true,"valueName":"search_term_string"}}],"inLanguage":"pt-PT"}]}},"_links":{"self":[{"href":"https:\/\/iparksa.com\/pt-pt\/wp-json\/wp\/v2\/pages\/14077","targetHints":{"allow":["GET"]}}],"collection":[{"href":"https:\/\/iparksa.com\/pt-pt\/wp-json\/wp\/v2\/pages"}],"about":[{"href":"https:\/\/iparksa.com\/pt-pt\/wp-json\/wp\/v2\/types\/page"}],"author":[{"embeddable":true,"href":"https:\/\/iparksa.com\/pt-pt\/wp-json\/wp\/v2\/users\/3"}],"replies":[{"embeddable":true,"href":"https:\/\/iparksa.com\/pt-pt\/wp-json\/wp\/v2\/comments?post=14077"}],"version-history":[{"count":2,"href":"https:\/\/iparksa.com\/pt-pt\/wp-json\/wp\/v2\/pages\/14077\/revisions"}],"predecessor-version":[{"id":14081,"href":"https:\/\/iparksa.com\/pt-pt\/wp-json\/wp\/v2\/pages\/14077\/revisions\/14081"}],"wp:attachment":[{"href":"https:\/\/iparksa.com\/pt-pt\/wp-json\/wp\/v2\/media?parent=14077"}],"wp:term":[{"taxonomy":"wf_page_folders","embeddable":true,"href":"https:\/\/iparksa.com\/pt-pt\/wp-json\/wp\/v2\/wf_page_folders?post=14077"}],"curies":[{"name":"wp","href":"https:\/\/api.w.org\/{rel}","templated":true}]}}