{"id":14012,"date":"2025-01-29T14:04:37","date_gmt":"2025-01-29T13:04:37","guid":{"rendered":"https:\/\/iparksa.com\/servicio-valet-chamartin-y-atocha\/"},"modified":"2025-07-04T10:41:48","modified_gmt":"2025-07-04T08:41:48","slug":"servicio-valet-parking-ave-atocha-chamartin","status":"publish","type":"page","link":"https:\/\/iparksa.com\/pt-pt\/servicio-valet-parking-ave-atocha-chamartin\/","title":{"rendered":"Servi\u00e7o parking valet <span class=\"green\"> AVE ATOCHA\/CHAMARTIN<\/span>"},"content":{"rendered":"<div class=\"wpb-content-wrapper\"><p>[vc_row][vc_column][vc_empty_space height=&#8221;3vh&#8221;][\/vc_column][\/vc_row][vc_row css=&#8221;.vc_custom_1741356516683{padding-top: 30px !important;padding-bottom: 60px !important;}&#8221;][vc_column][vc_column_text]<\/p>\n<p style=\"text-align: center;\"><span style=\"font-size: 42px; color: #02263e;\"><strong>COMO FUNCIONAMOS<\/strong><\/span><\/p>\n<p>[\/vc_column_text][vc_column_text]<\/p>\n<p style=\"text-align: center;\"><span style=\"font-size: 22px; color: #02263e;\"><strong>TUDO PENSADO PARA TE OFERECER UM SERVI\u00c7O INESQUEC\u00cdVEL.<\/strong><\/span><\/p>\n<p>[\/vc_column_text][\/vc_column][\/vc_row][vc_row][vc_column width=&#8221;1\/3&#8243;][vc_icon type=&#8221;openiconic&#8221; icon_openiconic=&#8221;vc-oi vc-oi-eye&#8221; color=&#8221;custom&#8221; background_style=&#8221;rounded&#8221; background_color=&#8221;custom&#8221; size=&#8221;lg&#8221; align=&#8221;center&#8221; custom_color=&#8221;#ffffff&#8221; custom_background_color=&#8221;#a5be0b&#8221;][vc_column_text css=&#8221;.vc_custom_1741708324742{padding-right: 10px !important;padding-left: 10px !important;}&#8221;]<\/p>\n<p style=\"text-align: center;\"><strong>Reserve o seu servi\u00e7o de Valet Parking, de forma r\u00e1pida e confort\u00e1vel.<br \/>\nNovo sistema PR\u00c9-PAGO!<\/strong>[\/vc_column_text][\/vc_column][vc_column width=&#8221;1\/3&#8243;][vc_icon type=&#8221;material&#8221; icon_material=&#8221;vc-material vc-material-directions_car&#8221; color=&#8221;custom&#8221; background_style=&#8221;rounded&#8221; background_color=&#8221;custom&#8221; size=&#8221;lg&#8221; align=&#8221;center&#8221; custom_color=&#8221;#ffffff&#8221; custom_background_color=&#8221;#a5be0b&#8221;][vc_column_text css=&#8221;.vc_custom_1741359111129{padding-right: 10px !important;padding-left: 10px !important;}&#8221;]<\/p>\n<p style=\"text-align: center;\"><b>Entregue seu ve\u00edculo na sua pr\u00f3pria terminal, sem espera. Receba seu contrato online.<\/b><\/p>\n<p>[\/vc_column_text][\/vc_column][vc_column width=&#8221;1\/3&#8243;][vc_icon type=&#8221;material&#8221; icon_material=&#8221;vc-material vc-material-lock&#8221; color=&#8221;custom&#8221; background_style=&#8221;rounded&#8221; background_color=&#8221;custom&#8221; size=&#8221;lg&#8221; align=&#8221;center&#8221; custom_color=&#8221;#ffffff&#8221; custom_background_color=&#8221;#a5be0b&#8221;][vc_column_text css=&#8221;.vc_custom_1741359128978{padding-right: 10px !important;padding-left: 10px !important;}&#8221;]<\/p>\n<p style=\"text-align: center;\"><b>Devolvemos seu ve\u00edculo na mesma porta. Sem pagamentos na entrega, muito mais r\u00e1pido!<\/b><\/p>\n<p>[\/vc_column_text][\/vc_column][\/vc_row][vc_row wrap_container=&#8221;yes&#8221; el_id=&#8221;hiw&#8221; css=&#8221;.vc_custom_1642676473740{padding-right: 3em !important;padding-left: 3em !important;}&#8221;][vc_column][vc_column_text]<strong>Nosso servi\u00e7o de Valet Parking nas esta\u00e7\u00f5es de AVE Atocha e Chamart\u00edn oferece o m\u00e1ximo de comodidade e seguran\u00e7a para o seu ve\u00edculo enquanto viaja.<\/strong> Basta nos informar a sua hora de chegada para que um profissional o receba na entrada da esta\u00e7\u00e3o, estacione o seu carro numa das nossas \u00e1reas seguras e \u00a0o devolva quando regressar, sem esperas nem complica\u00e7\u00f5es.[\/vc_column_text][vc_empty_space height=&#8221;5vh&#8221;][vc_custom_heading text=&#8221;Por que escolher nosso servi\u00e7o de Valet Parking em Atocha e Chamart\u00edn?&#8221; use_theme_fonts=&#8221;yes&#8221;][vc_separator color=&#8221;custom&#8221; accent_color=&#8221;#a5be0b&#8221;]<ul class=\"porto-info-list  porto-info-listd751713988987e9331980363e24189ce wpb_custom_2470fd4f9162ce1f73c94a8a2b72b3bf\"><li class=\"porto-info-list-item  wpb_custom_eade0171093a7591372ccf9372738e3d\"><i class=\"porto-info-icon fas fa-check-double\"><\/i><div class=\"porto-info-list-item-desc\"><strong>Rapidez e comodidade:<\/strong> Poupe tempo e evite o estresse de procurar estacionamento em \u00e1reas de grande fluxo de viajantes.<\/div><\/li><li class=\"porto-info-list-item  wpb_custom_eade0171093a7591372ccf9372738e3d\"><i class=\"porto-info-icon fas fa-check-double\"><\/i><div class=\"porto-info-list-item-desc\"><strong>Seguran\u00e7a garantida:<\/strong> O seu ve\u00edculo ficar\u00e1 protegido em um estacionamento vigiado 24 horas por dia.<\/div><\/li><li class=\"porto-info-list-item  wpb_custom_eade0171093a7591372ccf9372738e3d\"><i class=\"porto-info-icon fas fa-check-double\"><\/i><div class=\"porto-info-list-item-desc\"><strong>Atendimento personalizado:<\/strong> Nossa equipe de profissionais se encarrega de buscar e entregar o seu ve\u00edculo na pr\u00f3pria esta\u00e7\u00e3o de AVE.<\/div><\/li><li class=\"porto-info-list-item  wpb_custom_eade0171093a7591372ccf9372738e3d\"><i class=\"porto-info-icon fas fa-check-double\"><\/i><div class=\"porto-info-list-item-desc\"><strong>Reserva simples:<\/strong> Voc\u00ea poder\u00e1 contratar o servi\u00e7o online ou por telefone, de forma r\u00e1pida e segura.<\/div><\/li><\/ul>[vc_custom_heading text=&#8221;Vantagens do Valet Parking AVE em Madrid&#8221; use_theme_fonts=&#8221;yes&#8221;][vc_separator color=&#8221;custom&#8221; accent_color=&#8221;#a5be0b&#8221;]<ul class=\"porto-info-list  porto-info-listd751713988987e9331980363e24189ce wpb_custom_2470fd4f9162ce1f73c94a8a2b72b3bf\"><li class=\"porto-info-list-item  wpb_custom_eade0171093a7591372ccf9372738e3d\"><i class=\"porto-info-icon fas fa-check-double\"><\/i><div class=\"porto-info-list-item-desc\"><strong>Localiza\u00e7\u00e3o estrat\u00e9gica:<\/strong> Tanto em Atocha quanto em Chamart\u00edn, garantimos acesso direto \u00e0 esta\u00e7\u00e3o para facilitar os seus deslocamentos.<\/div><\/li><li class=\"porto-info-list-item  wpb_custom_eade0171093a7591372ccf9372738e3d\"><i class=\"porto-info-icon fas fa-check-double\"><\/i><div class=\"porto-info-list-item-desc\"><strong>Flexibilidade de hor\u00e1rios:<\/strong> Adaptamos nosso servi\u00e7o ao seu hor\u00e1rio de viagem, seja em per\u00edodos de pico ou durante a noite.<\/div><\/li><li class=\"porto-info-list-item  wpb_custom_eade0171093a7591372ccf9372738e3d\"><i class=\"porto-info-icon fas fa-check-double\"><\/i><div class=\"porto-info-list-item-desc\"><strong>Otimize a sua viagem:<\/strong> Dedique seu tempo ao que realmente importa e deixe seu carro nas m\u00e3os de especialistas.<\/div><\/li><\/ul>[vc_custom_heading text=&#8221;Reserva&#8221; use_theme_fonts=&#8221;yes&#8221;][vc_separator color=&#8221;custom&#8221; accent_color=&#8221;#a5be0b&#8221;][vc_column_text]<\/p>\n<p data-start=\"0\" data-end=\"111\">Voc\u00ea receber\u00e1 um e-mail com os detalhes da sua reserva, que poder\u00e1 imprimir ou acessar no seu telefone celular.<\/p>\n<p data-start=\"113\" data-end=\"150\" data-is-last-node=\"\" data-is-only-node=\"\">No documento de reserva, indicaremos:<\/p>\n<p>[\/vc_column_text][vc_row_inner][vc_column_inner]<ul class=\"porto-info-list  porto-info-listd751713988987e9331980363e24189ce wpb_custom_2470fd4f9162ce1f73c94a8a2b72b3bf\"><li class=\"porto-info-list-item  wpb_custom_eade0171093a7591372ccf9372738e3d\"><div class=\"porto-info-list-item-desc\"><\/div><\/li><li class=\"porto-info-list-item  wpb_custom_eade0171093a7591372ccf9372738e3d\"><i class=\"porto-info-icon fas fa-check-double\"><\/i><div class=\"porto-info-list-item-desc\">Detalhes do servi\u00e7o de estacionamento reservado, caracter\u00edsticas e instru\u00e7\u00f5es.<\/div><\/li><li class=\"porto-info-list-item  wpb_custom_eade0171093a7591372ccf9372738e3d\"><i class=\"porto-info-icon fas fa-check-double\"><\/i><div class=\"porto-info-list-item-desc\">Em caso de servi\u00e7o Valet.<\/div><\/li><li class=\"porto-info-list-item  wpb_custom_eade0171093a7591372ccf9372738e3d\"><i class=\"porto-info-icon fas fa-check-double\"><\/i><div class=\"porto-info-list-item-desc\">Local de entrega do ve\u00edculo (Ser\u00e1 f\u00e1cil encontr\u00e1-lo, pois nossa equipe est\u00e1 claramente identificada e estar\u00e1 esperando por voc\u00ea).<\/div><\/li><li class=\"porto-info-list-item  wpb_custom_eade0171093a7591372ccf9372738e3d\"><i class=\"porto-info-icon fas fa-check-double\"><\/i><div class=\"porto-info-list-item-desc\">A faixa hor\u00e1ria, conforme suas instru\u00e7\u00f5es.<\/div><\/li><li class=\"porto-info-list-item  wpb_custom_eade0171093a7591372ccf9372738e3d\"><i class=\"porto-info-icon fas fa-check-double\"><\/i><div class=\"porto-info-list-item-desc\">N\u00famero de telefone para nos ligar com um aviso m\u00ednimo (de 20 minutos) para que o check-in seja feito sem contratempos. Este n\u00famero tamb\u00e9m ser\u00e1 utilizado para combinar a devolu\u00e7\u00e3o do ve\u00edculo na sua chegada, assim como para qualquer d\u00favida ou consulta que voc\u00ea possa ter.<\/div><\/li><\/ul>[vc_column_text]<strong>Informa\u00e7\u00f5es:<\/strong><\/p>\n<ul>\n<li><strong>Tlf:\u00a0<\/strong><a href=\"tlf:34910785611\">+34 910 785 611<\/a><\/li>\n<\/ul>\n<p><strong>Assist\u00eancia na esta\u00e7\u00e3o:<\/strong><\/p>\n<ul>\n<li><strong>TLF:\u00a0<\/strong><a href=\"tlf:34675787655\">+34 675 787 655<\/a><\/li>\n<\/ul>\n<p>[\/vc_column_text][vc_empty_space height=&#8221;2vh&#8221;][\/vc_column_inner][\/vc_row_inner][vc_empty_space height=&#8221;5vh&#8221;][\/vc_column][\/vc_row][vc_row wrap_container=&#8221;yes&#8221; css=&#8221;.vc_custom_1642676441188{padding-right: 3em !important;padding-left: 3em !important;}&#8221;][vc_column][vc_row_inner][vc_column_inner width=&#8221;1\/2&#8243; css=&#8221;.vc_custom_1642676668338{margin-bottom: 2em !important;}&#8221;][vc_hoverbox image=&#8221;2329&#8243; primary_title=&#8221;Reserva de Estacionamento Valet na Esta\u00e7\u00e3o de CHAMART\u00cdN&#8221; hover_title=&#8221;Reserve as horas em que usar\u00e1 o estacionamento.&#8221; hover_title_font_container=&#8221;font_size:20px|color:%23ffffff&#8221; hover_title_use_theme_fonts=&#8221;yes&#8221; hover_background_color=&#8221;custom&#8221; hover_btn_title=&#8221;Comprar&#8221; hover_btn_style=&#8221;outline-custom&#8221; hover_btn_outline_custom_color=&#8221;#ffffff&#8221; hover_btn_outline_custom_hover_background=&#8221;#ffffff&#8221; hover_btn_outline_custom_hover_text=&#8221;#fb8c00&#8243; hover_btn_shape=&#8221;round&#8221; hover_btn_align=&#8221;center&#8221; hover_btn_i_type=&#8221;material&#8221; hover_btn_i_icon_material=&#8221;vc-material vc-material-add_shopping_cart&#8221; use_custom_fonts_hover_title=&#8221;true&#8221; hover_add_button=&#8221;true&#8221; hover_btn_button_block=&#8221;true&#8221; hover_btn_add_icon=&#8221;true&#8221; el_class=&#8221;parking-card&#8221; hover_custom_background=&#8221;#fb8c00&#8243; hover_btn_link=&#8221;url:https%3A%2F%2Fiparksa.com%2Fpt-pt%2Fservicio-valet-parking-ave-atocha-chamartin%2Fservicio-valet-chamartin%2F&#8221;]<span style=\"color: #ffffff;\">Reservas\u00a0 por per\u00edodos de 24 horas. Reserve e pague antecipadamente.<\/span><\/p>\n<p>&nbsp;<\/p>\n<p>[\/vc_hoverbox][\/vc_column_inner][vc_column_inner width=&#8221;1\/2&#8243; css=&#8221;.vc_custom_1642676675558{margin-bottom: 2em !important;}&#8221;][vc_hoverbox image=&#8221;2330&#8243; primary_title=&#8221;Reserva Valet Parking Esta\u00e7\u00e3o de ATOCHA&#8221; hover_title=&#8221;Reserve as horas que voc\u00ea usar\u00e1 o estacionamento.&#8221; hover_title_font_container=&#8221;font_size:20px|color:%23ffffff&#8221; hover_title_use_theme_fonts=&#8221;yes&#8221; hover_background_color=&#8221;custom&#8221; hover_btn_title=&#8221;Comprar&#8221; hover_btn_style=&#8221;outline-custom&#8221; hover_btn_outline_custom_color=&#8221;#ffffff&#8221; hover_btn_outline_custom_hover_background=&#8221;#ffffff&#8221; hover_btn_outline_custom_hover_text=&#8221;#aa00ff&#8221; hover_btn_shape=&#8221;round&#8221; hover_btn_align=&#8221;center&#8221; hover_btn_i_type=&#8221;material&#8221; hover_btn_i_icon_material=&#8221;vc-material vc-material-add_shopping_cart&#8221; use_custom_fonts_hover_title=&#8221;true&#8221; hover_add_button=&#8221;true&#8221; hover_btn_button_block=&#8221;true&#8221; hover_btn_add_icon=&#8221;true&#8221; el_class=&#8221;parking-card&#8221; hover_custom_background=&#8221;#aa00ff&#8221; hover_btn_link=&#8221;url:https%3A%2F%2Fiparksa.com%2Fpt-pt%2Fservicio-valet-parking-ave-atocha-chamartin%2Fservicio-valet-atocha%2F|title:Abono%20Fin%20de%20Semana&#8221;]<span style=\"color: #ffffff;\">Reservas por per\u00edodos de 24 horas. Reserve e pague com anteced\u00eancia.<\/span><\/p>\n<p>&nbsp;<\/p>\n<p>[\/vc_hoverbox][\/vc_column_inner][\/vc_row_inner][vc_empty_space height=&#8221;5vh&#8221;][vc_separator color=&#8221;custom&#8221; accent_color=&#8221;#a5be0b&#8221;][vc_column_text]Aproveite a tranquilidade de chegar \u00e0s esta\u00e7\u00f5es AVE Atocha ou Chamart\u00edn sabendo que o seu ve\u00edculo est\u00e1 em \u00f3timas m\u00e3os. Reserve agora o seu Valet Parking e viaje com total confian\u00e7a.[\/vc_column_text][\/vc_column][\/vc_row]<\/p>\n<\/div>","protected":false},"excerpt":{"rendered":"<p>[vc_row][vc_column][vc_empty_space height=&#8221;3vh&#8221;][\/vc_column][\/vc_row][vc_row css=&#8221;.vc_custom_1741356516683{padding-top: 30px !important;padding-bottom: 60px !important;}&#8221;][vc_column][vc_column_text] COMO FUNCIONAMOS [\/vc_column_text][vc_column_text] TUDO PENSADO PARA TE OFERECER UM SERVI\u00c7O INESQUEC\u00cdVEL. [\/vc_column_text][\/vc_column][\/vc_row][vc_row][vc_column width=&#8221;1\/3&#8243;][vc_icon type=&#8221;openiconic&#8221; icon_openiconic=&#8221;vc-oi vc-oi-eye&#8221; color=&#8221;custom&#8221; background_style=&#8221;rounded&#8221; background_color=&#8221;custom&#8221; size=&#8221;lg&#8221; align=&#8221;center&#8221; custom_color=&#8221;#ffffff&#8221; custom_background_color=&#8221;#a5be0b&#8221;][vc_column_text css=&#8221;.vc_custom_1741708324742{padding-right: 10px !important;padding-left: 10px !important;}&#8221;] Reserve o seu servi\u00e7o de Valet Parking, de forma r\u00e1pida e confort\u00e1vel. Novo sistema PR\u00c9-PAGO![\/vc_column_text][\/vc_column][vc_column width=&#8221;1\/3&#8243;][vc_icon type=&#8221;material&#8221; icon_material=&#8221;vc-material vc-material-directions_car&#8221; color=&#8221;custom&#8221; [&hellip;]<\/p>\n","protected":false},"author":3,"featured_media":0,"parent":0,"menu_order":0,"comment_status":"closed","ping_status":"closed","template":"","meta":{"footnotes":""},"wf_page_folders":[71],"class_list":["post-14012","page","type-page","status-publish","hentry"],"yoast_head":"<!-- This site is optimized with the Yoast SEO plugin v27.4 - https:\/\/yoast.com\/product\/yoast-seo-wordpress\/ -->\n<title>Servi\u00e7o de Valet Parking AVE ATOCHA\/CHAMART\u00cdN - iPark<\/title>\n<meta name=\"description\" content=\"A iPark oferece um servi\u00e7o de Valet Parking confort\u00e1vel e seguro nas esta\u00e7\u00f5es AVE Atocha e Chamart\u00edn. Economize tempo, deixe de se preocupar com estacionamento e viaje sem complica\u00e7\u00f5es.\" \/>\n<meta name=\"robots\" content=\"index, follow, max-snippet:-1, max-image-preview:large, max-video-preview:-1\" \/>\n<link rel=\"canonical\" href=\"https:\/\/iparksa.com\/pt-pt\/servicio-valet-parking-ave-atocha-chamartin\/\" \/>\n<meta property=\"og:locale\" content=\"pt_PT\" \/>\n<meta property=\"og:type\" content=\"article\" \/>\n<meta property=\"og:title\" content=\"Servi\u00e7o de Valet Parking AVE ATOCHA\/CHAMART\u00cdN - iPark\" \/>\n<meta property=\"og:description\" content=\"A iPark oferece um servi\u00e7o de Valet Parking confort\u00e1vel e seguro nas esta\u00e7\u00f5es AVE Atocha e Chamart\u00edn. Economize tempo, deixe de se preocupar com estacionamento e viaje sem complica\u00e7\u00f5es.\" \/>\n<meta property=\"og:url\" content=\"https:\/\/iparksa.com\/pt-pt\/servicio-valet-parking-ave-atocha-chamartin\/\" \/>\n<meta property=\"og:site_name\" content=\"iPark\" \/>\n<meta property=\"article:modified_time\" content=\"2025-07-04T08:41:48+00:00\" \/>\n<meta name=\"twitter:card\" content=\"summary_large_image\" \/>\n<meta name=\"twitter:label1\" content=\"Tempo estimado de leitura\" \/>\n\t<meta name=\"twitter:data1\" content=\"3 minutos\" \/>\n<script type=\"application\/ld+json\" class=\"yoast-schema-graph\">{\"@context\":\"https:\\\/\\\/schema.org\",\"@graph\":[{\"@type\":\"WebPage\",\"@id\":\"https:\\\/\\\/iparksa.com\\\/pt-pt\\\/servicio-valet-parking-ave-atocha-chamartin\\\/\",\"url\":\"https:\\\/\\\/iparksa.com\\\/pt-pt\\\/servicio-valet-parking-ave-atocha-chamartin\\\/\",\"name\":\"Servi\u00e7o de Valet Parking AVE ATOCHA\\\/CHAMART\u00cdN - iPark\",\"isPartOf\":{\"@id\":\"https:\\\/\\\/iparksa.com\\\/pt-pt\\\/#website\"},\"datePublished\":\"2025-01-29T13:04:37+00:00\",\"dateModified\":\"2025-07-04T08:41:48+00:00\",\"description\":\"A iPark oferece um servi\u00e7o de Valet Parking confort\u00e1vel e seguro nas esta\u00e7\u00f5es AVE Atocha e Chamart\u00edn. Economize tempo, deixe de se preocupar com estacionamento e viaje sem complica\u00e7\u00f5es.\",\"breadcrumb\":{\"@id\":\"https:\\\/\\\/iparksa.com\\\/pt-pt\\\/servicio-valet-parking-ave-atocha-chamartin\\\/#breadcrumb\"},\"inLanguage\":\"pt-PT\",\"potentialAction\":[{\"@type\":\"ReadAction\",\"target\":[\"https:\\\/\\\/iparksa.com\\\/pt-pt\\\/servicio-valet-parking-ave-atocha-chamartin\\\/\"]}]},{\"@type\":\"BreadcrumbList\",\"@id\":\"https:\\\/\\\/iparksa.com\\\/pt-pt\\\/servicio-valet-parking-ave-atocha-chamartin\\\/#breadcrumb\",\"itemListElement\":[{\"@type\":\"ListItem\",\"position\":1,\"name\":\"Portada\",\"item\":\"https:\\\/\\\/iparksa.com\\\/pt-pt\\\/\"},{\"@type\":\"ListItem\",\"position\":2,\"name\":\"Servi\u00e7o parking valet AVE ATOCHA\\\/CHAMARTIN\"}]},{\"@type\":\"WebSite\",\"@id\":\"https:\\\/\\\/iparksa.com\\\/pt-pt\\\/#website\",\"url\":\"https:\\\/\\\/iparksa.com\\\/pt-pt\\\/\",\"name\":\"iPark\",\"description\":\"Gesti\u00f3n de aparcamientos\",\"potentialAction\":[{\"@type\":\"SearchAction\",\"target\":{\"@type\":\"EntryPoint\",\"urlTemplate\":\"https:\\\/\\\/iparksa.com\\\/pt-pt\\\/?s={search_term_string}\"},\"query-input\":{\"@type\":\"PropertyValueSpecification\",\"valueRequired\":true,\"valueName\":\"search_term_string\"}}],\"inLanguage\":\"pt-PT\"}]}<\/script>\n<!-- \/ Yoast SEO plugin. -->","yoast_head_json":{"title":"Servi\u00e7o de Valet Parking AVE ATOCHA\/CHAMART\u00cdN - iPark","description":"A iPark oferece um servi\u00e7o de Valet Parking confort\u00e1vel e seguro nas esta\u00e7\u00f5es AVE Atocha e Chamart\u00edn. Economize tempo, deixe de se preocupar com estacionamento e viaje sem complica\u00e7\u00f5es.","robots":{"index":"index","follow":"follow","max-snippet":"max-snippet:-1","max-image-preview":"max-image-preview:large","max-video-preview":"max-video-preview:-1"},"canonical":"https:\/\/iparksa.com\/pt-pt\/servicio-valet-parking-ave-atocha-chamartin\/","og_locale":"pt_PT","og_type":"article","og_title":"Servi\u00e7o de Valet Parking AVE ATOCHA\/CHAMART\u00cdN - iPark","og_description":"A iPark oferece um servi\u00e7o de Valet Parking confort\u00e1vel e seguro nas esta\u00e7\u00f5es AVE Atocha e Chamart\u00edn. Economize tempo, deixe de se preocupar com estacionamento e viaje sem complica\u00e7\u00f5es.","og_url":"https:\/\/iparksa.com\/pt-pt\/servicio-valet-parking-ave-atocha-chamartin\/","og_site_name":"iPark","article_modified_time":"2025-07-04T08:41:48+00:00","twitter_card":"summary_large_image","twitter_misc":{"Tempo estimado de leitura":"3 minutos"},"schema":{"@context":"https:\/\/schema.org","@graph":[{"@type":"WebPage","@id":"https:\/\/iparksa.com\/pt-pt\/servicio-valet-parking-ave-atocha-chamartin\/","url":"https:\/\/iparksa.com\/pt-pt\/servicio-valet-parking-ave-atocha-chamartin\/","name":"Servi\u00e7o de Valet Parking AVE ATOCHA\/CHAMART\u00cdN - iPark","isPartOf":{"@id":"https:\/\/iparksa.com\/pt-pt\/#website"},"datePublished":"2025-01-29T13:04:37+00:00","dateModified":"2025-07-04T08:41:48+00:00","description":"A iPark oferece um servi\u00e7o de Valet Parking confort\u00e1vel e seguro nas esta\u00e7\u00f5es AVE Atocha e Chamart\u00edn. Economize tempo, deixe de se preocupar com estacionamento e viaje sem complica\u00e7\u00f5es.","breadcrumb":{"@id":"https:\/\/iparksa.com\/pt-pt\/servicio-valet-parking-ave-atocha-chamartin\/#breadcrumb"},"inLanguage":"pt-PT","potentialAction":[{"@type":"ReadAction","target":["https:\/\/iparksa.com\/pt-pt\/servicio-valet-parking-ave-atocha-chamartin\/"]}]},{"@type":"BreadcrumbList","@id":"https:\/\/iparksa.com\/pt-pt\/servicio-valet-parking-ave-atocha-chamartin\/#breadcrumb","itemListElement":[{"@type":"ListItem","position":1,"name":"Portada","item":"https:\/\/iparksa.com\/pt-pt\/"},{"@type":"ListItem","position":2,"name":"Servi\u00e7o parking valet AVE ATOCHA\/CHAMARTIN"}]},{"@type":"WebSite","@id":"https:\/\/iparksa.com\/pt-pt\/#website","url":"https:\/\/iparksa.com\/pt-pt\/","name":"iPark","description":"Gesti\u00f3n de aparcamientos","potentialAction":[{"@type":"SearchAction","target":{"@type":"EntryPoint","urlTemplate":"https:\/\/iparksa.com\/pt-pt\/?s={search_term_string}"},"query-input":{"@type":"PropertyValueSpecification","valueRequired":true,"valueName":"search_term_string"}}],"inLanguage":"pt-PT"}]}},"_links":{"self":[{"href":"https:\/\/iparksa.com\/pt-pt\/wp-json\/wp\/v2\/pages\/14012","targetHints":{"allow":["GET"]}}],"collection":[{"href":"https:\/\/iparksa.com\/pt-pt\/wp-json\/wp\/v2\/pages"}],"about":[{"href":"https:\/\/iparksa.com\/pt-pt\/wp-json\/wp\/v2\/types\/page"}],"author":[{"embeddable":true,"href":"https:\/\/iparksa.com\/pt-pt\/wp-json\/wp\/v2\/users\/3"}],"replies":[{"embeddable":true,"href":"https:\/\/iparksa.com\/pt-pt\/wp-json\/wp\/v2\/comments?post=14012"}],"version-history":[{"count":22,"href":"https:\/\/iparksa.com\/pt-pt\/wp-json\/wp\/v2\/pages\/14012\/revisions"}],"predecessor-version":[{"id":14515,"href":"https:\/\/iparksa.com\/pt-pt\/wp-json\/wp\/v2\/pages\/14012\/revisions\/14515"}],"wp:attachment":[{"href":"https:\/\/iparksa.com\/pt-pt\/wp-json\/wp\/v2\/media?parent=14012"}],"wp:term":[{"taxonomy":"wf_page_folders","embeddable":true,"href":"https:\/\/iparksa.com\/pt-pt\/wp-json\/wp\/v2\/wf_page_folders?post=14012"}],"curies":[{"name":"wp","href":"https:\/\/api.w.org\/{rel}","templated":true}]}}