{"id":14006,"date":"2025-01-29T12:54:44","date_gmt":"2025-01-29T11:54:44","guid":{"rendered":"https:\/\/iparksa.com\/servicio-valet-atocha-70\/"},"modified":"2025-01-29T15:09:04","modified_gmt":"2025-01-29T14:09:04","slug":"servicio-valet-atocha","status":"publish","type":"page","link":"https:\/\/iparksa.com\/pt-pt\/servicio-valet-parking-ave-atocha-chamartin\/servicio-valet-atocha\/","title":{"rendered":"<span class=\"green\">Servi\u00e7o valet<\/span> Atocha"},"content":{"rendered":"<div class=\"wpb-content-wrapper\"><p>[vc_row wrap_container=&#8221;yes&#8221; el_id=&#8221;form&#8221; css=&#8221;.vc_custom_1646924522515{padding-right: 3em !important;padding-left: 3em !important;}&#8221;][vc_column][vc_empty_space height=&#8221;50px&#8221;][vc_row_inner][vc_column_inner width=&#8221;1\/3&#8243;][vc_raw_html]JTVCaXBhcmstY29ubmVjdG9yJTNBZm9ybSUyMGlkJTNEJTIyMjIzJTIyJTVE[\/vc_raw_html][\/vc_column_inner][vc_column_inner width=&#8221;2\/3&#8243;][vc_toggle title=&#8221;Descri\u00e7\u00e3o da reserva&#8221; open=&#8221;true&#8221; css_animation=&#8221;fadeInDown&#8221;]<p>As reservas de estacionamento com valet s\u00e3o calculadas para per\u00edodos de 24 horas, ou seja, fra\u00e7\u00e3o m\u00ednima de 24 horas (n\u00e3o ser\u00e3o cobrados per\u00edodos parciais ou hor\u00e1rios).<\/p>\n\n<p>A taxa de recolha\/entrega no terminal da esta\u00e7\u00e3o est\u00e1 inclu\u00edda no pre\u00e7o, bem como toler\u00e2ncia de 2 horas no \u00faltimo dia.<\/p>\n\n<p>As reservas retroativas <span class=\"caps\">N\u00c3O<\/span> s\u00e3o permitidas.<br \/>\nEsta reserva apenas garante o estacionamento no servi\u00e7o Valet Parking (n\u00e3o \u00e9 v\u00e1lido para utiliza\u00e7\u00e3o ou acesso direto ao estacionamento). <\/p>\n\n<p>Poder\u00e1 ser-lhe solicitado o bilhete de comboio para confirmar o servi\u00e7o; sem ele, o servi\u00e7o poder\u00e1 n\u00e3o ser prestado e poder\u00e1 n\u00e3o ter o direito de fazer qualquer reclama\u00e7\u00e3o;<\/p>\n\n<p>Durante a dura\u00e7\u00e3o da reserva, poder\u00e1 solicitar a entrega e recolha da viatura apenas uma vez.<\/p>[\/vc_toggle][vc_toggle title=&#8221;Como funciona&#8221; css_animation=&#8221;fadeInDown&#8221;]<p>Ligue para o nosso servi\u00e7o de assist\u00eancia na esta\u00e7\u00e3o (+34 675 787 655) 20 minutos antes de chegar, na entrega da sua viatura e \u00e0 chegada para evitar esperas.<\/p>\n\n<p>Operamos sempre no terminal de embarque (entrega e recolha).<\/p>\n\n<p>Mostre a sua reserva\/voucher (em papel ou smartphone) ao pessoal de apoio. Ter\u00e1 de deixar as chaves do carro.<\/p>\n\n<p>Ao entregar a sua viatura, receber\u00e1 um email de confirma\u00e7\u00e3o do check-in (no email de reserva).<\/p>\n\n<p>No regresso, antes da chegada do comboio, ligue para o servi\u00e7o de assist\u00eancia da esta\u00e7\u00e3o (+34 675 787 655). Mostre o e-mail de check-in \u00e0 equipa de suporte.<\/p>\n\n<p>Pagamento: Este servi\u00e7o \u00e9 pr\u00e9-pago online. Qualquer modifica\u00e7\u00e3o\/extens\u00e3o do servi\u00e7o ser\u00e1 paga no momento da devolu\u00e7\u00e3o (no <span class=\"caps\">POS<\/span> n\u00e3o aceitamos dinheiro).<\/p>\n\n<p>No momento da devolu\u00e7\u00e3o da viatura, receber\u00e1 um email de confirma\u00e7\u00e3o do seu check-out (no email de reserva).<\/p>[\/vc_toggle][vc_toggle title=&#8221;Descontos&#8221; css_animation=&#8221;fadeInDown&#8221;]<p>Os pre\u00e7os apresentados j\u00e1 incluem o desconto.<\/p>\n\n<p>Os pre\u00e7os s\u00e3o os praticados online para cada momento da contrata\u00e7\u00e3o, podendo variar.<\/p>\n\n<p>Caso necessite de mais dias de Reserva, contacte-nos, estes ser\u00e3o pagos no momento da recolha da viatura.<\/p>[\/vc_toggle][\/vc_column_inner][\/vc_row_inner][\/vc_column][\/vc_row]<\/p>\n<\/div>","protected":false},"excerpt":{"rendered":"<p>[vc_row wrap_container=&#8221;yes&#8221; el_id=&#8221;form&#8221; css=&#8221;.vc_custom_1646924522515{padding-right: 3em !important;padding-left: 3em !important;}&#8221;][vc_column][vc_empty_space height=&#8221;50px&#8221;][vc_row_inner][vc_column_inner width=&#8221;1\/3&#8243;][vc_raw_html]JTVCaXBhcmstY29ubmVjdG9yJTNBZm9ybSUyMGlkJTNEJTIyMjIzJTIyJTVE[\/vc_raw_html][\/vc_column_inner][vc_column_inner width=&#8221;2\/3&#8243;][vc_toggle title=&#8221;Descri\u00e7\u00e3o da reserva&#8221; open=&#8221;true&#8221; css_animation=&#8221;fadeInDown&#8221;][\/vc_toggle][vc_toggle title=&#8221;Como funciona&#8221; css_animation=&#8221;fadeInDown&#8221;][\/vc_toggle][vc_toggle title=&#8221;Descontos&#8221; css_animation=&#8221;fadeInDown&#8221;][\/vc_toggle][\/vc_column_inner][\/vc_row_inner][\/vc_column][\/vc_row]<\/p>\n","protected":false},"author":3,"featured_media":0,"parent":14012,"menu_order":0,"comment_status":"closed","ping_status":"closed","template":"","meta":{"footnotes":""},"wf_page_folders":[109],"class_list":["post-14006","page","type-page","status-publish","hentry"],"yoast_head":"<!-- This site is optimized with the Yoast SEO plugin v26.5 - https:\/\/yoast.com\/wordpress\/plugins\/seo\/ -->\n<title>Servi\u00e7o valet Atocha - iPark<\/title>\n<meta name=\"robots\" content=\"index, follow, max-snippet:-1, max-image-preview:large, max-video-preview:-1\" \/>\n<link rel=\"canonical\" href=\"https:\/\/iparksa.com\/pt-pt\/servicio-valet-parking-ave-atocha-chamartin\/servicio-valet-atocha\/\" \/>\n<meta property=\"og:locale\" content=\"pt_PT\" \/>\n<meta property=\"og:type\" content=\"article\" \/>\n<meta property=\"og:title\" content=\"Servi\u00e7o valet Atocha - iPark\" \/>\n<meta property=\"og:description\" content=\"[vc_row wrap_container=&#8221;yes&#8221; el_id=&#8221;form&#8221; css=&#8221;.vc_custom_1646924522515{padding-right: 3em !important;padding-left: 3em !important;}&#8221;][vc_column][vc_empty_space height=&#8221;50px&#8221;][vc_row_inner][vc_column_inner width=&#8221;1\/3&#8243;][vc_raw_html]JTVCaXBhcmstY29ubmVjdG9yJTNBZm9ybSUyMGlkJTNEJTIyMjIzJTIyJTVE[\/vc_raw_html][\/vc_column_inner][vc_column_inner width=&#8221;2\/3&#8243;][vc_toggle title=&#8221;Descri\u00e7\u00e3o da reserva&#8221; open=&#8221;true&#8221; css_animation=&#8221;fadeInDown&#8221;][\/vc_toggle][vc_toggle title=&#8221;Como funciona&#8221; css_animation=&#8221;fadeInDown&#8221;][\/vc_toggle][vc_toggle title=&#8221;Descontos&#8221; css_animation=&#8221;fadeInDown&#8221;][\/vc_toggle][\/vc_column_inner][\/vc_row_inner][\/vc_column][\/vc_row]\" \/>\n<meta property=\"og:url\" content=\"https:\/\/iparksa.com\/pt-pt\/servicio-valet-parking-ave-atocha-chamartin\/servicio-valet-atocha\/\" \/>\n<meta property=\"og:site_name\" content=\"iPark\" \/>\n<meta property=\"article:modified_time\" content=\"2025-01-29T14:09:04+00:00\" \/>\n<meta name=\"twitter:card\" content=\"summary_large_image\" \/>\n<meta name=\"twitter:label1\" content=\"Tempo estimado de leitura\" \/>\n\t<meta name=\"twitter:data1\" content=\"1 minuto\" \/>\n<script type=\"application\/ld+json\" class=\"yoast-schema-graph\">{\"@context\":\"https:\/\/schema.org\",\"@graph\":[{\"@type\":\"WebPage\",\"@id\":\"https:\/\/iparksa.com\/pt-pt\/servicio-valet-parking-ave-atocha-chamartin\/servicio-valet-atocha\/\",\"url\":\"https:\/\/iparksa.com\/pt-pt\/servicio-valet-parking-ave-atocha-chamartin\/servicio-valet-atocha\/\",\"name\":\"Servi\u00e7o valet Atocha - iPark\",\"isPartOf\":{\"@id\":\"https:\/\/iparksa.com\/pt-pt\/#website\"},\"datePublished\":\"2025-01-29T11:54:44+00:00\",\"dateModified\":\"2025-01-29T14:09:04+00:00\",\"breadcrumb\":{\"@id\":\"https:\/\/iparksa.com\/pt-pt\/servicio-valet-parking-ave-atocha-chamartin\/servicio-valet-atocha\/#breadcrumb\"},\"inLanguage\":\"pt-PT\",\"potentialAction\":[{\"@type\":\"ReadAction\",\"target\":[\"https:\/\/iparksa.com\/pt-pt\/servicio-valet-parking-ave-atocha-chamartin\/servicio-valet-atocha\/\"]}]},{\"@type\":\"BreadcrumbList\",\"@id\":\"https:\/\/iparksa.com\/pt-pt\/servicio-valet-parking-ave-atocha-chamartin\/servicio-valet-atocha\/#breadcrumb\",\"itemListElement\":[{\"@type\":\"ListItem\",\"position\":1,\"name\":\"Portada\",\"item\":\"https:\/\/iparksa.com\/pt-pt\/\"},{\"@type\":\"ListItem\",\"position\":2,\"name\":\"Servi\u00e7o parking valet AVE ATOCHA\/CHAMARTIN\",\"item\":\"https:\/\/iparksa.com\/pt-pt\/servicio-valet-parking-ave-atocha-chamartin\/\"},{\"@type\":\"ListItem\",\"position\":3,\"name\":\"Servi\u00e7o valet Atocha\"}]},{\"@type\":\"WebSite\",\"@id\":\"https:\/\/iparksa.com\/pt-pt\/#website\",\"url\":\"https:\/\/iparksa.com\/pt-pt\/\",\"name\":\"iPark\",\"description\":\"Gesti\u00f3n de aparcamientos\",\"potentialAction\":[{\"@type\":\"SearchAction\",\"target\":{\"@type\":\"EntryPoint\",\"urlTemplate\":\"https:\/\/iparksa.com\/pt-pt\/?s={search_term_string}\"},\"query-input\":{\"@type\":\"PropertyValueSpecification\",\"valueRequired\":true,\"valueName\":\"search_term_string\"}}],\"inLanguage\":\"pt-PT\"}]}<\/script>\n<!-- \/ Yoast SEO plugin. -->","yoast_head_json":{"title":"Servi\u00e7o valet Atocha - iPark","robots":{"index":"index","follow":"follow","max-snippet":"max-snippet:-1","max-image-preview":"max-image-preview:large","max-video-preview":"max-video-preview:-1"},"canonical":"https:\/\/iparksa.com\/pt-pt\/servicio-valet-parking-ave-atocha-chamartin\/servicio-valet-atocha\/","og_locale":"pt_PT","og_type":"article","og_title":"Servi\u00e7o valet Atocha - iPark","og_description":"[vc_row wrap_container=&#8221;yes&#8221; el_id=&#8221;form&#8221; css=&#8221;.vc_custom_1646924522515{padding-right: 3em !important;padding-left: 3em !important;}&#8221;][vc_column][vc_empty_space height=&#8221;50px&#8221;][vc_row_inner][vc_column_inner width=&#8221;1\/3&#8243;][vc_raw_html]JTVCaXBhcmstY29ubmVjdG9yJTNBZm9ybSUyMGlkJTNEJTIyMjIzJTIyJTVE[\/vc_raw_html][\/vc_column_inner][vc_column_inner width=&#8221;2\/3&#8243;][vc_toggle title=&#8221;Descri\u00e7\u00e3o da reserva&#8221; open=&#8221;true&#8221; css_animation=&#8221;fadeInDown&#8221;][\/vc_toggle][vc_toggle title=&#8221;Como funciona&#8221; css_animation=&#8221;fadeInDown&#8221;][\/vc_toggle][vc_toggle title=&#8221;Descontos&#8221; css_animation=&#8221;fadeInDown&#8221;][\/vc_toggle][\/vc_column_inner][\/vc_row_inner][\/vc_column][\/vc_row]","og_url":"https:\/\/iparksa.com\/pt-pt\/servicio-valet-parking-ave-atocha-chamartin\/servicio-valet-atocha\/","og_site_name":"iPark","article_modified_time":"2025-01-29T14:09:04+00:00","twitter_card":"summary_large_image","twitter_misc":{"Tempo estimado de leitura":"1 minuto"},"schema":{"@context":"https:\/\/schema.org","@graph":[{"@type":"WebPage","@id":"https:\/\/iparksa.com\/pt-pt\/servicio-valet-parking-ave-atocha-chamartin\/servicio-valet-atocha\/","url":"https:\/\/iparksa.com\/pt-pt\/servicio-valet-parking-ave-atocha-chamartin\/servicio-valet-atocha\/","name":"Servi\u00e7o valet Atocha - iPark","isPartOf":{"@id":"https:\/\/iparksa.com\/pt-pt\/#website"},"datePublished":"2025-01-29T11:54:44+00:00","dateModified":"2025-01-29T14:09:04+00:00","breadcrumb":{"@id":"https:\/\/iparksa.com\/pt-pt\/servicio-valet-parking-ave-atocha-chamartin\/servicio-valet-atocha\/#breadcrumb"},"inLanguage":"pt-PT","potentialAction":[{"@type":"ReadAction","target":["https:\/\/iparksa.com\/pt-pt\/servicio-valet-parking-ave-atocha-chamartin\/servicio-valet-atocha\/"]}]},{"@type":"BreadcrumbList","@id":"https:\/\/iparksa.com\/pt-pt\/servicio-valet-parking-ave-atocha-chamartin\/servicio-valet-atocha\/#breadcrumb","itemListElement":[{"@type":"ListItem","position":1,"name":"Portada","item":"https:\/\/iparksa.com\/pt-pt\/"},{"@type":"ListItem","position":2,"name":"Servi\u00e7o parking valet AVE ATOCHA\/CHAMARTIN","item":"https:\/\/iparksa.com\/pt-pt\/servicio-valet-parking-ave-atocha-chamartin\/"},{"@type":"ListItem","position":3,"name":"Servi\u00e7o valet Atocha"}]},{"@type":"WebSite","@id":"https:\/\/iparksa.com\/pt-pt\/#website","url":"https:\/\/iparksa.com\/pt-pt\/","name":"iPark","description":"Gesti\u00f3n de aparcamientos","potentialAction":[{"@type":"SearchAction","target":{"@type":"EntryPoint","urlTemplate":"https:\/\/iparksa.com\/pt-pt\/?s={search_term_string}"},"query-input":{"@type":"PropertyValueSpecification","valueRequired":true,"valueName":"search_term_string"}}],"inLanguage":"pt-PT"}]}},"_links":{"self":[{"href":"https:\/\/iparksa.com\/pt-pt\/wp-json\/wp\/v2\/pages\/14006","targetHints":{"allow":["GET"]}}],"collection":[{"href":"https:\/\/iparksa.com\/pt-pt\/wp-json\/wp\/v2\/pages"}],"about":[{"href":"https:\/\/iparksa.com\/pt-pt\/wp-json\/wp\/v2\/types\/page"}],"author":[{"embeddable":true,"href":"https:\/\/iparksa.com\/pt-pt\/wp-json\/wp\/v2\/users\/3"}],"replies":[{"embeddable":true,"href":"https:\/\/iparksa.com\/pt-pt\/wp-json\/wp\/v2\/comments?post=14006"}],"version-history":[{"count":3,"href":"https:\/\/iparksa.com\/pt-pt\/wp-json\/wp\/v2\/pages\/14006\/revisions"}],"predecessor-version":[{"id":14032,"href":"https:\/\/iparksa.com\/pt-pt\/wp-json\/wp\/v2\/pages\/14006\/revisions\/14032"}],"up":[{"embeddable":true,"href":"https:\/\/iparksa.com\/pt-pt\/wp-json\/wp\/v2\/pages\/14012"}],"wp:attachment":[{"href":"https:\/\/iparksa.com\/pt-pt\/wp-json\/wp\/v2\/media?parent=14006"}],"wp:term":[{"taxonomy":"wf_page_folders","embeddable":true,"href":"https:\/\/iparksa.com\/pt-pt\/wp-json\/wp\/v2\/wf_page_folders?post=14006"}],"curies":[{"name":"wp","href":"https:\/\/api.w.org\/{rel}","templated":true}]}}