{"id":13999,"date":"2025-01-29T12:49:14","date_gmt":"2025-01-29T11:49:14","guid":{"rendered":"https:\/\/iparksa.com\/servicio-valet-parking-chamartin\/"},"modified":"2025-01-29T15:11:28","modified_gmt":"2025-01-29T14:11:28","slug":"servicio-valet-chamartin","status":"publish","type":"page","link":"https:\/\/iparksa.com\/pt-pt\/servicio-valet-parking-ave-atocha-chamartin\/servicio-valet-chamartin\/","title":{"rendered":"<span class=\"green\">Servi\u00e7o valet<\/span> Parking Chamart\u00edn"},"content":{"rendered":"<div class=\"wpb-content-wrapper\"><p>[vc_row wrap_container=&#8221;yes&#8221; el_id=&#8221;form&#8221; css=&#8221;.vc_custom_1646924522515{padding-right: 3em !important;padding-left: 3em !important;}&#8221;][vc_column][vc_empty_space height=&#8221;50px&#8221;][vc_row_inner][vc_column_inner width=&#8221;1\/3&#8243;][vc_raw_html]JTVCaXBhcmstY29ubmVjdG9yJTNBZm9ybSUyMGlkJTNEJTIyMjI0JTIyJTVE[\/vc_raw_html][\/vc_column_inner][vc_column_inner width=&#8221;2\/3&#8243;][vc_toggle title=&#8221;Descri\u00e7\u00e3o da reserva&#8221; open=&#8221;true&#8221; css_animation=&#8221;fadeInDown&#8221;]<p>As reservas de valet parking s\u00e3o computadas em <strong>per\u00edodos de 24 horas<\/strong>, ou seja, a fra\u00e7\u00e3o m\u00ednima \u00e9 de 24 horas (n\u00e3o ser\u00e3o cobrados per\u00edodos parciais ou tarifas por hora).<\/p>\n\n<p>A taxa de entrega\/retirada no terminal da esta\u00e7\u00e3o est\u00e1 inclu\u00edda no pre\u00e7o, assim como uma toler\u00e2ncia de 2 horas no \u00faltimo dia.<\/p>\n\n<p>N\u00e3o s\u00e3o permitidas reservas retroativas.<br \/>\nEsta reserva garante apenas o estacionamento no servi\u00e7o de Valet Parking (n\u00e3o \u00e9 v\u00e1lida para acesso direto ao estacionamento). Pode ser solicitado o bilhete de trem para confirmar o servi\u00e7o; sem ele, o servi\u00e7o pode n\u00e3o ser realizado e n\u00e3o haver\u00e1 direito a reclama\u00e7\u00e3o.<\/p>\n\n<p>Durante o per\u00edodo da reserva, voc\u00ea pode solicitar a retirada e devolu\u00e7\u00e3o do seu carro apenas uma vez.<\/p>[\/vc_toggle][vc_toggle title=&#8221;Como funciona&#8221; css_animation=&#8221;fadeInDown&#8221;]<p>Ligue para o nosso servi\u00e7o de assist\u00eancia na esta\u00e7\u00e3o (+34 675 787 655) 20 minutos antes de chegar, ao entregar o seu ve\u00edculo e ao chegar para evitar esperas.<\/p>\n\n<p>Operamos sempre no terminal de Partidas (entrega e retirada).<\/p>\n\n<p>Mostre sua reserva\/voucher (em papel ou smartphone) \u00e0 equipe de apoio. Voc\u00ea deve deixar as chaves do seu carro.<\/p>\n\n<p>Ao entregar o seu ve\u00edculo, voc\u00ea receber\u00e1 um e-mail confirmando o check-in (enviado para o e-mail da reserva).<\/p>\n\n<p>No seu retorno, antes da chegada do seu trem, ligue para o servi\u00e7o de assist\u00eancia na esta\u00e7\u00e3o (+34 675 787 655). Mostre o e-mail de check-in \u00e0 equipe de apoio.<\/p>\n\n<p>Pagamento: Este servi\u00e7o \u00e9 pr\u00e9-pago online. Qualquer modifica\u00e7\u00e3o ou extens\u00e3o do servi\u00e7o dever\u00e1 ser paga no momento da devolu\u00e7\u00e3o do ve\u00edculo (com cart\u00e3o; n\u00e3o aceitamos dinheiro).<\/p>\n\n<p>No momento da devolu\u00e7\u00e3o do ve\u00edculo, voc\u00ea receber\u00e1 um e-mail confirmando o check-out (enviado para o e-mail da reserva).<\/p>[\/vc_toggle][vc_toggle title=&#8221;Descontos&#8221; css_animation=&#8221;fadeInDown&#8221;]<p>Os pre\u00e7os exibidos j\u00e1 incluem o desconto.<\/p>\n\n<p>Os pre\u00e7os apresentados s\u00e3o os praticados online no momento da reserva e podem variar.<\/p>\n\n<p>Se precisar de mais dias de reserva, entre em contato conosco. O pagamento ser\u00e1 feito na retirada do ve\u00edculo.<\/p>[\/vc_toggle][\/vc_column_inner][\/vc_row_inner][\/vc_column][\/vc_row]<\/p>\n<\/div>","protected":false},"excerpt":{"rendered":"<p>[vc_row wrap_container=&#8221;yes&#8221; el_id=&#8221;form&#8221; css=&#8221;.vc_custom_1646924522515{padding-right: 3em !important;padding-left: 3em !important;}&#8221;][vc_column][vc_empty_space height=&#8221;50px&#8221;][vc_row_inner][vc_column_inner width=&#8221;1\/3&#8243;][vc_raw_html]JTVCaXBhcmstY29ubmVjdG9yJTNBZm9ybSUyMGlkJTNEJTIyMjI0JTIyJTVE[\/vc_raw_html][\/vc_column_inner][vc_column_inner width=&#8221;2\/3&#8243;][vc_toggle title=&#8221;Descri\u00e7\u00e3o da reserva&#8221; open=&#8221;true&#8221; css_animation=&#8221;fadeInDown&#8221;][\/vc_toggle][vc_toggle title=&#8221;Como funciona&#8221; css_animation=&#8221;fadeInDown&#8221;][\/vc_toggle][vc_toggle title=&#8221;Descontos&#8221; css_animation=&#8221;fadeInDown&#8221;][\/vc_toggle][\/vc_column_inner][\/vc_row_inner][\/vc_column][\/vc_row]<\/p>\n","protected":false},"author":3,"featured_media":0,"parent":14012,"menu_order":0,"comment_status":"closed","ping_status":"closed","template":"","meta":{"footnotes":""},"wf_page_folders":[209],"class_list":["post-13999","page","type-page","status-publish","hentry"],"yoast_head":"<!-- This site is optimized with the Yoast SEO plugin v26.5 - https:\/\/yoast.com\/wordpress\/plugins\/seo\/ -->\n<title>Servi\u00e7o valet Parking Chamart\u00edn - iPark<\/title>\n<meta name=\"robots\" content=\"index, follow, max-snippet:-1, max-image-preview:large, max-video-preview:-1\" \/>\n<link rel=\"canonical\" href=\"https:\/\/iparksa.com\/pt-pt\/servicio-valet-parking-ave-atocha-chamartin\/servicio-valet-chamartin\/\" \/>\n<meta property=\"og:locale\" content=\"pt_PT\" \/>\n<meta property=\"og:type\" content=\"article\" \/>\n<meta property=\"og:title\" content=\"Servi\u00e7o valet Parking Chamart\u00edn - iPark\" \/>\n<meta property=\"og:description\" content=\"[vc_row wrap_container=&#8221;yes&#8221; el_id=&#8221;form&#8221; css=&#8221;.vc_custom_1646924522515{padding-right: 3em !important;padding-left: 3em !important;}&#8221;][vc_column][vc_empty_space height=&#8221;50px&#8221;][vc_row_inner][vc_column_inner width=&#8221;1\/3&#8243;][vc_raw_html]JTVCaXBhcmstY29ubmVjdG9yJTNBZm9ybSUyMGlkJTNEJTIyMjI0JTIyJTVE[\/vc_raw_html][\/vc_column_inner][vc_column_inner width=&#8221;2\/3&#8243;][vc_toggle title=&#8221;Descri\u00e7\u00e3o da reserva&#8221; open=&#8221;true&#8221; css_animation=&#8221;fadeInDown&#8221;][\/vc_toggle][vc_toggle title=&#8221;Como funciona&#8221; css_animation=&#8221;fadeInDown&#8221;][\/vc_toggle][vc_toggle title=&#8221;Descontos&#8221; css_animation=&#8221;fadeInDown&#8221;][\/vc_toggle][\/vc_column_inner][\/vc_row_inner][\/vc_column][\/vc_row]\" \/>\n<meta property=\"og:url\" content=\"https:\/\/iparksa.com\/pt-pt\/servicio-valet-parking-ave-atocha-chamartin\/servicio-valet-chamartin\/\" \/>\n<meta property=\"og:site_name\" content=\"iPark\" \/>\n<meta property=\"article:modified_time\" content=\"2025-01-29T14:11:28+00:00\" \/>\n<meta name=\"twitter:card\" content=\"summary_large_image\" \/>\n<meta name=\"twitter:label1\" content=\"Tempo estimado de leitura\" \/>\n\t<meta name=\"twitter:data1\" content=\"1 minuto\" \/>\n<script type=\"application\/ld+json\" class=\"yoast-schema-graph\">{\"@context\":\"https:\/\/schema.org\",\"@graph\":[{\"@type\":\"WebPage\",\"@id\":\"https:\/\/iparksa.com\/pt-pt\/servicio-valet-parking-ave-atocha-chamartin\/servicio-valet-chamartin\/\",\"url\":\"https:\/\/iparksa.com\/pt-pt\/servicio-valet-parking-ave-atocha-chamartin\/servicio-valet-chamartin\/\",\"name\":\"Servi\u00e7o valet Parking Chamart\u00edn - iPark\",\"isPartOf\":{\"@id\":\"https:\/\/iparksa.com\/pt-pt\/#website\"},\"datePublished\":\"2025-01-29T11:49:14+00:00\",\"dateModified\":\"2025-01-29T14:11:28+00:00\",\"breadcrumb\":{\"@id\":\"https:\/\/iparksa.com\/pt-pt\/servicio-valet-parking-ave-atocha-chamartin\/servicio-valet-chamartin\/#breadcrumb\"},\"inLanguage\":\"pt-PT\",\"potentialAction\":[{\"@type\":\"ReadAction\",\"target\":[\"https:\/\/iparksa.com\/pt-pt\/servicio-valet-parking-ave-atocha-chamartin\/servicio-valet-chamartin\/\"]}]},{\"@type\":\"BreadcrumbList\",\"@id\":\"https:\/\/iparksa.com\/pt-pt\/servicio-valet-parking-ave-atocha-chamartin\/servicio-valet-chamartin\/#breadcrumb\",\"itemListElement\":[{\"@type\":\"ListItem\",\"position\":1,\"name\":\"Portada\",\"item\":\"https:\/\/iparksa.com\/pt-pt\/\"},{\"@type\":\"ListItem\",\"position\":2,\"name\":\"Servi\u00e7o parking valet AVE ATOCHA\/CHAMARTIN\",\"item\":\"https:\/\/iparksa.com\/pt-pt\/servicio-valet-parking-ave-atocha-chamartin\/\"},{\"@type\":\"ListItem\",\"position\":3,\"name\":\"Servi\u00e7o valet Parking Chamart\u00edn\"}]},{\"@type\":\"WebSite\",\"@id\":\"https:\/\/iparksa.com\/pt-pt\/#website\",\"url\":\"https:\/\/iparksa.com\/pt-pt\/\",\"name\":\"iPark\",\"description\":\"Gesti\u00f3n de aparcamientos\",\"potentialAction\":[{\"@type\":\"SearchAction\",\"target\":{\"@type\":\"EntryPoint\",\"urlTemplate\":\"https:\/\/iparksa.com\/pt-pt\/?s={search_term_string}\"},\"query-input\":{\"@type\":\"PropertyValueSpecification\",\"valueRequired\":true,\"valueName\":\"search_term_string\"}}],\"inLanguage\":\"pt-PT\"}]}<\/script>\n<!-- \/ Yoast SEO plugin. -->","yoast_head_json":{"title":"Servi\u00e7o valet Parking Chamart\u00edn - iPark","robots":{"index":"index","follow":"follow","max-snippet":"max-snippet:-1","max-image-preview":"max-image-preview:large","max-video-preview":"max-video-preview:-1"},"canonical":"https:\/\/iparksa.com\/pt-pt\/servicio-valet-parking-ave-atocha-chamartin\/servicio-valet-chamartin\/","og_locale":"pt_PT","og_type":"article","og_title":"Servi\u00e7o valet Parking Chamart\u00edn - iPark","og_description":"[vc_row wrap_container=&#8221;yes&#8221; el_id=&#8221;form&#8221; css=&#8221;.vc_custom_1646924522515{padding-right: 3em !important;padding-left: 3em !important;}&#8221;][vc_column][vc_empty_space height=&#8221;50px&#8221;][vc_row_inner][vc_column_inner width=&#8221;1\/3&#8243;][vc_raw_html]JTVCaXBhcmstY29ubmVjdG9yJTNBZm9ybSUyMGlkJTNEJTIyMjI0JTIyJTVE[\/vc_raw_html][\/vc_column_inner][vc_column_inner width=&#8221;2\/3&#8243;][vc_toggle title=&#8221;Descri\u00e7\u00e3o da reserva&#8221; open=&#8221;true&#8221; css_animation=&#8221;fadeInDown&#8221;][\/vc_toggle][vc_toggle title=&#8221;Como funciona&#8221; css_animation=&#8221;fadeInDown&#8221;][\/vc_toggle][vc_toggle title=&#8221;Descontos&#8221; css_animation=&#8221;fadeInDown&#8221;][\/vc_toggle][\/vc_column_inner][\/vc_row_inner][\/vc_column][\/vc_row]","og_url":"https:\/\/iparksa.com\/pt-pt\/servicio-valet-parking-ave-atocha-chamartin\/servicio-valet-chamartin\/","og_site_name":"iPark","article_modified_time":"2025-01-29T14:11:28+00:00","twitter_card":"summary_large_image","twitter_misc":{"Tempo estimado de leitura":"1 minuto"},"schema":{"@context":"https:\/\/schema.org","@graph":[{"@type":"WebPage","@id":"https:\/\/iparksa.com\/pt-pt\/servicio-valet-parking-ave-atocha-chamartin\/servicio-valet-chamartin\/","url":"https:\/\/iparksa.com\/pt-pt\/servicio-valet-parking-ave-atocha-chamartin\/servicio-valet-chamartin\/","name":"Servi\u00e7o valet Parking Chamart\u00edn - iPark","isPartOf":{"@id":"https:\/\/iparksa.com\/pt-pt\/#website"},"datePublished":"2025-01-29T11:49:14+00:00","dateModified":"2025-01-29T14:11:28+00:00","breadcrumb":{"@id":"https:\/\/iparksa.com\/pt-pt\/servicio-valet-parking-ave-atocha-chamartin\/servicio-valet-chamartin\/#breadcrumb"},"inLanguage":"pt-PT","potentialAction":[{"@type":"ReadAction","target":["https:\/\/iparksa.com\/pt-pt\/servicio-valet-parking-ave-atocha-chamartin\/servicio-valet-chamartin\/"]}]},{"@type":"BreadcrumbList","@id":"https:\/\/iparksa.com\/pt-pt\/servicio-valet-parking-ave-atocha-chamartin\/servicio-valet-chamartin\/#breadcrumb","itemListElement":[{"@type":"ListItem","position":1,"name":"Portada","item":"https:\/\/iparksa.com\/pt-pt\/"},{"@type":"ListItem","position":2,"name":"Servi\u00e7o parking valet AVE ATOCHA\/CHAMARTIN","item":"https:\/\/iparksa.com\/pt-pt\/servicio-valet-parking-ave-atocha-chamartin\/"},{"@type":"ListItem","position":3,"name":"Servi\u00e7o valet Parking Chamart\u00edn"}]},{"@type":"WebSite","@id":"https:\/\/iparksa.com\/pt-pt\/#website","url":"https:\/\/iparksa.com\/pt-pt\/","name":"iPark","description":"Gesti\u00f3n de aparcamientos","potentialAction":[{"@type":"SearchAction","target":{"@type":"EntryPoint","urlTemplate":"https:\/\/iparksa.com\/pt-pt\/?s={search_term_string}"},"query-input":{"@type":"PropertyValueSpecification","valueRequired":true,"valueName":"search_term_string"}}],"inLanguage":"pt-PT"}]}},"_links":{"self":[{"href":"https:\/\/iparksa.com\/pt-pt\/wp-json\/wp\/v2\/pages\/13999","targetHints":{"allow":["GET"]}}],"collection":[{"href":"https:\/\/iparksa.com\/pt-pt\/wp-json\/wp\/v2\/pages"}],"about":[{"href":"https:\/\/iparksa.com\/pt-pt\/wp-json\/wp\/v2\/types\/page"}],"author":[{"embeddable":true,"href":"https:\/\/iparksa.com\/pt-pt\/wp-json\/wp\/v2\/users\/3"}],"replies":[{"embeddable":true,"href":"https:\/\/iparksa.com\/pt-pt\/wp-json\/wp\/v2\/comments?post=13999"}],"version-history":[{"count":3,"href":"https:\/\/iparksa.com\/pt-pt\/wp-json\/wp\/v2\/pages\/13999\/revisions"}],"predecessor-version":[{"id":14019,"href":"https:\/\/iparksa.com\/pt-pt\/wp-json\/wp\/v2\/pages\/13999\/revisions\/14019"}],"up":[{"embeddable":true,"href":"https:\/\/iparksa.com\/pt-pt\/wp-json\/wp\/v2\/pages\/14012"}],"wp:attachment":[{"href":"https:\/\/iparksa.com\/pt-pt\/wp-json\/wp\/v2\/media?parent=13999"}],"wp:term":[{"taxonomy":"wf_page_folders","embeddable":true,"href":"https:\/\/iparksa.com\/pt-pt\/wp-json\/wp\/v2\/wf_page_folders?post=13999"}],"curies":[{"name":"wp","href":"https:\/\/api.w.org\/{rel}","templated":true}]}}