{"id":12277,"date":"2024-06-03T15:09:57","date_gmt":"2024-06-03T13:09:57","guid":{"rendered":"https:\/\/iparksa.com\/ipark-santiago-de-compostela-parking-granvia\/abono-libre-9h\/"},"modified":"2026-01-21T10:24:30","modified_gmt":"2026-01-21T09:24:30","slug":"abono-libre-9h","status":"publish","type":"page","link":"https:\/\/iparksa.com\/pt-pt\/ipark-santiago-de-compostela-parking-granvia\/abono-libre-9h\/","title":{"rendered":"<span class=\"green\">Passe<\/span> Livre 9h Gran Via Santiago"},"content":{"rendered":"<div class=\"wpb-content-wrapper\"><p>[vc_row wrap_container=&#8221;yes&#8221; el_id=&#8221;form&#8221; css=&#8221;.vc_custom_1646924522515{padding-right: 3em !important;padding-left: 3em !important;}&#8221;][vc_column][vc_empty_space height=&#8221;50px&#8221;][vc_row_inner][vc_column_inner width=&#8221;1\/3&#8243;][vc_raw_html]JTVCaXBhcmstY29ubmVjdG9yJTNBZm9ybSUyMGlkJTNEJTIyMjAwJTIyJTVE[\/vc_raw_html][\/vc_column_inner][vc_column_inner width=&#8221;2\/3&#8243;][vc_toggle title=&#8221;Descri\u00e7\u00e3o do passe&#8221; open=&#8221;true&#8221; css_animation=&#8221;fadeInDown&#8221; css=&#8221;&#8221; css_params=&#8221;&#8221;]<p>V\u00e1lido de <strong>segunda a sexta. E aos s\u00e1bados das 8h00 \u00e0s 14h00 (exceto feriados)<\/strong><\/p>\n\n<p>Escolha a <ins>data de in\u00edcio<\/ins> de validade da sua assinatura: se voc\u00ea n\u00e3o disser nada, ser\u00e1 a data da compra<\/p>\n\n<p>Escolha os <ins>meses de validade<\/ins> da sua Assinatura. Seu desconto cresce dependendo dos meses contratados<\/p>\n\n<p>O pre\u00e7o mostrado \u00e9 o equivalente mensal mais barato<\/p>\n\n<p>N\u00e3o concede direitos de acesso preferencial sobre outros usu\u00e1rios<\/p>\n\n<p>Depois de entrar no parque de estacionamento, as horas acumulam at\u00e9 atingir o limite di\u00e1rio de 9 horas<\/p>\n\n<p>Voc\u00ea pode entrar e sair durante o dia quantas vezes quiser: ao sair, o \u201cbalc\u00e3o\u201d para; e quando voc\u00ea volta, come\u00e7a de novo<\/p>\n\n<p>Se exceder as horas contratadas, <strong>n\u00e3o poder\u00e1 compens\u00e1-las<\/strong> com as de outro dia de assinatura. Voc\u00ea deve passar pelo caixa para pagar o &#8220;excedido&#8221;<\/p>\n\n<p>Feriados n\u00e3o est\u00e3o inclusos<\/p>\n\n<p>N\u00e3o concede direitos de acesso preferencial sobre outros usu\u00e1rios<\/p>[\/vc_toggle][vc_toggle title=&#8221;Como funciona&#8221; css_animation=&#8221;fadeInDown&#8221; css=&#8221;&#8221; css_params=&#8221;&#8221;]<p>A abertura \u00e9 <strong>pela leitura de placas<\/strong>. Quando voc\u00ea alcan\u00e7ar a barreira, ela se abrir\u00e1 automaticamente.<\/p>\n\n<p>Se a barreira n\u00e3o abrir por algum motivo (por exemplo, se a placa estiver suja, amassada etc.), retire o t\u00edquete do dispensador e dirija-se \u00e0 cabine de controle.<\/p>[\/vc_toggle][vc_toggle title=&#8221;Descontos&#8221; css_animation=&#8221;fadeInDown&#8221; css=&#8221;&#8221; css_params=&#8221;&#8221;]<p>Os pre\u00e7os j\u00e1 apresentados incluem o desconto.<\/p>[\/vc_toggle][\/vc_column_inner][\/vc_row_inner][\/vc_column][\/vc_row]<\/p>\n<\/div>","protected":false},"excerpt":{"rendered":"<p>[vc_row wrap_container=&#8221;yes&#8221; el_id=&#8221;form&#8221; css=&#8221;.vc_custom_1646924522515{padding-right: 3em !important;padding-left: 3em !important;}&#8221;][vc_column][vc_empty_space height=&#8221;50px&#8221;][vc_row_inner][vc_column_inner width=&#8221;1\/3&#8243;][vc_raw_html]JTVCaXBhcmstY29ubmVjdG9yJTNBZm9ybSUyMGlkJTNEJTIyMjAwJTIyJTVE[\/vc_raw_html][\/vc_column_inner][vc_column_inner width=&#8221;2\/3&#8243;][vc_toggle title=&#8221;Descri\u00e7\u00e3o do passe&#8221; open=&#8221;true&#8221; css_animation=&#8221;fadeInDown&#8221; css=&#8221;&#8221; css_params=&#8221;&#8221;][\/vc_toggle][vc_toggle title=&#8221;Como funciona&#8221; css_animation=&#8221;fadeInDown&#8221; css=&#8221;&#8221; css_params=&#8221;&#8221;][\/vc_toggle][vc_toggle title=&#8221;Descontos&#8221; css_animation=&#8221;fadeInDown&#8221; css=&#8221;&#8221; css_params=&#8221;&#8221;][\/vc_toggle][\/vc_column_inner][\/vc_row_inner][\/vc_column][\/vc_row]<\/p>\n","protected":false},"author":3,"featured_media":0,"parent":12246,"menu_order":0,"comment_status":"closed","ping_status":"closed","template":"","meta":{"footnotes":""},"wf_page_folders":[],"class_list":["post-12277","page","type-page","status-publish","hentry"],"yoast_head":"<!-- This site is optimized with the Yoast SEO plugin v26.5 - https:\/\/yoast.com\/wordpress\/plugins\/seo\/ -->\n<title>Passe Livre 9h Gran Via Santiago - iPark<\/title>\n<meta name=\"robots\" content=\"index, follow, max-snippet:-1, max-image-preview:large, max-video-preview:-1\" \/>\n<link rel=\"canonical\" href=\"https:\/\/iparksa.com\/pt-pt\/ipark-santiago-de-compostela-parking-granvia\/abono-libre-9h\/\" \/>\n<meta property=\"og:locale\" content=\"pt_PT\" \/>\n<meta property=\"og:type\" content=\"article\" \/>\n<meta property=\"og:title\" content=\"Passe Livre 9h Gran Via Santiago - iPark\" \/>\n<meta property=\"og:description\" content=\"[vc_row wrap_container=&#8221;yes&#8221; el_id=&#8221;form&#8221; css=&#8221;.vc_custom_1646924522515{padding-right: 3em !important;padding-left: 3em !important;}&#8221;][vc_column][vc_empty_space height=&#8221;50px&#8221;][vc_row_inner][vc_column_inner width=&#8221;1\/3&#8243;][vc_raw_html]JTVCaXBhcmstY29ubmVjdG9yJTNBZm9ybSUyMGlkJTNEJTIyMjAwJTIyJTVE[\/vc_raw_html][\/vc_column_inner][vc_column_inner width=&#8221;2\/3&#8243;][vc_toggle title=&#8221;Descri\u00e7\u00e3o do passe&#8221; open=&#8221;true&#8221; css_animation=&#8221;fadeInDown&#8221; css=&#8221;&#8221; css_params=&#8221;&#8221;][\/vc_toggle][vc_toggle title=&#8221;Como funciona&#8221; css_animation=&#8221;fadeInDown&#8221; css=&#8221;&#8221; css_params=&#8221;&#8221;][\/vc_toggle][vc_toggle title=&#8221;Descontos&#8221; css_animation=&#8221;fadeInDown&#8221; css=&#8221;&#8221; css_params=&#8221;&#8221;][\/vc_toggle][\/vc_column_inner][\/vc_row_inner][\/vc_column][\/vc_row]\" \/>\n<meta property=\"og:url\" content=\"https:\/\/iparksa.com\/pt-pt\/ipark-santiago-de-compostela-parking-granvia\/abono-libre-9h\/\" \/>\n<meta property=\"og:site_name\" content=\"iPark\" \/>\n<meta property=\"article:modified_time\" content=\"2026-01-21T09:24:30+00:00\" \/>\n<meta name=\"twitter:card\" content=\"summary_large_image\" \/>\n<meta name=\"twitter:label1\" content=\"Tempo estimado de leitura\" \/>\n\t<meta name=\"twitter:data1\" content=\"1 minuto\" \/>\n<script type=\"application\/ld+json\" class=\"yoast-schema-graph\">{\"@context\":\"https:\/\/schema.org\",\"@graph\":[{\"@type\":\"WebPage\",\"@id\":\"https:\/\/iparksa.com\/pt-pt\/ipark-santiago-de-compostela-parking-granvia\/abono-libre-9h\/\",\"url\":\"https:\/\/iparksa.com\/pt-pt\/ipark-santiago-de-compostela-parking-granvia\/abono-libre-9h\/\",\"name\":\"Passe Livre 9h Gran Via Santiago - iPark\",\"isPartOf\":{\"@id\":\"https:\/\/iparksa.com\/pt-pt\/#website\"},\"datePublished\":\"2024-06-03T13:09:57+00:00\",\"dateModified\":\"2026-01-21T09:24:30+00:00\",\"breadcrumb\":{\"@id\":\"https:\/\/iparksa.com\/pt-pt\/ipark-santiago-de-compostela-parking-granvia\/abono-libre-9h\/#breadcrumb\"},\"inLanguage\":\"pt-PT\",\"potentialAction\":[{\"@type\":\"ReadAction\",\"target\":[\"https:\/\/iparksa.com\/pt-pt\/ipark-santiago-de-compostela-parking-granvia\/abono-libre-9h\/\"]}]},{\"@type\":\"BreadcrumbList\",\"@id\":\"https:\/\/iparksa.com\/pt-pt\/ipark-santiago-de-compostela-parking-granvia\/abono-libre-9h\/#breadcrumb\",\"itemListElement\":[{\"@type\":\"ListItem\",\"position\":1,\"name\":\"Portada\",\"item\":\"https:\/\/iparksa.com\/pt-pt\/\"},{\"@type\":\"ListItem\",\"position\":2,\"name\":\"Parque de estacionamento Gran Via Santiago\",\"item\":\"https:\/\/iparksa.com\/pt-pt\/ipark-santiago-de-compostela-parking-granvia\/\"},{\"@type\":\"ListItem\",\"position\":3,\"name\":\"Passe Livre 9h Gran Via Santiago\"}]},{\"@type\":\"WebSite\",\"@id\":\"https:\/\/iparksa.com\/pt-pt\/#website\",\"url\":\"https:\/\/iparksa.com\/pt-pt\/\",\"name\":\"iPark\",\"description\":\"Gesti\u00f3n de aparcamientos\",\"potentialAction\":[{\"@type\":\"SearchAction\",\"target\":{\"@type\":\"EntryPoint\",\"urlTemplate\":\"https:\/\/iparksa.com\/pt-pt\/?s={search_term_string}\"},\"query-input\":{\"@type\":\"PropertyValueSpecification\",\"valueRequired\":true,\"valueName\":\"search_term_string\"}}],\"inLanguage\":\"pt-PT\"}]}<\/script>\n<!-- \/ Yoast SEO plugin. -->","yoast_head_json":{"title":"Passe Livre 9h Gran Via Santiago - iPark","robots":{"index":"index","follow":"follow","max-snippet":"max-snippet:-1","max-image-preview":"max-image-preview:large","max-video-preview":"max-video-preview:-1"},"canonical":"https:\/\/iparksa.com\/pt-pt\/ipark-santiago-de-compostela-parking-granvia\/abono-libre-9h\/","og_locale":"pt_PT","og_type":"article","og_title":"Passe Livre 9h Gran Via Santiago - iPark","og_description":"[vc_row wrap_container=&#8221;yes&#8221; el_id=&#8221;form&#8221; css=&#8221;.vc_custom_1646924522515{padding-right: 3em !important;padding-left: 3em !important;}&#8221;][vc_column][vc_empty_space height=&#8221;50px&#8221;][vc_row_inner][vc_column_inner width=&#8221;1\/3&#8243;][vc_raw_html]JTVCaXBhcmstY29ubmVjdG9yJTNBZm9ybSUyMGlkJTNEJTIyMjAwJTIyJTVE[\/vc_raw_html][\/vc_column_inner][vc_column_inner width=&#8221;2\/3&#8243;][vc_toggle title=&#8221;Descri\u00e7\u00e3o do passe&#8221; open=&#8221;true&#8221; css_animation=&#8221;fadeInDown&#8221; css=&#8221;&#8221; css_params=&#8221;&#8221;][\/vc_toggle][vc_toggle title=&#8221;Como funciona&#8221; css_animation=&#8221;fadeInDown&#8221; css=&#8221;&#8221; css_params=&#8221;&#8221;][\/vc_toggle][vc_toggle title=&#8221;Descontos&#8221; css_animation=&#8221;fadeInDown&#8221; css=&#8221;&#8221; css_params=&#8221;&#8221;][\/vc_toggle][\/vc_column_inner][\/vc_row_inner][\/vc_column][\/vc_row]","og_url":"https:\/\/iparksa.com\/pt-pt\/ipark-santiago-de-compostela-parking-granvia\/abono-libre-9h\/","og_site_name":"iPark","article_modified_time":"2026-01-21T09:24:30+00:00","twitter_card":"summary_large_image","twitter_misc":{"Tempo estimado de leitura":"1 minuto"},"schema":{"@context":"https:\/\/schema.org","@graph":[{"@type":"WebPage","@id":"https:\/\/iparksa.com\/pt-pt\/ipark-santiago-de-compostela-parking-granvia\/abono-libre-9h\/","url":"https:\/\/iparksa.com\/pt-pt\/ipark-santiago-de-compostela-parking-granvia\/abono-libre-9h\/","name":"Passe Livre 9h Gran Via Santiago - iPark","isPartOf":{"@id":"https:\/\/iparksa.com\/pt-pt\/#website"},"datePublished":"2024-06-03T13:09:57+00:00","dateModified":"2026-01-21T09:24:30+00:00","breadcrumb":{"@id":"https:\/\/iparksa.com\/pt-pt\/ipark-santiago-de-compostela-parking-granvia\/abono-libre-9h\/#breadcrumb"},"inLanguage":"pt-PT","potentialAction":[{"@type":"ReadAction","target":["https:\/\/iparksa.com\/pt-pt\/ipark-santiago-de-compostela-parking-granvia\/abono-libre-9h\/"]}]},{"@type":"BreadcrumbList","@id":"https:\/\/iparksa.com\/pt-pt\/ipark-santiago-de-compostela-parking-granvia\/abono-libre-9h\/#breadcrumb","itemListElement":[{"@type":"ListItem","position":1,"name":"Portada","item":"https:\/\/iparksa.com\/pt-pt\/"},{"@type":"ListItem","position":2,"name":"Parque de estacionamento Gran Via Santiago","item":"https:\/\/iparksa.com\/pt-pt\/ipark-santiago-de-compostela-parking-granvia\/"},{"@type":"ListItem","position":3,"name":"Passe Livre 9h Gran Via Santiago"}]},{"@type":"WebSite","@id":"https:\/\/iparksa.com\/pt-pt\/#website","url":"https:\/\/iparksa.com\/pt-pt\/","name":"iPark","description":"Gesti\u00f3n de aparcamientos","potentialAction":[{"@type":"SearchAction","target":{"@type":"EntryPoint","urlTemplate":"https:\/\/iparksa.com\/pt-pt\/?s={search_term_string}"},"query-input":{"@type":"PropertyValueSpecification","valueRequired":true,"valueName":"search_term_string"}}],"inLanguage":"pt-PT"}]}},"_links":{"self":[{"href":"https:\/\/iparksa.com\/pt-pt\/wp-json\/wp\/v2\/pages\/12277","targetHints":{"allow":["GET"]}}],"collection":[{"href":"https:\/\/iparksa.com\/pt-pt\/wp-json\/wp\/v2\/pages"}],"about":[{"href":"https:\/\/iparksa.com\/pt-pt\/wp-json\/wp\/v2\/types\/page"}],"author":[{"embeddable":true,"href":"https:\/\/iparksa.com\/pt-pt\/wp-json\/wp\/v2\/users\/3"}],"replies":[{"embeddable":true,"href":"https:\/\/iparksa.com\/pt-pt\/wp-json\/wp\/v2\/comments?post=12277"}],"version-history":[{"count":3,"href":"https:\/\/iparksa.com\/pt-pt\/wp-json\/wp\/v2\/pages\/12277\/revisions"}],"predecessor-version":[{"id":15964,"href":"https:\/\/iparksa.com\/pt-pt\/wp-json\/wp\/v2\/pages\/12277\/revisions\/15964"}],"up":[{"embeddable":true,"href":"https:\/\/iparksa.com\/pt-pt\/wp-json\/wp\/v2\/pages\/12246"}],"wp:attachment":[{"href":"https:\/\/iparksa.com\/pt-pt\/wp-json\/wp\/v2\/media?parent=12277"}],"wp:term":[{"taxonomy":"wf_page_folders","embeddable":true,"href":"https:\/\/iparksa.com\/pt-pt\/wp-json\/wp\/v2\/wf_page_folders?post=12277"}],"curies":[{"name":"wp","href":"https:\/\/api.w.org\/{rel}","templated":true}]}}